{"id":13638,"date":"2024-06-10T04:22:48","date_gmt":"2024-06-10T04:22:48","guid":{"rendered":"http:\/\/hexexist.com\/sss\/"},"modified":"2025-11-27T08:34:44","modified_gmt":"2025-11-27T08:34:44","slug":"sss","status":"publish","type":"page","link":"https:\/\/hexexist.com\/tr\/sss\/","title":{"rendered":"SSS"},"content":{"rendered":"\t\t<div data-elementor-type=\"wp-page\" data-elementor-id=\"13638\" class=\"elementor elementor-13638 elementor-2096\" data-elementor-post-type=\"page\">\n\t\t\t\t<div class=\"elementor-element elementor-element-f512a0c e-flex e-con-boxed e-con e-parent\" data-id=\"f512a0c\" data-element_type=\"container\" data-e-type=\"container\">\n\t\t\t\t\t<div class=\"e-con-inner\">\n\t\t<div class=\"elementor-element elementor-element-47f45d6 e-con-full e-flex e-con e-child\" data-id=\"47f45d6\" data-element_type=\"container\" data-e-type=\"container\">\n\t\t\t\t<div class=\"elementor-element elementor-element-d9d8c8d elementor-widget-mobile__width-inherit animated-slow elementor-invisible elementor-widget elementor-widget-heading\" data-id=\"d9d8c8d\" data-element_type=\"widget\" data-e-type=\"widget\" data-settings=\"{&quot;_animation&quot;:&quot;zoomIn&quot;}\" data-widget_type=\"heading.default\">\n\t\t\t\t<div class=\"elementor-widget-container\">\n\t\t\t\t\t<h1 class=\"elementor-heading-title elementor-size-default\">S\u0131k\u00e7a sorulan soru!<\/h1>\t\t\t\t<\/div>\n\t\t\t\t<\/div>\n\t\t<div class=\"elementor-element elementor-element-38949d4 e-flex e-con-boxed e-con e-child\" data-id=\"38949d4\" data-element_type=\"container\" data-e-type=\"container\">\n\t\t\t\t\t<div class=\"e-con-inner\">\n\t\t\t\t<div class=\"elementor-element elementor-element-2a1e119 elementor-widget__width-initial animated-slow elementor-invisible elementor-widget elementor-widget-text-editor\" data-id=\"2a1e119\" data-element_type=\"widget\" data-e-type=\"widget\" data-settings=\"{&quot;_animation&quot;:&quot;zoomIn&quot;}\" data-widget_type=\"text-editor.default\">\n\t\t\t\t<div class=\"elementor-widget-container\">\n\t\t\t\t\t\t\t\t\t<p>Temalar\u0131m\u0131z, eklentilerimiz ve lisanslar\u0131m\u0131zla ilgili en s\u0131k sorulan sorulara h\u0131zl\u0131 yan\u0131tlar al\u0131n.<br \/>Deneyiminizi basit, \u015feffaf ve zahmetsiz hale getirmek i\u00e7in buraday\u0131z.<\/p>\t\t\t\t\t\t\t\t<\/div>\n\t\t\t\t<\/div>\n\t\t\t\t\t<\/div>\n\t\t\t\t<\/div>\n\t\t\t\t<div class=\"elementor-element elementor-element-fe7591d animated-slow elementor-invisible elementor-widget elementor-widget-accordion\" data-id=\"fe7591d\" data-element_type=\"widget\" data-e-type=\"widget\" data-settings=\"{&quot;_animation&quot;:&quot;zoomIn&quot;}\" data-widget_type=\"accordion.skin-wcf-accordion\">\n\t\t\t\t<div class=\"elementor-widget-container\">\n\t\t\t\t\t        <style>\r\n            .wcf--inner--accrodion--body {\r\n                gap: 60px;\r\n                display: -webkit-box;\r\n                display: -ms-flexbox;\r\n                display: flex;\r\n                padding: 0;\r\n                padding-top: 10px;\r\n                padding-bottom: 25px;\r\n            }\r\n\r\n            .elementor-accordion-item {\r\n                overflow: hidden;\r\n                position: relative;\r\n            }\r\n\r\n\r\n        <\/style>\r\n        <div class=\"elementor-accordion\" data-active=\"yes\">\r\n\t\t\t            <div class=\"elementor-accordion-item\">\r\n                <div id=\"elementor-tab-title-2661\" class=\"elementor-tab-title\" data-active=\"yes\" data-indexkey=\"fe7591d_0\"                >\r\n\t\t\t\t                    <span class=\"elementor-accordion-icon elementor-accordion-icon-right\"\r\n                          aria-hidden=\"true\">\r\n\t\t\t\t\t\t\t                                <span class=\"elementor-accordion-icon-closed\"><i class=\"arolax-theme arolax-wcf-icon icon-wcf-wcf-plus\"><\/i><\/span>\r\n                                <span class=\"elementor-accordion-icon-opened\"><i class=\"binox-theme wcftheme-wcf-icon icon-wcf-minus\"><\/i><\/span>\r\n\t\t\t\t\t\t\t\t\t\t\t\t\t\t<\/span>\r\n\t\t\t\t                <div class=\"elementor-accordion-title\" tabindex=\"0\">\r\n\t\t\t\t\t                        <span class=\"elementor-accordion-title-icon\"><\/span>\r\n\t\t\t\t\t\t\t\t\t\tHexexist nedir?\t\t\t\t\t                <\/div>\r\n            <\/div>\r\n            <div id=\"elementor-tab-content-2661\" class=\"elementor-tab-content elementor-clearfix\" data-active=\"yes\" data-indexkey=\"fe7591d_0\">\r\n                <div class=\"wcf--inner--accrodion--body\">\r\n\t\t\t\t\t                    <div class=\"wcf--content\"><p><strong>Hexexist<\/strong>, WordPress temalar\u0131 ve eklentileri, PHP betikleri, JavaScript, HTML \u015fablonlar\u0131 vb. dahil olmak \u00fczere web sitelerinin geli\u015ftirilmesi i\u00e7in gerekli olan bir\u00e7ok premium \u00fcr\u00fcn\u00fc (yaz\u0131l\u0131m) geli\u015ftiricilerden daha d\u00fc\u015f\u00fck bir maliyetle sa\u011flayan bir web sitesidir.<\/p><\/div>\r\n                <\/div>\r\n            <\/div>\r\n        <\/div>\r\n\t            <div class=\"elementor-accordion-item\">\r\n                <div id=\"elementor-tab-title-2662\" class=\"elementor-tab-title\" data-active=\"\" data-indexkey=\"fe7591d_1\"                >\r\n\t\t\t\t                    <span class=\"elementor-accordion-icon elementor-accordion-icon-right\"\r\n                          aria-hidden=\"true\">\r\n\t\t\t\t\t\t\t                                <span class=\"elementor-accordion-icon-closed\"><i class=\"arolax-theme arolax-wcf-icon icon-wcf-wcf-plus\"><\/i><\/span>\r\n                                <span class=\"elementor-accordion-icon-opened\"><i class=\"binox-theme wcftheme-wcf-icon icon-wcf-minus\"><\/i><\/span>\r\n\t\t\t\t\t\t\t\t\t\t\t\t\t\t<\/span>\r\n\t\t\t\t                <div class=\"elementor-accordion-title\" tabindex=\"0\">\r\n\t\t\t\t\t                        <span class=\"elementor-accordion-title-icon\"><\/span>\r\n\t\t\t\t\t\t\t\t\t\tSat\u0131n alma fiyat\u0131m\u0131z neden daha d\u00fc\u015f\u00fck?\t\t\t\t\t                <\/div>\r\n            <\/div>\r\n            <div id=\"elementor-tab-content-2662\" class=\"elementor-tab-content elementor-clearfix\" data-active=\"\" data-indexkey=\"fe7591d_1\">\r\n                <div class=\"wcf--inner--accrodion--body\">\r\n\t\t\t\t\t                    <div class=\"wcf--content\"><p>- Eklentiler ve temalar gibi t\u00fcm WordPress \u00fcr\u00fcnleri Genel Kamu Lisans\u0131 (GPL) kapsam\u0131nda lisanslanm\u0131\u015ft\u0131r.<\/p><p>- Bu, \u00fcr\u00fcn\u00fc sat\u0131n ald\u0131ktan sonra, diledi\u011fimiz takdirde yeniden da\u011f\u0131tabilece\u011fimiz anlam\u0131na gelir.<\/p><p>- Sitemizden yapt\u0131\u011f\u0131n\u0131z al\u0131\u015fveri\u015f, \u00fc\u00e7\u00fcnc\u00fc taraf tema ve eklenti geli\u015ftiricilerine yeni \u00fcr\u00fcn sat\u0131n alma ve bak\u0131m\u0131n\u0131 yapma olana\u011f\u0131 sa\u011flar.<\/p><p>- Bu kitle fonlamas\u0131 y\u00f6ntemi, fiyatlar\u0131 d\u00fc\u015f\u00fck tutmam\u0131za yard\u0131mc\u0131 olur ve bu avantaj\u0131 size aktarabiliriz.<\/p><p>- \u00dcr\u00fcnlerimiz premium destek i\u00e7ermez. Bu nedenle, olmazsa olmaz ticari WordPress eklentilerinde %95'e varan indirimler sunabiliyoruz.<\/p><\/div>\r\n                <\/div>\r\n            <\/div>\r\n        <\/div>\r\n\t            <div class=\"elementor-accordion-item\">\r\n                <div id=\"elementor-tab-title-2663\" class=\"elementor-tab-title\" data-active=\"\" data-indexkey=\"fe7591d_2\"                >\r\n\t\t\t\t                    <span class=\"elementor-accordion-icon elementor-accordion-icon-right\"\r\n                          aria-hidden=\"true\">\r\n\t\t\t\t\t\t\t                                <span class=\"elementor-accordion-icon-closed\"><i class=\"arolax-theme arolax-wcf-icon icon-wcf-wcf-plus\"><\/i><\/span>\r\n                                <span class=\"elementor-accordion-icon-opened\"><i class=\"binox-theme wcftheme-wcf-icon icon-wcf-minus\"><\/i><\/span>\r\n\t\t\t\t\t\t\t\t\t\t\t\t\t\t<\/span>\r\n\t\t\t\t                <div class=\"elementor-accordion-title\" tabindex=\"0\">\r\n\t\t\t\t\t                        <span class=\"elementor-accordion-title-icon\"><\/span>\r\n\t\t\t\t\t\t\t\t\t\tNeden web sitenizdeki \u00fcr\u00fcnleri sat\u0131n almal\u0131y\u0131m?\t\t\t\t\t                <\/div>\r\n            <\/div>\r\n            <div id=\"elementor-tab-content-2663\" class=\"elementor-tab-content elementor-clearfix\" data-active=\"\" data-indexkey=\"fe7591d_2\">\r\n                <div class=\"wcf--inner--accrodion--body\">\r\n\t\t\t\t\t                    <div class=\"wcf--content\"><p>- Daha d\u00fc\u015f\u00fck fiyat.<\/p><p>- K\u00f6t\u00fc ama\u00e7l\u0131 yaz\u0131l\u0131m, vir\u00fcs veya reklam i\u00e7ermeyen orijinal dosyalar.<\/p><p>- T\u00fcm \u00fcr\u00fcnler s\u0131n\u0131rs\u0131z say\u0131da web sitesinde (alan ad\u0131nda) \u00e7al\u0131\u015f\u0131r (s\u0131n\u0131rs\u0131z lisans).<\/p><p>- T\u00fcm \u00fcr\u00fcnlere do\u011frudan ba\u011flant\u0131larla eri\u015filebilir.<\/p><p>- \u00dcr\u00fcnleri d\u00fczenli olarak g\u00fcncelliyor ve ba\u015fka hi\u00e7bir yerde bulunmas\u0131 zor olan yeni \u00fcr\u00fcnler ekliyoruz!<\/p><\/div>\r\n                <\/div>\r\n            <\/div>\r\n        <\/div>\r\n\t            <div class=\"elementor-accordion-item\">\r\n                <div id=\"elementor-tab-title-2664\" class=\"elementor-tab-title\" data-active=\"\" data-indexkey=\"fe7591d_3\"                >\r\n\t\t\t\t                    <span class=\"elementor-accordion-icon elementor-accordion-icon-right\"\r\n                          aria-hidden=\"true\">\r\n\t\t\t\t\t\t\t                                <span class=\"elementor-accordion-icon-closed\"><i class=\"arolax-theme arolax-wcf-icon icon-wcf-wcf-plus\"><\/i><\/span>\r\n                                <span class=\"elementor-accordion-icon-opened\"><i class=\"binox-theme wcftheme-wcf-icon icon-wcf-minus\"><\/i><\/span>\r\n\t\t\t\t\t\t\t\t\t\t\t\t\t\t<\/span>\r\n\t\t\t\t                <div class=\"elementor-accordion-title\" tabindex=\"0\">\r\n\t\t\t\t\t                        <span class=\"elementor-accordion-title-icon\"><\/span>\r\n\t\t\t\t\t\t\t\t\t\tSat\u0131n alma i\u015flemi nas\u0131l yap\u0131l\u0131r?\t\t\t\t\t                <\/div>\r\n            <\/div>\r\n            <div id=\"elementor-tab-content-2664\" class=\"elementor-tab-content elementor-clearfix\" data-active=\"\" data-indexkey=\"fe7591d_3\">\r\n                <div class=\"wcf--inner--accrodion--body\">\r\n\t\t\t\t\t                    <div class=\"wcf--content\"><p>Sitemizden al\u0131\u015fveri\u015f yapabilmeniz i\u00e7in \u00f6ncelikle bu sayfadan Kay\u0131t Ol butonuna t\u0131klayarak kay\u0131t olman\u0131z gerekmektedir. Hesab\u0131n\u0131za giri\u015f yapt\u0131ktan sonra sepetinizden \u00fcr\u00fcnleri sipari\u015f edebilir ve \u00f6demenizi mevcut \u00f6deme sistemlerinden biri ile yapabilirsiniz.<\/p><\/div>\r\n                <\/div>\r\n            <\/div>\r\n        <\/div>\r\n\t            <div class=\"elementor-accordion-item\">\r\n                <div id=\"elementor-tab-title-2665\" class=\"elementor-tab-title\" data-active=\"\" data-indexkey=\"fe7591d_4\"                >\r\n\t\t\t\t                    <span class=\"elementor-accordion-icon elementor-accordion-icon-right\"\r\n                          aria-hidden=\"true\">\r\n\t\t\t\t\t\t\t                                <span class=\"elementor-accordion-icon-closed\"><i class=\"arolax-theme arolax-wcf-icon icon-wcf-wcf-plus\"><\/i><\/span>\r\n                                <span class=\"elementor-accordion-icon-opened\"><i class=\"binox-theme wcftheme-wcf-icon icon-wcf-minus\"><\/i><\/span>\r\n\t\t\t\t\t\t\t\t\t\t\t\t\t\t<\/span>\r\n\t\t\t\t                <div class=\"elementor-accordion-title\" tabindex=\"0\">\r\n\t\t\t\t\t                        <span class=\"elementor-accordion-title-icon\"><\/span>\r\n\t\t\t\t\t\t\t\t\t\tHangi \u00f6deme sistemleri mevcuttur?\t\t\t\t\t                <\/div>\r\n            <\/div>\r\n            <div id=\"elementor-tab-content-2665\" class=\"elementor-tab-content elementor-clearfix\" data-active=\"\" data-indexkey=\"fe7591d_4\">\r\n                <div class=\"wcf--inner--accrodion--body\">\r\n\t\t\t\t\t                    <div class=\"wcf--content\"><div class=\"card single-faq\"><div id=\"collapse_5eidmart6900b911444be\" class=\"collapse show\" role=\"tabpanel\" data-parent=\"#accordion1\"><div class=\"card-body\"><p>Kredi Kart\u0131 ile \u00f6demeyi destekliyoruz, di\u011fer \u00f6deme y\u00f6ntemleri i\u00e7in l\u00fctfen bizimle ileti\u015fime ge\u00e7in.<\/p><\/div><\/div><\/div><\/div>\r\n                <\/div>\r\n            <\/div>\r\n        <\/div>\r\n\t            <div class=\"elementor-accordion-item\">\r\n                <div id=\"elementor-tab-title-2666\" class=\"elementor-tab-title\" data-active=\"\" data-indexkey=\"fe7591d_5\"                >\r\n\t\t\t\t                    <span class=\"elementor-accordion-icon elementor-accordion-icon-right\"\r\n                          aria-hidden=\"true\">\r\n\t\t\t\t\t\t\t                                <span class=\"elementor-accordion-icon-closed\"><i class=\"arolax-theme arolax-wcf-icon icon-wcf-wcf-plus\"><\/i><\/span>\r\n                                <span class=\"elementor-accordion-icon-opened\"><i class=\"binox-theme wcftheme-wcf-icon icon-wcf-minus\"><\/i><\/span>\r\n\t\t\t\t\t\t\t\t\t\t\t\t\t\t<\/span>\r\n\t\t\t\t                <div class=\"elementor-accordion-title\" tabindex=\"0\">\r\n\t\t\t\t\t                        <span class=\"elementor-accordion-title-icon\"><\/span>\r\n\t\t\t\t\t\t\t\t\t\tSipari\u015flerim ve indirilebilir i\u00e7erikler hakk\u0131nda bilgiyi nerede bulabilirim?\t\t\t\t\t                <\/div>\r\n            <\/div>\r\n            <div id=\"elementor-tab-content-2666\" class=\"elementor-tab-content elementor-clearfix\" data-active=\"\" data-indexkey=\"fe7591d_5\">\r\n                <div class=\"wcf--inner--accrodion--body\">\r\n\t\t\t\t\t                    <div class=\"wcf--content\"><div class=\"card single-faq\"><div id=\"collapse_6eidmart68e6143f83b63\" class=\"collapse show\" role=\"tabpanel\" data-parent=\"#accordion1\"><div class=\"card-body\"><div class=\"card single-faq\"><div id=\"collapse_6eidmart6900b911444be\" class=\"collapse show\" role=\"tabpanel\" data-parent=\"#accordion1\"><div class=\"card-body\"><p>Hesap sayfan\u0131zda gerekli t\u00fcm bilgilere ula\u015fabilirsiniz<\/p><\/div><\/div><\/div><\/div><\/div><\/div><\/div>\r\n                <\/div>\r\n            <\/div>\r\n        <\/div>\r\n\t            <div class=\"elementor-accordion-item\">\r\n                <div id=\"elementor-tab-title-2667\" class=\"elementor-tab-title\" data-active=\"\" data-indexkey=\"fe7591d_6\"                >\r\n\t\t\t\t                    <span class=\"elementor-accordion-icon elementor-accordion-icon-right\"\r\n                          aria-hidden=\"true\">\r\n\t\t\t\t\t\t\t                                <span class=\"elementor-accordion-icon-closed\"><i class=\"arolax-theme arolax-wcf-icon icon-wcf-wcf-plus\"><\/i><\/span>\r\n                                <span class=\"elementor-accordion-icon-opened\"><i class=\"binox-theme wcftheme-wcf-icon icon-wcf-minus\"><\/i><\/span>\r\n\t\t\t\t\t\t\t\t\t\t\t\t\t\t<\/span>\r\n\t\t\t\t                <div class=\"elementor-accordion-title\" tabindex=\"0\">\r\n\t\t\t\t\t                        <span class=\"elementor-accordion-title-icon\"><\/span>\r\n\t\t\t\t\t\t\t\t\t\tPara iadesi alabilir miyim?\t\t\t\t\t                <\/div>\r\n            <\/div>\r\n            <div id=\"elementor-tab-content-2667\" class=\"elementor-tab-content elementor-clearfix\" data-active=\"\" data-indexkey=\"fe7591d_6\">\r\n                <div class=\"wcf--inner--accrodion--body\">\r\n\t\t\t\t\t                    <div class=\"wcf--content\"><div class=\"card single-faq\"><div id=\"collapse_7eidmart68e6143f83b63\" class=\"collapse show\" role=\"tabpanel\" data-parent=\"#accordion1\"><div class=\"card-body\"><div class=\"card single-faq\"><div id=\"collapse_7eidmart6900b911444be\" class=\"collapse show\" role=\"tabpanel\" data-parent=\"#accordion1\"><div class=\"card-body\"><p>Sat\u0131n alma tarihinden itibaren 14 g\u00fcn i\u00e7inde iade imkan\u0131 sunuyoruz. \u0130ade edilen tutar, sat\u0131n alma i\u015fleminde kullan\u0131lan \u00f6deme y\u00f6ntemine iade edilecektir.<\/p><p>\u0130ade Politikam\u0131z hakk\u0131nda herhangi bir sorunuz veya endi\u015feniz varsa, l\u00fctfen bizimle ileti\u015fime ge\u00e7in.<\/p><\/div><\/div><\/div><\/div><\/div><\/div><\/div>\r\n                <\/div>\r\n            <\/div>\r\n        <\/div>\r\n\t            <div class=\"elementor-accordion-item\">\r\n                <div id=\"elementor-tab-title-2668\" class=\"elementor-tab-title\" data-active=\"\" data-indexkey=\"fe7591d_7\"                >\r\n\t\t\t\t                    <span class=\"elementor-accordion-icon elementor-accordion-icon-right\"\r\n                          aria-hidden=\"true\">\r\n\t\t\t\t\t\t\t                                <span class=\"elementor-accordion-icon-closed\"><i class=\"arolax-theme arolax-wcf-icon icon-wcf-wcf-plus\"><\/i><\/span>\r\n                                <span class=\"elementor-accordion-icon-opened\"><i class=\"binox-theme wcftheme-wcf-icon icon-wcf-minus\"><\/i><\/span>\r\n\t\t\t\t\t\t\t\t\t\t\t\t\t\t<\/span>\r\n\t\t\t\t                <div class=\"elementor-accordion-title\" tabindex=\"0\">\r\n\t\t\t\t\t                        <span class=\"elementor-accordion-title-icon\"><\/span>\r\n\t\t\t\t\t\t\t\t\t\tSat\u0131n ald\u0131\u011f\u0131m \u00fcr\u00fcnleri ne kadar s\u00fcre boyunca \u00fccretsiz indirebilir ve g\u00fcncelleyebilirim?\t\t\t\t\t                <\/div>\r\n            <\/div>\r\n            <div id=\"elementor-tab-content-2668\" class=\"elementor-tab-content elementor-clearfix\" data-active=\"\" data-indexkey=\"fe7591d_7\">\r\n                <div class=\"wcf--inner--accrodion--body\">\r\n\t\t\t\t\t                    <div class=\"wcf--content\"><p>Sat\u0131n ald\u0131\u011f\u0131n\u0131z \u00fcr\u00fcnler i\u00e7in, sat\u0131n alma tarihinden itibaren bir y\u0131l boyunca \u00fccretsiz g\u00fcncellemeleri indirebilirsiniz. Bu s\u00fcrenin sonunda eri\u015fim kapat\u0131lacakt\u0131r.<\/p><\/div>\r\n                <\/div>\r\n            <\/div>\r\n        <\/div>\r\n\t\t\t        <\/div>\r\n\t\t\t\t\t\t<\/div>\n\t\t\t\t<\/div>\n\t\t\t\t<\/div>\n\t\t\t\t\t<\/div>\n\t\t\t\t<\/div>\n\t\t\t\t<\/div>\n\t\t","protected":false},"excerpt":{"rendered":"<p>S\u0131k\u00e7a sorulan soru! Temalar\u0131m\u0131z, eklentilerimiz ve lisanslar\u0131m\u0131zla ilgili en s\u0131k sorulan sorulara h\u0131zl\u0131 yan\u0131tlar al\u0131n.Deneyiminizi basit, \u015feffaf ve zahmetsiz hale getirmek i\u00e7in buraday\u0131z. Hexexist nedir? Hexexist, WordPress temalar\u0131 ve eklentileri, PHP betikleri, JavaScript, HTML \u015fablonlar\u0131 vb. dahil olmak \u00fczere web sitelerinin geli\u015ftirilmesi i\u00e7in gerekli olan bir\u00e7ok premium \u00fcr\u00fcn\u00fc (yaz\u0131l\u0131m) geli\u015ftiricilerden daha d\u00fc\u015f\u00fck bir maliyetle sa\u011flayan [&hellip;]<\/p>\n","protected":false},"author":1,"featured_media":0,"parent":0,"menu_order":0,"comment_status":"closed","ping_status":"closed","template":"elementor_header_footer","meta":{"footnotes":""},"class_list":["post-13638","page","type-page","status-publish","hentry"],"_links":{"self":[{"href":"https:\/\/hexexist.com\/tr\/wp-json\/wp\/v2\/pages\/13638","targetHints":{"allow":["GET"]}}],"collection":[{"href":"https:\/\/hexexist.com\/tr\/wp-json\/wp\/v2\/pages"}],"about":[{"href":"https:\/\/hexexist.com\/tr\/wp-json\/wp\/v2\/types\/page"}],"author":[{"embeddable":true,"href":"https:\/\/hexexist.com\/tr\/wp-json\/wp\/v2\/users\/1"}],"replies":[{"embeddable":true,"href":"https:\/\/hexexist.com\/tr\/wp-json\/wp\/v2\/comments?post=13638"}],"version-history":[{"count":7,"href":"https:\/\/hexexist.com\/tr\/wp-json\/wp\/v2\/pages\/13638\/revisions"}],"predecessor-version":[{"id":15282,"href":"https:\/\/hexexist.com\/tr\/wp-json\/wp\/v2\/pages\/13638\/revisions\/15282"}],"wp:attachment":[{"href":"https:\/\/hexexist.com\/tr\/wp-json\/wp\/v2\/media?parent=13638"}],"curies":[{"name":"wp","href":"https:\/\/api.w.org\/{rel}","templated":true}]}}