{"id":13656,"date":"2025-10-13T13:54:21","date_gmt":"2025-10-13T13:54:21","guid":{"rendered":"http:\/\/hexexist.com\/ortaklar\/"},"modified":"2025-11-27T09:11:50","modified_gmt":"2025-11-27T09:11:50","slug":"ortaklar","status":"publish","type":"page","link":"https:\/\/hexexist.com\/tr\/ortaklar\/","title":{"rendered":"Ortaklar"},"content":{"rendered":"\t\t<div data-elementor-type=\"wp-page\" data-elementor-id=\"13656\" class=\"elementor elementor-13656 elementor-12274\" data-elementor-post-type=\"page\">\n\t\t\t\t<div class=\"elementor-element elementor-element-eb5ccf0 e-flex e-con-boxed e-con e-parent\" data-id=\"eb5ccf0\" data-element_type=\"container\" data-e-type=\"container\">\n\t\t\t\t\t<div class=\"e-con-inner\">\n\t\t\t\t<div class=\"elementor-element elementor-element-c7d4494 animated-slow elementor-invisible elementor-widget elementor-widget-heading\" data-id=\"c7d4494\" data-element_type=\"widget\" data-e-type=\"widget\" data-settings=\"{&quot;_animation&quot;:&quot;fadeInUp&quot;}\" data-widget_type=\"heading.default\">\n\t\t\t\t<div class=\"elementor-widget-container\">\n\t\t\t\t\t<h1 class=\"elementor-heading-title elementor-size-default\">Hexexist ile ortak olun<\/h1>\t\t\t\t<\/div>\n\t\t\t\t<\/div>\n\t\t\t\t<div class=\"elementor-element elementor-element-b726161 animated-slow elementor-invisible elementor-widget elementor-widget-text-editor\" data-id=\"b726161\" data-element_type=\"widget\" data-e-type=\"widget\" data-settings=\"{&quot;_animation&quot;:&quot;fadeInUp&quot;}\" data-widget_type=\"text-editor.default\">\n\t\t\t\t<div class=\"elementor-widget-container\">\n\t\t\t\t\t\t\t\t\t<p data-start=\"172\" data-end=\"283\">D\u00fcnya \u00e7ap\u0131nda binlerce kullan\u0131c\u0131ya g\u00fc\u00e7 veren etkili WordPress \u00e7\u00f6z\u00fcmleri yaratarak birlikte b\u00fcy\u00fcyelim.<\/p>\t\t\t\t\t\t\t\t<\/div>\n\t\t\t\t<\/div>\n\t\t\t\t\t<\/div>\n\t\t\t\t<\/div>\n\t\t<div class=\"elementor-element elementor-element-f756baa e-flex e-con-boxed e-con e-parent\" data-id=\"f756baa\" data-element_type=\"container\" data-e-type=\"container\">\n\t\t\t\t\t<div class=\"e-con-inner\">\n\t\t\t\t<div class=\"elementor-element elementor-element-668de4a animated-slow elementor-invisible elementor-widget elementor-widget-heading\" data-id=\"668de4a\" data-element_type=\"widget\" data-e-type=\"widget\" data-settings=\"{&quot;_animation&quot;:&quot;fadeInUp&quot;}\" data-widget_type=\"heading.default\">\n\t\t\t\t<div class=\"elementor-widget-container\">\n\t\t\t\t\t<h3 class=\"elementor-heading-title elementor-size-default\">Ortaklar\u0131m\u0131z\n<\/h3>\t\t\t\t<\/div>\n\t\t\t\t<\/div>\n\t\t\t\t<div class=\"elementor-element elementor-element-202cd61 animated-slow elementor-invisible elementor-widget elementor-widget-text-editor\" data-id=\"202cd61\" data-element_type=\"widget\" data-e-type=\"widget\" data-settings=\"{&quot;_animation&quot;:&quot;fadeInUp&quot;}\" data-widget_type=\"text-editor.default\">\n\t\t\t\t<div class=\"elementor-widget-container\">\n\t\t\t\t\t\t\t\t\t<p data-start=\"186\" data-end=\"242\">Birlikte \u00e7al\u0131\u015ft\u0131\u011f\u0131m\u0131z muhte\u015fem markalar\u0131 ve i\u015f ortaklar\u0131n\u0131 ke\u015ffedin.<\/p>\t\t\t\t\t\t\t\t<\/div>\n\t\t\t\t<\/div>\n\t\t\t\t\t<\/div>\n\t\t\t\t<\/div>\n\t\t<div class=\"elementor-element elementor-element-3a8f485 animated-slow e-flex e-con-boxed elementor-invisible e-con e-parent\" data-id=\"3a8f485\" data-element_type=\"container\" data-e-type=\"container\" data-settings=\"{&quot;animation&quot;:&quot;fadeInUp&quot;}\">\n\t\t\t\t\t<div class=\"e-con-inner\">\n\t\t<div class=\"elementor-element elementor-element-17d4098 e-con-full e-flex e-con e-child\" data-id=\"17d4098\" data-element_type=\"container\" data-e-type=\"container\">\n\t\t\t\t<div class=\"elementor-element elementor-element-7bbfe2c elementor-widget elementor-widget-image\" data-id=\"7bbfe2c\" data-element_type=\"widget\" data-e-type=\"widget\" data-widget_type=\"image.default\">\n\t\t\t\t<div class=\"elementor-widget-container\">\n\t\t\t\t\t\t\t\t\t\t\t\t\t\t\t<img fetchpriority=\"high\" decoding=\"async\" width=\"504\" height=\"285\" src=\"https:\/\/hexexist.com\/wp-content\/uploads\/2025\/10\/themeforest.png\" class=\"attachment-large size-large wp-image-13437\" alt=\"\" srcset=\"https:\/\/hexexist.com\/wp-content\/uploads\/2025\/10\/themeforest.png 504w, https:\/\/hexexist.com\/wp-content\/uploads\/2025\/10\/themeforest-300x170.png 300w, https:\/\/hexexist.com\/wp-content\/uploads\/2025\/10\/themeforest-350x198.png 350w\" sizes=\"(max-width: 504px) 100vw, 504px\" \/>\t\t\t\t\t\t\t\t\t\t\t\t\t\t\t<\/div>\n\t\t\t\t<\/div>\n\t\t\t\t<div class=\"elementor-element elementor-element-d3f6710 animated-slow elementor-invisible elementor-widget elementor-widget-text-editor\" data-id=\"d3f6710\" data-element_type=\"widget\" data-e-type=\"widget\" data-settings=\"{&quot;_animation&quot;:&quot;fadeInUp&quot;}\" data-widget_type=\"text-editor.default\">\n\t\t\t\t<div class=\"elementor-widget-container\">\n\t\t\t\t\t\t\t\t\t<p><span class=\"codefusion-partners-item-desc\">ThemeForest, tasar\u0131mc\u0131lar\u0131n ve geli\u015ftiricilerin WordPress, HTML, Joomla, Drupal vb. i\u00e7in web sitesi temalar\u0131 ve \u015fablonlar\u0131 al\u0131p satabilecekleri \u00e7evrimi\u00e7i bir pazard\u0131r (Envato Market&#8217;in bir par\u00e7as\u0131).<\/span><\/p>\t\t\t\t\t\t\t\t<\/div>\n\t\t\t\t<\/div>\n\t\t\t\t<\/div>\n\t\t<div class=\"elementor-element elementor-element-c10593d e-con-full e-flex e-con e-child\" data-id=\"c10593d\" data-element_type=\"container\" data-e-type=\"container\">\n\t\t\t\t<div class=\"elementor-element elementor-element-fc1dfce elementor-widget elementor-widget-image\" data-id=\"fc1dfce\" data-element_type=\"widget\" data-e-type=\"widget\" data-widget_type=\"image.default\">\n\t\t\t\t<div class=\"elementor-widget-container\">\n\t\t\t\t\t\t\t\t\t\t\t\t\t\t\t<img decoding=\"async\" width=\"504\" height=\"359\" src=\"https:\/\/hexexist.com\/wp-content\/uploads\/2025\/10\/elegant.png\" class=\"attachment-large size-large wp-image-13438\" alt=\"\" srcset=\"https:\/\/hexexist.com\/wp-content\/uploads\/2025\/10\/elegant.png 504w, https:\/\/hexexist.com\/wp-content\/uploads\/2025\/10\/elegant-300x214.png 300w, https:\/\/hexexist.com\/wp-content\/uploads\/2025\/10\/elegant-350x249.png 350w\" sizes=\"(max-width: 504px) 100vw, 504px\" \/>\t\t\t\t\t\t\t\t\t\t\t\t\t\t\t<\/div>\n\t\t\t\t<\/div>\n\t\t\t\t<div class=\"elementor-element elementor-element-b310469 animated-slow elementor-invisible elementor-widget elementor-widget-text-editor\" data-id=\"b310469\" data-element_type=\"widget\" data-e-type=\"widget\" data-settings=\"{&quot;_animation&quot;:&quot;fadeInUp&quot;}\" data-widget_type=\"text-editor.default\">\n\t\t\t\t<div class=\"elementor-widget-container\">\n\t\t\t\t\t\t\t\t\t<p><span class=\"codefusion-partners-item-desc\">Elegant Themes, bir \u00fcyelik modeli alt\u0131nda paketlenmi\u015f premium WordPress temalar\u0131 ve eklentileri geli\u015ftiren bir \u015firkettir. \u015eirketin amiral gemisi \u00fcr\u00fcn\u00fc, kullan\u0131c\u0131lar\u0131n kodlama yapmadan web siteleri tasarlamas\u0131na olanak tan\u0131yan g\u00f6rsel bir s\u00fcr\u00fckle ve b\u0131rak temas\u0131 + olu\u015fturucu olan Divi&#8217;dir.<\/span><\/p>\t\t\t\t\t\t\t\t<\/div>\n\t\t\t\t<\/div>\n\t\t\t\t<\/div>\n\t\t<div class=\"elementor-element elementor-element-8d3176b e-con-full e-flex e-con e-child\" data-id=\"8d3176b\" data-element_type=\"container\" data-e-type=\"container\">\n\t\t\t\t<div class=\"elementor-element elementor-element-33e8418 elementor-widget elementor-widget-image\" data-id=\"33e8418\" data-element_type=\"widget\" data-e-type=\"widget\" data-widget_type=\"image.default\">\n\t\t\t\t<div class=\"elementor-widget-container\">\n\t\t\t\t\t\t\t\t\t\t\t\t\t\t\t<img decoding=\"async\" width=\"504\" height=\"285\" src=\"https:\/\/hexexist.com\/wp-content\/uploads\/2025\/10\/stylemix.png\" class=\"attachment-large size-large wp-image-13439\" alt=\"\" srcset=\"https:\/\/hexexist.com\/wp-content\/uploads\/2025\/10\/stylemix.png 504w, https:\/\/hexexist.com\/wp-content\/uploads\/2025\/10\/stylemix-300x170.png 300w, https:\/\/hexexist.com\/wp-content\/uploads\/2025\/10\/stylemix-350x198.png 350w\" sizes=\"(max-width: 504px) 100vw, 504px\" \/>\t\t\t\t\t\t\t\t\t\t\t\t\t\t\t<\/div>\n\t\t\t\t<\/div>\n\t\t\t\t<div class=\"elementor-element elementor-element-d010756 animated-slow elementor-invisible elementor-widget elementor-widget-text-editor\" data-id=\"d010756\" data-element_type=\"widget\" data-e-type=\"widget\" data-settings=\"{&quot;_animation&quot;:&quot;fadeInUp&quot;}\" data-widget_type=\"text-editor.default\">\n\t\t\t\t<div class=\"elementor-widget-container\">\n\t\t\t\t\t\t\t\t\t<p><span class=\"codefusion-partners-item-desc\">Stylemix, destek, bak\u0131m, \u00f6zel geli\u015ftirme, g\u00fcvenlik ve performans optimizasyonu sunan tam hizmetli bir WordPress ve web geli\u015ftirme \u015firketidir. \u015eirket ayr\u0131ca WordPress temalar\u0131 ve eklentileri (\u00f6rne\u011fin LMS, dizinler, hesap makineleri i\u00e7in) olu\u015fturmakta ve satmaktad\u0131r. <\/span><\/p>\t\t\t\t\t\t\t\t<\/div>\n\t\t\t\t<\/div>\n\t\t\t\t<\/div>\n\t\t<div class=\"elementor-element elementor-element-c9e57b0 e-con-full e-flex e-con e-child\" data-id=\"c9e57b0\" data-element_type=\"container\" data-e-type=\"container\">\n\t\t\t\t<div class=\"elementor-element elementor-element-c154af6 elementor-widget elementor-widget-image\" data-id=\"c154af6\" data-element_type=\"widget\" data-e-type=\"widget\" data-widget_type=\"image.default\">\n\t\t\t\t<div class=\"elementor-widget-container\">\n\t\t\t\t\t\t\t\t\t\t\t\t\t\t\t<img loading=\"lazy\" decoding=\"async\" width=\"504\" height=\"284\" src=\"https:\/\/hexexist.com\/wp-content\/uploads\/2025\/10\/rapyd.png\" class=\"attachment-large size-large wp-image-13440\" alt=\"\" srcset=\"https:\/\/hexexist.com\/wp-content\/uploads\/2025\/10\/rapyd.png 504w, https:\/\/hexexist.com\/wp-content\/uploads\/2025\/10\/rapyd-300x169.png 300w, https:\/\/hexexist.com\/wp-content\/uploads\/2025\/10\/rapyd-350x197.png 350w\" sizes=\"(max-width: 504px) 100vw, 504px\" \/>\t\t\t\t\t\t\t\t\t\t\t\t\t\t\t<\/div>\n\t\t\t\t<\/div>\n\t\t\t\t<div class=\"elementor-element elementor-element-4b6fe41 animated-slow elementor-invisible elementor-widget elementor-widget-text-editor\" data-id=\"4b6fe41\" data-element_type=\"widget\" data-e-type=\"widget\" data-settings=\"{&quot;_animation&quot;:&quot;fadeInUp&quot;}\" data-widget_type=\"text-editor.default\">\n\t\t\t\t<div class=\"elementor-widget-container\">\n\t\t\t\t\t\t\t\t\t<p><span class=\"codefusion-partners-item-desc\">Rapyd Cloud, y\u00fcksek performansl\u0131, dinamik siteler i\u00e7in olu\u015fturulmu\u015f tam y\u00f6netimli bir WordPress bar\u0131nd\u0131rma platformudur. Siteleri yo\u011fun trafik alt\u0131nda bile h\u0131zl\u0131 tutmak i\u00e7in konteynerli altyap\u0131, otomatik \u00f6l\u00e7eklendirme kaynaklar\u0131 ve geli\u015fmi\u015f \u00f6nbellekleme ve g\u00fcvenlik katmanlar\u0131 (LiteSpeed, Redis, g\u00fcvenlik duvarlar\u0131) kullan\u0131r. <\/span><\/p><div class=\"codefusion-partners-item-tags\"> <\/div>\t\t\t\t\t\t\t\t<\/div>\n\t\t\t\t<\/div>\n\t\t\t\t<\/div>\n\t\t<div class=\"elementor-element elementor-element-7171066 e-con-full e-flex e-con e-child\" data-id=\"7171066\" data-element_type=\"container\" data-e-type=\"container\">\n\t\t\t\t<div class=\"elementor-element elementor-element-ece16bf elementor-widget elementor-widget-image\" data-id=\"ece16bf\" data-element_type=\"widget\" data-e-type=\"widget\" data-widget_type=\"image.default\">\n\t\t\t\t<div class=\"elementor-widget-container\">\n\t\t\t\t\t\t\t\t\t\t\t\t\t\t\t<img loading=\"lazy\" decoding=\"async\" width=\"504\" height=\"284\" src=\"https:\/\/hexexist.com\/wp-content\/uploads\/2025\/10\/kinsta.png\" class=\"attachment-large size-large wp-image-13441\" alt=\"\" srcset=\"https:\/\/hexexist.com\/wp-content\/uploads\/2025\/10\/kinsta.png 504w, https:\/\/hexexist.com\/wp-content\/uploads\/2025\/10\/kinsta-300x169.png 300w, https:\/\/hexexist.com\/wp-content\/uploads\/2025\/10\/kinsta-350x197.png 350w\" sizes=\"(max-width: 504px) 100vw, 504px\" \/>\t\t\t\t\t\t\t\t\t\t\t\t\t\t\t<\/div>\n\t\t\t\t<\/div>\n\t\t\t\t<div class=\"elementor-element elementor-element-dec26c7 animated-slow elementor-invisible elementor-widget elementor-widget-text-editor\" data-id=\"dec26c7\" data-element_type=\"widget\" data-e-type=\"widget\" data-settings=\"{&quot;_animation&quot;:&quot;fadeInUp&quot;}\" data-widget_type=\"text-editor.default\">\n\t\t\t\t<div class=\"elementor-widget-container\">\n\t\t\t\t\t\t\t\t\t<p><span class=\"codefusion-partners-item-desc\">Kinsta, WordPress konusunda uzmanla\u015fm\u0131\u015f, y\u00f6netilen bir bar\u0131nd\u0131rma platformudur. Da\u011f\u0131t\u0131m, y\u00f6netim, performans ayarlama, g\u00fcvenlik, yedekleme ve \u00f6l\u00e7eklenebilirlik i\u015flemlerini \u00fcstlenirler &#8211; b\u00f6ylece siz sunucu bak\u0131m\u0131na de\u011fil sitenize odaklanabilirsiniz. <\/span><\/p>\t\t\t\t\t\t\t\t<\/div>\n\t\t\t\t<\/div>\n\t\t\t\t<\/div>\n\t\t<div class=\"elementor-element elementor-element-78971d8 e-con-full e-flex e-con e-child\" data-id=\"78971d8\" data-element_type=\"container\" data-e-type=\"container\">\n\t\t\t\t<div class=\"elementor-element elementor-element-8d6d7c0 elementor-widget elementor-widget-image\" data-id=\"8d6d7c0\" data-element_type=\"widget\" data-e-type=\"widget\" data-widget_type=\"image.default\">\n\t\t\t\t<div class=\"elementor-widget-container\">\n\t\t\t\t\t\t\t\t\t\t\t\t\t\t\t<img loading=\"lazy\" decoding=\"async\" width=\"504\" height=\"284\" src=\"https:\/\/hexexist.com\/wp-content\/uploads\/2025\/10\/cloudways.png\" class=\"attachment-large size-large wp-image-13442\" alt=\"\" srcset=\"https:\/\/hexexist.com\/wp-content\/uploads\/2025\/10\/cloudways.png 504w, https:\/\/hexexist.com\/wp-content\/uploads\/2025\/10\/cloudways-300x169.png 300w, https:\/\/hexexist.com\/wp-content\/uploads\/2025\/10\/cloudways-350x197.png 350w\" sizes=\"(max-width: 504px) 100vw, 504px\" \/>\t\t\t\t\t\t\t\t\t\t\t\t\t\t\t<\/div>\n\t\t\t\t<\/div>\n\t\t\t\t<div class=\"elementor-element elementor-element-5642879 animated-slow elementor-invisible elementor-widget elementor-widget-text-editor\" data-id=\"5642879\" data-element_type=\"widget\" data-e-type=\"widget\" data-settings=\"{&quot;_animation&quot;:&quot;fadeInUp&quot;}\" data-widget_type=\"text-editor.default\">\n\t\t\t\t<div class=\"elementor-widget-container\">\n\t\t\t\t\t\t\t\t\t<p><span class=\"codefusion-partners-item-desc\">Cloudways, performans, g\u00fcvenlik, yedekleme ve destek i\u00e7in yerle\u015fik ara\u00e7larla pop\u00fcler bulut altyap\u0131 sa\u011flay\u0131c\u0131lar\u0131n\u0131n \u00fcst\u00fcnde web uygulamalar\u0131n\u0131 (WordPress, PHP, Laravel, Magento, vb.) da\u011f\u0131tman\u0131za, y\u00f6netmenize ve \u00f6l\u00e7eklendirmenize yard\u0131mc\u0131 olan y\u00f6netilen bir bulut bar\u0131nd\u0131rma platformudur.<\/span><\/p>\t\t\t\t\t\t\t\t<\/div>\n\t\t\t\t<\/div>\n\t\t\t\t<\/div>\n\t\t\t\t\t<\/div>\n\t\t\t\t<\/div>\n\t\t<div class=\"elementor-element elementor-element-fc5c23e e-flex e-con-boxed e-con e-parent\" data-id=\"fc5c23e\" data-element_type=\"container\" data-e-type=\"container\">\n\t\t\t\t\t<div class=\"e-con-inner\">\n\t\t\t\t<div class=\"elementor-element elementor-element-a71c414 animated-slow elementor-invisible elementor-widget elementor-widget-heading\" data-id=\"a71c414\" data-element_type=\"widget\" data-e-type=\"widget\" data-settings=\"{&quot;_animation&quot;:&quot;fadeInUp&quot;}\" data-widget_type=\"heading.default\">\n\t\t\t\t<div class=\"elementor-widget-container\">\n\t\t\t\t\t<h3 class=\"elementor-heading-title elementor-size-default\">Bizimle B\u00fcy\u00fcmeye Haz\u0131r M\u0131s\u0131n\u0131z?<\/h3>\t\t\t\t<\/div>\n\t\t\t\t<\/div>\n\t\t\t\t<div class=\"elementor-element elementor-element-bfc23ff elementor-widget elementor-widget-shortcode\" data-id=\"bfc23ff\" data-element_type=\"widget\" data-e-type=\"widget\" data-widget_type=\"shortcode.default\">\n\t\t\t\t<div class=\"elementor-widget-container\">\n\t\t\t\t\t\t\t<div class=\"elementor-shortcode\">\n<div class=\"wpcf7 no-js\" id=\"wpcf7-f14636-o1\" lang=\"en-US\" dir=\"ltr\" data-wpcf7-id=\"14636\">\n<div class=\"screen-reader-response\"><p role=\"status\" aria-live=\"polite\" aria-atomic=\"true\"><\/p> <ul><\/ul><\/div>\n<form action=\"\/tr\/wp-json\/wp\/v2\/pages\/13656#wpcf7-f14636-o1\" method=\"post\" class=\"wpcf7-form init\" aria-label=\"Contact form\" novalidate=\"novalidate\" data-status=\"init\">\n<fieldset class=\"hidden-fields-container\"><input type=\"hidden\" name=\"_wpcf7\" value=\"14636\" \/><input type=\"hidden\" name=\"_wpcf7_version\" value=\"6.1.2\" \/><input type=\"hidden\" name=\"_wpcf7_locale\" value=\"en_US\" \/><input type=\"hidden\" name=\"_wpcf7_unit_tag\" value=\"wpcf7-f14636-o1\" \/><input type=\"hidden\" name=\"_wpcf7_container_post\" value=\"0\" \/><input type=\"hidden\" name=\"_wpcf7_posted_data_hash\" value=\"\" \/>\n<\/fieldset>\n<div class=\"cf7-cf\">\n\t<p><span class=\"cf7-field half\"><span class=\"wpcf7-form-control-wrap\" data-name=\"your-name\"><input size=\"40\" maxlength=\"400\" class=\"wpcf7-form-control wpcf7-text wpcf7-validates-as-required cf7-input\" autocomplete=\"name\" aria-required=\"true\" aria-invalid=\"false\" placeholder=\"Tam ad\u0131n\u0131z.\" value=\"\" type=\"text\" name=\"your-name\" \/><\/span><\/span><br \/>\n<span class=\"cf7-field half\"><span class=\"wpcf7-form-control-wrap\" data-name=\"your-email\"><input size=\"40\" maxlength=\"400\" class=\"wpcf7-form-control wpcf7-email wpcf7-validates-as-required wpcf7-text wpcf7-validates-as-email cf7-input\" aria-required=\"true\" aria-invalid=\"false\" placeholder=\"E-postan\u0131z.\" value=\"\" type=\"email\" name=\"your-email\" \/><\/span><\/span>\n\t<\/p>\n\t<p><span class=\"cf7-field half\"><span class=\"wpcf7-form-control-wrap\" data-name=\"you-phone\"><input size=\"40\" maxlength=\"400\" class=\"wpcf7-form-control wpcf7-tel wpcf7-validates-as-required wpcf7-text wpcf7-validates-as-tel cf7-input\" aria-required=\"true\" aria-invalid=\"false\" placeholder=\"Telefon numaras\u0131\" value=\"\" type=\"tel\" name=\"you-phone\" \/><\/span><\/span><br \/>\n<span class=\"cf7-field full\"><span class=\"wpcf7-form-control-wrap\" data-name=\"message\"><textarea cols=\"40\" rows=\"10\" maxlength=\"2000\" class=\"wpcf7-form-control wpcf7-textarea cf7-input cf7-textarea\" aria-invalid=\"false\" placeholder=\"Mesaj\u0131n\u0131z.\" name=\"message\"><\/textarea><\/span><\/span>\n\t<\/p>\n\t<div class=\"cf7-privacy\">\n\t\t<p><span class=\"wpcf7-form-control-wrap\" data-name=\"privacy\"><span class=\"wpcf7-form-control wpcf7-acceptance\"><span class=\"wpcf7-list-item\"><label><input type=\"checkbox\" name=\"privacy\" value=\"1\" class=\"privacy-accept\" aria-invalid=\"false\" \/><span class=\"wpcf7-list-item-label\">Verilerimin a\u015fa\u011f\u0131dakilere uygun olarak saklanmas\u0131n\u0131 ve i\u015flenmesini kabul ediyorum:\n    <a href=\"https:\/\/hexexist.com\/tr\/gizlilik-politikasi\/\" target=\"_blank\" rel=\"noopener\">Gizlilik Politikas\u0131<\/a>.<\/span><\/label><\/span><\/span><\/span>\n\t\t<\/p>\n\t<\/div>\n\t<p><span class=\"cf7-actions\"><input class=\"wpcf7-form-control wpcf7-submit has-spinner cf7-btn\" type=\"submit\" value=\"G\u00f6ndermek\" \/><\/span>\n\t<\/p>\n<\/div><div class=\"wpcf7-response-output\" aria-hidden=\"true\"><\/div>\n<\/form>\n<\/div>\n<\/div>\n\t\t\t\t\t\t<\/div>\n\t\t\t\t<\/div>\n\t\t\t\t\t<\/div>\n\t\t\t\t<\/div>\n\t\t\t\t<\/div>\n\t\t","protected":false},"excerpt":{"rendered":"<p>Hexexist ile ortak olun D\u00fcnya \u00e7ap\u0131nda binlerce kullan\u0131c\u0131ya g\u00fc\u00e7 veren etkili WordPress \u00e7\u00f6z\u00fcmleri yaratarak birlikte b\u00fcy\u00fcyelim. Ortaklar\u0131m\u0131z Birlikte \u00e7al\u0131\u015ft\u0131\u011f\u0131m\u0131z muhte\u015fem markalar\u0131 ve i\u015f ortaklar\u0131n\u0131 ke\u015ffedin. ThemeForest, tasar\u0131mc\u0131lar\u0131n ve geli\u015ftiricilerin WordPress, HTML, Joomla, Drupal vb. i\u00e7in web sitesi temalar\u0131 ve \u015fablonlar\u0131 al\u0131p satabilecekleri \u00e7evrimi\u00e7i bir pazard\u0131r (Envato Market&#8217;in bir par\u00e7as\u0131). Elegant Themes, bir \u00fcyelik modeli alt\u0131nda [&hellip;]<\/p>\n","protected":false},"author":1,"featured_media":0,"parent":0,"menu_order":0,"comment_status":"closed","ping_status":"closed","template":"elementor_header_footer","meta":{"footnotes":""},"class_list":["post-13656","page","type-page","status-publish","hentry"],"_links":{"self":[{"href":"https:\/\/hexexist.com\/tr\/wp-json\/wp\/v2\/pages\/13656","targetHints":{"allow":["GET"]}}],"collection":[{"href":"https:\/\/hexexist.com\/tr\/wp-json\/wp\/v2\/pages"}],"about":[{"href":"https:\/\/hexexist.com\/tr\/wp-json\/wp\/v2\/types\/page"}],"author":[{"embeddable":true,"href":"https:\/\/hexexist.com\/tr\/wp-json\/wp\/v2\/users\/1"}],"replies":[{"embeddable":true,"href":"https:\/\/hexexist.com\/tr\/wp-json\/wp\/v2\/comments?post=13656"}],"version-history":[{"count":7,"href":"https:\/\/hexexist.com\/tr\/wp-json\/wp\/v2\/pages\/13656\/revisions"}],"predecessor-version":[{"id":15309,"href":"https:\/\/hexexist.com\/tr\/wp-json\/wp\/v2\/pages\/13656\/revisions\/15309"}],"wp:attachment":[{"href":"https:\/\/hexexist.com\/tr\/wp-json\/wp\/v2\/media?parent=13656"}],"curies":[{"name":"wp","href":"https:\/\/api.w.org\/{rel}","templated":true}]}}