{"id":13657,"date":"2025-10-08T08:10:20","date_gmt":"2025-10-08T08:10:20","guid":{"rendered":"http:\/\/hexexist.com\/iade-ve-geri-odeme-politikasi\/"},"modified":"2026-03-13T15:27:01","modified_gmt":"2026-03-13T15:27:01","slug":"iade-ve-geri-odeme-politikasi","status":"publish","type":"page","link":"https:\/\/hexexist.com\/tr\/iade-ve-geri-odeme-politikasi\/","title":{"rendered":"\u0130ade ve Geri \u00d6deme Politikas\u0131"},"content":{"rendered":"\t\t<div data-elementor-type=\"wp-page\" data-elementor-id=\"13657\" class=\"elementor elementor-13657 elementor-9898\" data-elementor-post-type=\"page\">\n\t\t\t\t<div class=\"elementor-element elementor-element-c324ce7 page-terms e-flex e-con-boxed e-con e-parent\" data-id=\"c324ce7\" data-element_type=\"container\" data-e-type=\"container\">\n\t\t\t\t\t<div class=\"e-con-inner\">\n\t\t<div class=\"elementor-element elementor-element-6be70d7 e-con-full e-flex e-con e-child\" data-id=\"6be70d7\" data-element_type=\"container\" data-e-type=\"container\">\n\t\t\t\t<div class=\"elementor-element elementor-element-10328c3 elementor-widget elementor-widget-heading\" data-id=\"10328c3\" data-element_type=\"widget\" data-e-type=\"widget\" data-widget_type=\"heading.default\">\n\t\t\t\t<div class=\"elementor-widget-container\">\n\t\t\t\t\t<h2 class=\"elementor-heading-title elementor-size-default\">\u0130ade ve Geri \u00d6deme Politikas\u0131<\/h2>\t\t\t\t<\/div>\n\t\t\t\t<\/div>\n\t\t\t\t<\/div>\n\t\t<div class=\"elementor-element elementor-element-b838b42 e-con-full e-flex e-con e-child\" data-id=\"b838b42\" data-element_type=\"container\" data-e-type=\"container\">\n\t\t\t\t<div class=\"elementor-element elementor-element-fd84407 elementor-widget elementor-widget-heading\" data-id=\"fd84407\" data-element_type=\"widget\" data-e-type=\"widget\" data-widget_type=\"heading.default\">\n\t\t\t\t<div class=\"elementor-widget-container\">\n\t\t\t\t\t<h4 class=\"elementor-heading-title elementor-size-default\">Son g\u00fcncelleme tarihi: 25 \u015eubat 2025<\/h4>\t\t\t\t<\/div>\n\t\t\t\t<\/div>\n\t\t\t\t<\/div>\n\t\t\t\t\t<\/div>\n\t\t\t\t<\/div>\n\t\t<div class=\"elementor-element elementor-element-a71672a e-flex e-con-boxed e-con e-parent\" data-id=\"a71672a\" data-element_type=\"container\" data-e-type=\"container\">\n\t\t\t\t\t<div class=\"e-con-inner\">\n\t\t\t\t<div class=\"elementor-element elementor-element-415b5df elementor-widget elementor-widget-text-editor\" data-id=\"415b5df\" data-element_type=\"widget\" data-e-type=\"widget\" data-widget_type=\"text-editor.default\">\n\t\t\t\t<div class=\"elementor-widget-container\">\n\t\t\t\t\t\t\t\t\t<p class=\"p1\"><span class=\"s1\"><i>Hexexist\nSECUREPAY SYSTEMS LTD taraf\u0131ndan i\u015fletilmektedir<\/i><\/span><\/p>\n<p class=\"p3\">Belge t\u00fcr\u00fc: Ba\u011f\u0131ms\u0131z \u0130ade Politikas\u0131\nUygulan\u0131r: Yaln\u0131zca indirilebilir dijital \u00fcr\u00fcnler (WordPress temalar\u0131, WordPress eklentileri, \u015fablonlar, komut dosyalar\u0131 ve tasar\u0131m varl\u0131klar\u0131 dahil)\nWeb sitesi: hexexist.com\n\u0130leti\u015fim: info@hexexist.com\nKurulu\u015f: SECUREPAY SYSTEMS LTD, 167\u2013169 Great Portland Street, 5. Kat, Londra, W1W 5PF, Birle\u015fik Krall\u0131k<\/p>\n\n<table class=\"t1\" cellspacing=\"0\" cellpadding=\"0\">\n<tbody>\n<tr>\n<td class=\"td1\" valign=\"middle\">\n<p class=\"p4\"><b>Politika \u00f6zeti<\/b><b><\/b><\/p>\n<\/td>\n<td <td class=\"td2\" valign=\"middle\">\n<p class=\"p4\">Dijital \u00fcr\u00fcnler, eri\u015fim sa\u011fland\u0131ktan, indirildikten, teslim edildikten veya kullan\u0131ld\u0131ktan sonra genellikle iade edilemez, ancak Hexexist bu Politikada a\u00e7\u0131klanan belirli durumlarda para iadesi yapabilir.<\/p>\n<\/td>\n<\/tr>\n<tr>\n<td class=\"td3\" valign=\"middle\">\n<p class=\"p4\"><b>Ma\u011faza para birimleri<\/b><b><\/b><\/p>\n<\/td>\n<td class=\"td4\" valign=\"middle\">\n<p class=\"p4\">USD, EUR, AUD, GBP ve CAD, web sitesinde sunulan \u00f6deme se\u00e7eneklerine tabidir.<\/p>\n<\/td>\n<\/tr>\n<\/tbody>\n<\/table>\n<p class=\"p6\"><b>1. Bu Politikan\u0131n Amac\u0131<\/b><\/p>\n<p class=\"p7\">Bu \u0130ade Politikas\u0131, Hexexist&#8217;in hexexist.com \u00fczerinden sat\u0131n al\u0131nan \u00fcr\u00fcnler i\u00e7in iade talebini ne zaman onaylayabilece\u011fini, reddedebilece\u011fini veya k\u0131smen onaylayabilece\u011fini a\u00e7\u0131klamaktad\u0131r.<\/p>\n<p class=\"p7\">Bu Politika, web sitesinin \u015eartlar ve Ko\u015fullar\u0131, Dijital \u00dcr\u00fcn Teslimat Politikas\u0131, Gizlilik Politikas\u0131 ve \u00f6deme s\u0131ras\u0131nda veya ilgili \u00fcr\u00fcn sayfas\u0131nda g\u00f6sterilen \u00fcr\u00fcne \u00f6zg\u00fc a\u00e7\u0131klamalarla birlikte okunmal\u0131d\u0131r.<\/p>\n<p class=\"p8\">Bu Politika yaln\u0131zca dijital \u00fcr\u00fcnler i\u00e7in ge\u00e7erlidir. Hexexist bu ma\u011faza \u00fczerinden fiziksel \u00fcr\u00fcn satmamaktad\u0131r.<\/p>\n<p class=\"p6\"><b>2. \u00dcr\u00fcnlerin Niteli\u011fi<\/b><\/p>\n<p class=\"p7\">Hexexist, WordPress temalar\u0131, WordPress eklentileri, \u015fablonlar, komut dosyalar\u0131, tasar\u0131m varl\u0131klar\u0131 ve benzeri dijital materyaller i\u00e7erebilen indirilebilir dijital \u00fcr\u00fcnler satmaktad\u0131r.<\/p>\n<p class=\"p7\">Bu \u00fcr\u00fcnler elektronik olarak teslim edildi\u011finden ve genellikle sat\u0131n al\u0131mdan k\u0131sa bir s\u00fcre sonra eri\u015filebildi\u011finden, kopyalanabildi\u011finden, saklanabildi\u011finden veya da\u011f\u0131t\u0131labildi\u011finden, iadeler fiziksel mallar i\u00e7in yap\u0131lan iadelerden farkl\u0131 \u015fekilde ele al\u0131n\u0131r.<\/p>\n<p class=\"p8\">M\u00fc\u015fteriler, sipari\u015f vermeden \u00f6nce \u00fcr\u00fcn a\u00e7\u0131klamalar\u0131n\u0131, desteklenen ortamlar\u0131, uyumluluk notlar\u0131n\u0131, teknik \u00f6n ko\u015fullar\u0131 ve belirtilen kullan\u0131m s\u0131n\u0131rlamalar\u0131n\u0131 incelemekle sorumludur.<\/p>\n<p class=\"p6\"><b>3. Genel \u0130ade Politikas\u0131<\/b><\/p>\n<p class=\"p7\">Genel kural olarak, dijital \u00fcr\u00fcn sipari\u015fleri, indirme ba\u011flant\u0131s\u0131 sa\u011flanm\u0131\u015f, hesap eri\u015fimi verilmi\u015f, dosya indirilmi\u015f, lisans anahtar\u0131 veya aktivasyon verileri verilmi\u015f veya \u00fcr\u00fcn ba\u015fka bir \u015fekilde m\u00fc\u015fteriye sunulmu\u015f olsa bile, \u00fcr\u00fcn teslim edildikten sonra iade edilemez.<\/p>\n<p class=\"p7\">Ancak, Hexexist, bu Politikada belirtilen uygunluk kriterlerinden birine giren ve m\u00fc\u015fterinin yeterli destekleyici bilgi sa\u011flad\u0131\u011f\u0131 durumlarda, iyi niyetle iade taleplerini de\u011ferlendirebilir.<\/p>\n<p class=\"p8\">Bu Politikadaki hi\u00e7bir \u015fey, ge\u00e7erli yasa uyar\u0131nca yasal olarak hari\u00e7 tutulamayan zorunlu t\u00fcketici haklar\u0131n\u0131 s\u0131n\u0131rlamaz.<\/p>\n<p class=\"p6\"><b>4. Geri \u00d6demenin De\u011ferlendirilebilece\u011fi Durumlar<\/b><\/p>\n<p class=\"p7\">Hexexist, a\u015fa\u011f\u0131daki durumlardan bir veya daha fazlas\u0131n\u0131n ge\u00e7erli olmas\u0131 halinde tam veya k\u0131smi geri \u00f6deme yapmay\u0131 de\u011ferlendirebilir:<\/p>\n<p class=\"p9\"><b>\u2022 <\/b>M\u00fc\u015fteriden, web sitesi veya \u00f6deme ak\u0131\u015f\u0131ndan kaynaklanan kan\u0131tlanm\u0131\u015f bir faturaland\u0131rma hatas\u0131 nedeniyle g\u00f6r\u00fcnt\u00fclenen \u00f6deme tutar\u0131ndan daha fazla \u00fccret al\u0131nm\u0131\u015ft\u0131r.<\/p>\n<p class=\"p9\"><b>\u2022 <\/b>M\u00fc\u015fteri, k\u0131sa bir s\u00fcre i\u00e7inde ayn\u0131 \u00fcr\u00fcn\u00fc yanl\u0131\u015fl\u0131kla iki kez sat\u0131n alm\u0131\u015f ve her iki sat\u0131n al\u0131m\u0131 da fiilen kullanmam\u0131\u015ft\u0131r.<\/p>\n<p class=\"p9\"><b>\u2022 <\/b>Teslim edilen \u00fcr\u00fcn, temel i\u015flevini \u00f6nemli \u00f6l\u00e7\u00fcde etkileyecek \u015fekilde \u00fcr\u00fcn a\u00e7\u0131klamas\u0131ndan \u00f6nemli \u00f6l\u00e7\u00fcde farkl\u0131d\u0131r.<\/p>\n<p class=\"p9\"><b>\u2022 <\/b>Hexexist taraf\u0131nda do\u011frulanm\u0131\u015f bir hata nedeniyle \u00fcr\u00fcn indirilemiyor veya eri\u015filemiyor ve Hexexist makul bir s\u00fcre i\u00e7inde eri\u015fimi geri y\u00fckleyemiyor.<\/p>\n<p <p class=\"p9\"><b>\u2022 <\/b>\u00dcr\u00fcn, desteklenen bir ortamda normal kurulumu veya temel kullan\u0131m\u0131n\u0131 engelleyen, tekrarlanabilir bir teknik kusur i\u00e7ermektedir ve Hexexist, makul bir s\u00fcre i\u00e7inde \u00e7al\u0131\u015fan bir d\u00fczeltme veya makul bir ge\u00e7ici \u00e7\u00f6z\u00fcm sa\u011flayamamaktad\u0131r.<\/p>\n<p class=\"p10\"><b>\u2022 <\/b>Aksi takdirde, zorunlu yasa gere\u011fi para iadesi gereklidir.<\/p>\n<p class=\"p6\"><b>5. \u0130ade Talebinin Normalde Reddedilece\u011fi Durumlar<\/b><\/p>\n<p class=\"p7\">\u0130ade talebi, yaln\u0131zca fikir de\u011fi\u015fikli\u011fi, ki\u015fisel tercih, ihtiya\u00e7 olmamas\u0131, proje zaman \u00e7izelgelerinin gecikmesi veya \u00fcr\u00fcn\u00fc kullanmama karar\u0131 gibi nedenlere dayan\u0131yorsa normalde reddedilir.<\/p>\n<p class=\"p7\">\u0130ade talebi, m\u00fc\u015fterinin sat\u0131n almadan \u00f6nce \u00fcr\u00fcn a\u00e7\u0131klamas\u0131n\u0131, uyumluluk notlar\u0131n\u0131, belgeleri veya belirtilen \u00f6n ko\u015fullar\u0131 okumamas\u0131 durumunda normalde reddedilir.<\/p>\n<p class=\"p7\">\u0130ade talebi, m\u00fc\u015fterinin bar\u0131nd\u0131rma ortam\u0131ndan, \u00fc\u00e7\u00fcnc\u00fc taraf yaz\u0131l\u0131m \u00e7ak\u0131\u015fmalar\u0131ndan, desteklenmeyen s\u00fcr\u00fcmlerden, \u00f6zel de\u011fi\u015fikliklerden, geli\u015ftirici de\u011fi\u015fikliklerinden, k\u00f6t\u00fc sunucu yap\u0131land\u0131rmas\u0131ndan veya \u00fcr\u00fcn\u00fcn yanl\u0131\u015f kullan\u0131m\u0131ndan kaynaklan\u0131yorsa normalde reddedilir.<\/p>Teslim edilen \u00fcr\u00fcn\u00fcn kendisinde do\u011frulanm\u0131\u015f bir kusurdan ziyade, iade talebi genellikle reddedilir.<\/p>\n<p class=\"p7\">M\u00fc\u015fteri \u00fcr\u00fcn\u00fc zaten indirmi\u015f, da\u011f\u0131tm\u0131\u015f, \u00e7\u0131karm\u0131\u015f, i\u00e7e aktarm\u0131\u015f, klonlam\u0131\u015f, kurmu\u015f, kopyalam\u0131\u015f veya ba\u015fka bir \u015fekilde kullanm\u0131\u015fsa ve herhangi bir ge\u00e7erli kusur veya \u00f6nemli yanl\u0131\u015f a\u00e7\u0131klama tespit edilmemi\u015fse, iade talebi genellikle reddedilir.<\/p>\n<p class=\"p8\">\u00dcr\u00fcn a\u00e7\u0131klamas\u0131 \u00f6nemli \u00f6l\u00e7\u00fcde yanl\u0131\u015f olmad\u0131\u011f\u0131 s\u00fcrece, farkl\u0131 yazarlardan, s\u00fcr\u00fcmlerden, tasar\u0131m stillerinden, \u00f6zellik setlerinden veya destek modellerinden kaynaklanan \u00fcr\u00fcnler aras\u0131ndaki beklenen farkl\u0131l\u0131klarla ilgili talepler genellikle reddedilir.<\/p>\n<p class=\"p6\"><b>6. \u00d6nce Destek; \u0130kinci Geri \u00d6deme<\/b><\/p>\n<p class=\"p7\">Geri \u00f6deme talebine karar vermeden \u00f6nce, Hexexist, sorunun teknik nitelikte g\u00f6r\u00fcnmesi durumunda m\u00fc\u015fterinin \u00f6ncelikle makul bir sorun giderme s\u00fcrecine girmesini isteyebilir.<\/p>\n<p class=\"p7\">Bu, sipari\u015f numaras\u0131n\u0131, ekran g\u00f6r\u00fcnt\u00fclerini, hata mesajlar\u0131n\u0131, ilgili etki alan\u0131n\u0131 veya ortam\u0131, s\u00fcr\u00fcm ayr\u0131nt\u0131lar\u0131n\u0131, sorunu yeniden olu\u015fturma ad\u0131mlar\u0131n\u0131 ve uygun ve g\u00fcvenli oldu\u011fu durumlarda ge\u00e7ici teknik eri\u015fimi sa\u011flamay\u0131 i\u00e7erebilir.<\/p>\n<p class=\"p8\">Sorun, yedek dosyalar, d\u00fczeltilmi\u015f teslimat, yama, yap\u0131land\u0131rma ayarlamas\u0131 veya makul bir ge\u00e7ici \u00e7\u00f6z\u00fcm yoluyla \u00e7\u00f6z\u00fclebiliyorsa, Hexexist, sorun giderildikten sonra geri \u00f6deme talebini reddedebilir.<\/p>\n<p class=\"p6\"><b>7. \u0130ade Talepleri \u0130\u00e7in S\u00fcre S\u0131n\u0131r\u0131<\/b><\/p>\n<p class=\"p7\">\u0130ade talepleri, sorunun ke\u015ffedilmesinden sonra makul \u00f6l\u00e7\u00fcde m\u00fcmk\u00fcn olan en k\u0131sa s\u00fcrede g\u00f6nderilmelidir.<\/p>\n<p class=\"p7\">Zorunlu yasa daha uzun bir s\u00fcre gerektirmedi\u011fi s\u00fcrece, Hexexist, iade taleplerinin sat\u0131n alma tarihinden itibaren veya eri\u015fimle ilgili ar\u0131zalar i\u00e7in ilgili sorunun ilk kez makul \u00f6l\u00e7\u00fcde belirgin hale geldi\u011fi tarihten itibaren en ge\u00e7 14 takvim g\u00fcn\u00fc i\u00e7inde yap\u0131lmas\u0131n\u0131 bekler.<\/p>\n<p class=\"p8\">Gecikmi\u015f talepler, zaman ge\u00e7mesi nedeniyle soru\u015fturman\u0131n imkans\u0131z hale gelmesi, m\u00fc\u015fterinin sorunu ke\u015ffettikten sonra \u00fcr\u00fcn\u00fc kullanmaya devam etmesi veya mevcut kan\u0131tlar\u0131n art\u0131k g\u00fcvenilir olmamas\u0131 durumlar\u0131nda reddedilebilir.<\/p>\n<p class=\"p6\"><b>8. \u0130ade Talebi \u0130\u00e7in Gerekli Bilgiler<\/b><\/p>\n<p class=\"p7\">Bir talebi de\u011ferlendirmek i\u00e7in Hexexist a\u015fa\u011f\u0131daki bilgilerin bir k\u0131sm\u0131n\u0131 veya tamam\u0131n\u0131 isteyebilir:<\/p>\n<p class=\"p9\"><b>\u2022 <\/b>M\u00fc\u015fterinin tam ad\u0131 ve sipari\u015f i\u00e7in kullan\u0131lan ileti\u015fim e-postas\u0131.<\/p>\n<p class=\"p9\"><b>\u2022 <\/b>Sipari\u015f numaras\u0131, i\u015flem referans\u0131 ve sat\u0131n alma tarihi.<\/p>\n<p class=\"p9\"><b>\u2022 <\/b>\u0130lgili \u00fcr\u00fcn ad\u0131 ve s\u00fcr\u00fcm\u00fc.<\/p>\n<p class=\"p9\"><b>\u2022 <\/b>Sorunun \u00f6zl\u00fc ancak spesifik bir a\u00e7\u0131klamas\u0131.<\/p>\n<p class=\"p9\"><b>\u2022 <\/b>Ekran g\u00f6r\u00fcnt\u00fcleri, g\u00fcnl\u00fckler, hata bildirimleri veya di\u011fer destekleyici kan\u0131tlar.<\/p>\n<p class=\"p9\"><b>\u2022 <\/b>\u00dcr\u00fcn\u00fcn indirilip indirilmedi\u011fi, kurulup kurulmad\u0131\u011f\u0131, etkinle\u015ftirilip etkinle\u015ftirilmedi\u011fi veya ba\u015fka \u015fekilde kullan\u0131l\u0131p kullan\u0131lmad\u0131\u011f\u0131na dair onay.<\/p>\n<p <p class=\"p10\"><b>\u2022 <\/b>\u0130lgili durumlarda, WordPress s\u00fcr\u00fcm\u00fc, PHP s\u00fcr\u00fcm\u00fc, bar\u0131nd\u0131rma ortam\u0131 ve \u00e7ak\u0131\u015fan eklentiler, temalar, mod\u00fcller veya \u00f6zel kodlar\u0131n do\u011frulanmas\u0131.<\/p>\n<p class=\"p6\"><b>9. \u0130nceleme Prosed\u00fcr\u00fc<\/b><\/p>\n<p class=\"p7\">Eksiksiz bir talep al\u0131nd\u0131ktan sonra, Hexexist mevcut kan\u0131tlar\u0131 inceleyecek ve a\u00e7\u0131klama gerekiyorsa ek sorular sorabilir.<\/p>\n<p class=\"p7\">Hexexist, \u015fikayeti \u00fcr\u00fcn belgeleri, \u00fcr\u00fcn sayfas\u0131 a\u00e7\u0131klamalar\u0131, teslimat kay\u0131tlar\u0131, indirme g\u00fcnl\u00fckleri, destek yaz\u0131\u015fmalar\u0131, eri\u015fim g\u00fcnl\u00fckleri ve doland\u0131r\u0131c\u0131l\u0131k \u00f6nleme g\u00f6stergeleriyle kar\u015f\u0131la\u015ft\u0131rabilir.<\/p>\n<p class=\"p8\">Geri \u00f6deme talebi, ko\u015fullara ba\u011fl\u0131 olarak onaylanabilir, reddedilebilir veya k\u0131smen onaylanabilir. Hexexist ayr\u0131ca uygun ve yasal oldu\u011fu durumlarda yedek indirme, d\u00fczeltilmi\u015f eri\u015fim veya ma\u011faza kredisi sunabilir.<\/p>\n<p class=\"p6\"><b>10. \u00d6deme \u0130adeleri ve \u00d6deme Anla\u015fmazl\u0131klar\u0131<\/b><\/p>\n<p class=\"p7\">M\u00fc\u015fteriler, \u00f6deme anla\u015fmazl\u0131\u011f\u0131 veya \u00f6deme iadesi a\u00e7madan \u00f6nce \u00f6ncelikle info@hexexist.com adresinden Hexexist ile ileti\u015fime ge\u00e7melidir, \u00e7\u00fcnk\u00fc bir\u00e7ok eri\u015fim veya teslimat sorunu, \u00fcst kademeye iletilmeden h\u0131zl\u0131 bir \u015fekilde \u00e7\u00f6z\u00fclebilir.<\/p>\n<p class=\"p7\">Ge\u00e7erli bir iade gerek\u00e7esi olmaks\u0131z\u0131n ba\u015far\u0131l\u0131 teslimattan sonra yap\u0131lan anla\u015fmazl\u0131klar da dahil olmak \u00fczere, usuls\u00fcz \u00f6deme iadeleri, m\u00fc\u015fteri hesab\u0131n\u0131n ask\u0131ya al\u0131nmas\u0131na, daha fazla hizmetin reddedilmesine ve ilgili kan\u0131tlar\u0131n \u00f6deme sa\u011flay\u0131c\u0131s\u0131na veya kart \u015femas\u0131na sunulmas\u0131na neden olabilir.<\/p>\n<p class=\"p8\">Bu maddede yer alan hi\u00e7bir \u015fey, m\u00fc\u015fterinin ger\u00e7ek bir \u00f6deme anla\u015fmazl\u0131\u011f\u0131 a\u00e7ma hakk\u0131n\u0131 kullanmas\u0131n\u0131 engellemez.<\/p>\n<p class=\"p6\"><b>11. Sahtekarl\u0131k, Suistimal ve Tekrarlanan Talepler<\/b><\/p>\n<p class=\"p7\">Hexexist, iade suistimali, politika manip\u00fclasyonu, tekrarlanan haks\u0131z talepler, ger\u00e7ek bir \u015fikayetle tutars\u0131z a\u015f\u0131r\u0131 indirme davran\u0131\u015f\u0131, hesap k\u00f6t\u00fcye kullan\u0131m\u0131 veya k\u00f6t\u00fc niyetin di\u011fer g\u00f6stergelerine dair kan\u0131tlar\u0131n bulundu\u011fu durumlarda iadeleri reddetme hakk\u0131n\u0131 sakl\u0131 tutar.<\/p>\n<p class=\"p8\">Hexexist ayr\u0131ca, ayn\u0131 m\u00fc\u015fterinin g\u00fcvenilir ve belgelenmi\u015f bir dayanak olmaks\u0131z\u0131n benzer \u00fcr\u00fcnler i\u00e7in tekrar tekrar sat\u0131n alma ve geri \u00f6deme talep etmesi durumunda iadeleri reddedebilir veya s\u0131n\u0131rlayabilir.<\/p>\n<p class=\"p6\"><b>12. Onaylanan \u0130adelerin Y\u00f6ntemi ve Zamanlamas\u0131<\/b><\/p>\n<p class=\"p7\">\u0130ade onaylan\u0131rsa, Hexexist genellikle onaylanan tutar\u0131, yasa gere\u011fi ba\u015fka bir y\u00f6ntem gerekmedik\u00e7e veya yaz\u0131l\u0131 olarak kararla\u015ft\u0131r\u0131lmad\u0131k\u00e7a, i\u015flem i\u00e7in kullan\u0131lan orijinal \u00f6deme y\u00f6ntemine iade edecektir.<\/p>\n<p class=\"p7\">\u0130ade zamanlamas\u0131 d\u00d6deme i\u015flemcisine, kart veren kurulu\u015fa, bankaya veya c\u00fczdan sa\u011flay\u0131c\u0131s\u0131na ba\u011fl\u0131d\u0131r. Hexexist geri \u00f6deme karar\u0131n\u0131 ba\u015flatabilir, ancak i\u015flem s\u00fcreleri do\u011frudan kontrol\u00fc d\u0131\u015f\u0131ndad\u0131r.<\/p>\n<p class=\"p8\">Herhangi bir para birimi d\u00f6n\u00fc\u015ft\u00fcrme fark\u0131, harici banka \u00fccretleri, kart veren kurulu\u015f \u00fccretleri, c\u00fczdan \u00fccretleri veya Hexexist taraf\u0131ndan kontrol edilmeyen i\u015flemciyle ilgili kesintiler, m\u00fc\u015fteri taraf\u0131ndan geri al\u0131nan nihai tutar\u0131 etkileyebilir.<\/p>\n<p class=\"p6\"><b>13. K\u0131smi Geri \u00d6demeler ve \u0130dari D\u00fczeltmeler<\/b><\/p>\n<p class=\"p7\">Uygun durumlarda, Hexexist, sipari\u015fin yaln\u0131zca bir k\u0131sm\u0131n\u0131n etkilendi\u011fi, \u00e7ok \u00fcr\u00fcnl\u00fc bir sipari\u015fin bir k\u0131sm\u0131n\u0131n m\u00fckerrer faturaland\u0131r\u0131ld\u0131\u011f\u0131 veya makul bir ticari ayarlaman\u0131n sorunu adil bir \u015fekilde \u00e7\u00f6zd\u00fc\u011f\u00fc durumlarda, tam geri \u00f6deme yerine k\u0131smi geri \u00f6deme yapabilir.<\/p>\n<p class=\"p8\">Hexexist ayr\u0131ca, d\u00fczeltmeyi t\u00fcm dijital \u00fcr\u00fcnlerin genel olarak iade edilebilir oldu\u011fu kabul\u00fc olarak de\u011ferlendirmeden, a\u00e7\u0131k\u00e7a m\u00fckerrer kay\u0131tlar veya yanl\u0131\u015f uygulanan fiyatland\u0131rma gibi bariz idari hatalar\u0131 da d\u00fczeltebilir.<\/p>\n<p class=\"p6\"><b>14. T\u00fcketici Haklar\u0131<\/b><\/p>\n<p class=\"p7\">Zorunlu t\u00fcketici koruma yasas\u0131n\u0131n m\u00fc\u015fteriye bu Politikadan farkl\u0131 haklar tan\u0131d\u0131\u011f\u0131 durumlarda, Hexexist, s\u00f6z konusu m\u00fc\u015fteri ve i\u015flem i\u00e7in yasal olarak gerekli olan kurallar\u0131 uygulayacakt\u0131r.<\/p>\n<p class=\"p8\">M\u00fc\u015fterilerden, \u00f6deme s\u0131ras\u0131nda veya teslimattan \u00f6nce, dijital i\u00e7eri\u011fin hemen yerine getirilmesinin ba\u015flamas\u0131 gerekti\u011fini ve bunun, tedarik ba\u015flad\u0131ktan sonra dijital i\u00e7erik i\u00e7in ge\u00e7erli olan iptal haklar\u0131n\u0131 etkileyebilece\u011fini onaylamalar\u0131 istenebilir.<\/p>\n<p class=\"p6\"><b>15. Bu Politikada De\u011fi\u015fiklikler<\/b><\/p>\n<p class=\"p7\">Hexexist, yasal, operasyonel, teknik veya ticari de\u011fi\u015fiklikleri yans\u0131tmak i\u00e7in bu \u0130ade Politikas\u0131n\u0131 zaman zaman de\u011fi\u015ftirebilir.<\/p>\n<p class=\"p8\">Zorunlu yasa aksini gerektirmedik\u00e7e, ilgili sipari\u015f s\u0131ras\u0131nda web sitesinde yay\u0131nlanan s\u00fcr\u00fcm genellikle o sipari\u015f i\u00e7in ge\u00e7erli olacakt\u0131r.<\/p>\n<p class=\"p6\"><b>16. \u0130leti\u015fim<\/b><\/p>\n<p class=\"p7\">Geri \u00f6deme ile ilgili talepler ve destekleyici materyaller info@hexexist.com adresine g\u00f6nderilmelidir.<\/p>\n<p class=\"p7\">M\u00fc\u015fteriler, verimli bir incelemeye olanak sa\u011flayacak kadar ayr\u0131nt\u0131 i\u00e7ermeli ve ayn\u0131 sorun i\u00e7in birden fazla yinelenen talep g\u00f6ndermemelidir.<\/p>\t\t\t\t\t\t\t\t<\/div>\n\t\t\t\t<\/div>\n\t\t\t\t\t<\/div>\n\t\t\t\t<\/div>\n\t\t\t\t<\/div>\n\t\t","protected":false},"excerpt":{"rendered":"<p>\u0130ade ve Geri \u00d6deme Politikas\u0131 Son g\u00fcncelleme tarihi: 25 \u015eubat 2025 Hexexist SECUREPAY SYSTEMS LTD taraf\u0131ndan i\u015fletilmektedir Belge t\u00fcr\u00fc: Ba\u011f\u0131ms\u0131z \u0130ade Politikas\u0131 Uygulan\u0131r: Yaln\u0131zca indirilebilir dijital \u00fcr\u00fcnler (WordPress temalar\u0131, WordPress eklentileri, \u015fablonlar, komut dosyalar\u0131 ve tasar\u0131m varl\u0131klar\u0131 dahil) Web sitesi: hexexist.com \u0130leti\u015fim: info@hexexist.com Kurulu\u015f: SECUREPAY SYSTEMS LTD, 167\u2013169 Great Portland Street, 5. Kat, Londra, W1W [&hellip;]<\/p>\n","protected":false},"author":1,"featured_media":0,"parent":0,"menu_order":0,"comment_status":"closed","ping_status":"closed","template":"elementor_header_footer","meta":{"footnotes":""},"class_list":["post-13657","page","type-page","status-publish","hentry"],"_links":{"self":[{"href":"https:\/\/hexexist.com\/tr\/wp-json\/wp\/v2\/pages\/13657","targetHints":{"allow":["GET"]}}],"collection":[{"href":"https:\/\/hexexist.com\/tr\/wp-json\/wp\/v2\/pages"}],"about":[{"href":"https:\/\/hexexist.com\/tr\/wp-json\/wp\/v2\/types\/page"}],"author":[{"embeddable":true,"href":"https:\/\/hexexist.com\/tr\/wp-json\/wp\/v2\/users\/1"}],"replies":[{"embeddable":true,"href":"https:\/\/hexexist.com\/tr\/wp-json\/wp\/v2\/comments?post=13657"}],"version-history":[{"count":11,"href":"https:\/\/hexexist.com\/tr\/wp-json\/wp\/v2\/pages\/13657\/revisions"}],"predecessor-version":[{"id":16574,"href":"https:\/\/hexexist.com\/tr\/wp-json\/wp\/v2\/pages\/13657\/revisions\/16574"}],"wp:attachment":[{"href":"https:\/\/hexexist.com\/tr\/wp-json\/wp\/v2\/media?parent=13657"}],"curies":[{"name":"wp","href":"https:\/\/api.w.org\/{rel}","templated":true}]}}