{"id":13666,"date":"2025-10-10T09:06:52","date_gmt":"2025-10-10T09:06:52","guid":{"rendered":"http:\/\/hexexist.com\/cerez-politikasi\/"},"modified":"2026-03-13T15:35:04","modified_gmt":"2026-03-13T15:35:04","slug":"cerez-politikasi","status":"publish","type":"page","link":"https:\/\/hexexist.com\/tr\/cerez-politikasi\/","title":{"rendered":"\u00c7erez Politikas\u0131"},"content":{"rendered":"\t\t<div data-elementor-type=\"wp-page\" data-elementor-id=\"13666\" class=\"elementor elementor-13666 elementor-11803\" data-elementor-post-type=\"page\">\n\t\t\t\t<div class=\"elementor-element elementor-element-a984329 e-flex e-con-boxed e-con e-parent\" data-id=\"a984329\" data-element_type=\"container\" data-e-type=\"container\">\n\t\t\t\t\t<div class=\"e-con-inner\">\n\t\t<div class=\"elementor-element elementor-element-dbc5505 e-con-full e-flex e-con e-child\" data-id=\"dbc5505\" data-element_type=\"container\" data-e-type=\"container\">\n\t\t\t\t<div class=\"elementor-element elementor-element-dd88c15 elementor-widget elementor-widget-heading\" data-id=\"dd88c15\" data-element_type=\"widget\" data-e-type=\"widget\" data-widget_type=\"heading.default\">\n\t\t\t\t<div class=\"elementor-widget-container\">\n\t\t\t\t\t<h2 class=\"elementor-heading-title elementor-size-default\">\u00c7erez Politikas\u0131<\/h2>\t\t\t\t<\/div>\n\t\t\t\t<\/div>\n\t\t\t\t<\/div>\n\t\t<div class=\"elementor-element elementor-element-2b0b6a5 e-con-full e-flex e-con e-child\" data-id=\"2b0b6a5\" data-element_type=\"container\" data-e-type=\"container\">\n\t\t\t\t<div class=\"elementor-element elementor-element-d16e8c4 elementor-widget elementor-widget-heading\" data-id=\"d16e8c4\" data-element_type=\"widget\" data-e-type=\"widget\" data-widget_type=\"heading.default\">\n\t\t\t\t<div class=\"elementor-widget-container\">\n\t\t\t\t\t<h4 class=\"elementor-heading-title elementor-size-default\">S\u00fcr\u00fcm: 1.0 | Son g\u00fcncelleme: 13 Ekim 2025<\/h4>\t\t\t\t<\/div>\n\t\t\t\t<\/div>\n\t\t\t\t<\/div>\n\t\t\t\t\t<\/div>\n\t\t\t\t<\/div>\n\t\t<div class=\"elementor-element elementor-element-6a460d0 e-flex e-con-boxed e-con e-parent\" data-id=\"6a460d0\" data-element_type=\"container\" data-e-type=\"container\">\n\t\t\t\t\t<div class=\"e-con-inner\">\n\t\t\t\t<div class=\"elementor-element elementor-element-44a6802 elementor-widget elementor-widget-text-editor\" data-id=\"44a6802\" data-element_type=\"widget\" data-e-type=\"widget\" data-widget_type=\"text-editor.default\">\n\t\t\t\t<div class=\"elementor-widget-container\">\n\t\t\t\t\t\t\t\t\t<p class=\"p1\">Hexexist<\/p>\n<p class=\"p1\">SECUREPAY SYSTEMS LTD taraf\u0131ndan i\u015fletilmektedir<\/p>\n<p class=\"p2\">Dijital indirme ma\u011fazas\u0131 i\u00e7in kullan\u0131ma haz\u0131r web sitesi \u00e7erez ve izleme bildirimi<\/p>\n\n<table class=\"t1\" cellspacing=\"0\" cellpadding=\"0\">\n<tbody>\n<tr>\n<td class=\"td1\" valign=\"middle\">\n<p class=\"p4\"><b>Yasal kurulu\u015f<\/b><b><\/b><\/p>\n<\/td>\n<td class=\"td2\" valign=\"middle\">\n<p class=\"p5\">SECUREPAY SYSTEMS LTD<\/p>\n<\/td>\n<\/tr>\n<tr>\n<td class=\"td3\" valign=\"middle\">\n<p class=\"p5\"><b>Kay\u0131tl\u0131 ofis<\/b><b><\/b><\/p>\n<\/td>\n<td class=\"td4\" valign=\"middle\">\n<p class=\"p5\">167\u2013169 Great Portland Street, 5. Kat, Londra, W1W 5PF, Birle\u015fik Krall\u0131k<\/p>\n<\/td>\n<\/tr>\n<tr>\n<td class=\"td1\" valign=\"middle\">\n<p class=\"p5\"><b>Web sitesi<\/b><b><\/b><\/p>\n<\/td>\n<td class=\"td2\" valign=\"middle\">\n<p class=\"p5\">\u00a0https:\/\/hexexist.com<\/p>\n<\/td>\n<\/tr>\n<tr>\n<td class=\"td3\" valign=\"middle\">\n<p class=\"p5\"><b>\u0130leti\u015fim e-postas\u0131<\/b><b><\/b><\/p>\n<\/td>\n<td class=\"td4\" <td>\n<p class=\"p5\">\u00a0info@hexexist.com<\/p>\n<\/td>\n<\/tr>\n<tr>\n<td class=\"td5\" valign=\"middle\">\n<p class=\"p5\"><b>Politikan\u0131n Amac\u0131<\/b><b><\/b><\/p>\n<\/td>\n<td class=\"td6\" valign=\"middle\">\n<p class=\"p5\">Hexexist&#8217;te \u00e7erezlerin, piksellerin, yerel depolaman\u0131n ve benzer teknolojilerin kullan\u0131m\u0131n\u0131 a\u00e7\u0131klamak<\/p>\n<\/td>\n<\/tr>\n<\/tbody>\n<\/table>\n<p class=\"p6\">Bu \u00c7erez Politikas\u0131, ziyaret\u00e7iler web sitesinde gezinirken, hesap olu\u015ftururken, sipari\u015f verirken, \u00f6deme veya sepet i\u015flevlerini kullan\u0131rken, dijital \u00fcr\u00fcnler indirirken veya web sitesi i\u00e7eri\u011fi, analiz ve onay ara\u00e7lar\u0131yla etkile\u015fimde bulunurken Hexexist&#8217;in \u00e7erezleri ve benzer teknolojileri nas\u0131l kulland\u0131\u011f\u0131n\u0131 a\u00e7\u0131klar.<\/p>\n<p class=\"p7\"><b>1. Bu Politika Neleri Kapsar<\/b><\/p>\n<p class=\"p6\">Bu Politika, Hexexist \u00fczerinde veya arac\u0131l\u0131\u011f\u0131yla kullan\u0131lan \u00e7erezler, pikseller, etiketler, ilgili durumlarda yaz\u0131l\u0131m geli\u015ftirme kiti tabanl\u0131 tan\u0131mlay\u0131c\u0131lar, taray\u0131c\u0131 depolama teknolojileri ve benzeri ara\u00e7lar i\u00e7in ge\u00e7erlidir. Hexexist Gizlilik Politikas\u0131 ve \u015eartlar ve Ko\u015fullar ile birlikte okunmal\u0131d\u0131r.<\/p>\n<p class=\"p7\"><b>2. Bu Teknolojileri Kim Kullan\u0131yor<\/b><\/p>\n<p class=\"p6\">Hexexist, SECUREPAY SYSTEMS LTD. taraf\u0131ndan i\u015fletilmektedir. \u00c7erezler ve benzeri teknolojiler, web sitesi bar\u0131nd\u0131rma, e-ticaret i\u015flevselli\u011fi, g\u00fcvenlik, analiz, onay y\u00f6netimi, g\u00f6m\u00fcl\u00fc i\u00e7erik ve s\u0131n\u0131rl\u0131 pazarlama \u00f6l\u00e7\u00fcm\u00fcn\u00fc destekleyen se\u00e7ilmi\u015f \u00fc\u00e7\u00fcnc\u00fc taraf hizmet sa\u011flay\u0131c\u0131lar\u0131 taraf\u0131ndan do\u011frudan veya taraf\u0131m\u0131zca yerle\u015ftirilebilir.<\/p>\n<p class=\"p7\"><b>3. \u00c7erezler Nedir<\/b><\/p>\n<p class=\"p6\">\u00c7erezler, bir web sitesini ziyaret ederken kullan\u0131c\u0131n\u0131n taray\u0131c\u0131s\u0131nda veya cihaz\u0131nda saklanan k\u00fc\u00e7\u00fck metin dosyalar\u0131d\u0131r. Baz\u0131 \u00e7erezler web sitesinin i\u015flev g\u00f6rmesi i\u00e7in gereklidir. Di\u011ferleri tercihleri \u200b\u200bhat\u0131rlamaya, performans\u0131 \u00f6l\u00e7meye, oturumlar\u0131 g\u00fcvence alt\u0131na almaya, kullan\u0131c\u0131 etkile\u015fimini anlamaya veya pazarlama ve ili\u015fkilendirme faaliyetlerini desteklemeye yard\u0131mc\u0131 olur. Pikseller, yerel depolama veya komut dosyalar\u0131 gibi benzer teknolojiler de ilgili i\u015flevleri yerine getirebilir.<\/p>\n<p class=\"p7\"><b>4. Kullanabilece\u011fimiz \u00e7erez t\u00fcrleri<\/b><\/p>\n<p class=\"p8\">Hexexist a\u015fa\u011f\u0131daki \u00e7erez kategorilerini ve benzer teknolojileri kullanabilir:<\/p>\n<p class=\"p8\">(a) Kesinlikle gerekli \u00e7erezler\nBu \u00e7erezler web sitesinin temel \u00e7al\u0131\u015fmas\u0131 i\u00e7in gereklidir. Sayfa y\u00f6nlendirme, g\u00fcvenlik, sepet s\u00fcreklili\u011fi, \u00f6deme i\u015flevselli\u011fi, hesap giri\u015fi, oturum kal\u0131c\u0131l\u0131\u011f\u0131, onay ayarlar\u0131, doland\u0131r\u0131c\u0131l\u0131k \u00f6nleme ve dijital \u00fcr\u00fcn eri\u015fim kontrol\u00fcn\u00fc destekleyebilirler. Bu \u00e7erezler olmadan, temel web sitesi hizmetleri d\u00fczg\u00fcn \u00e7al\u0131\u015fmayabilir.<\/p>\n<p class=\"p8\">(b) \u0130\u015flevsel \u00e7erezler\nBu \u00e7erezler kullan\u0131c\u0131 tercihlerini hat\u0131rlamaya ve kolayl\u0131\u011f\u0131 art\u0131rmaya yard\u0131mc\u0131 olur. Dil se\u00e7imlerini, para birimi g\u00f6r\u00fcnt\u00fcleme tercihlerini, giri\u015f kolayl\u0131\u011f\u0131 \u00f6zelliklerini veya hesapla ilgili ayarlar\u0131 saklayabilirler.<\/p>\n<p class=\"p8\">(c) Analitik ve performans \u00e7erezleri\nBu \u00e7erezler, kullan\u0131c\u0131lar\u0131n web sitesiyle nas\u0131l etkile\u015fim kurdu\u011funu anlamam\u0131za yard\u0131mc\u0131 olur; \u00f6rne\u011fin hangi sayfalar\u0131n ziyaret edildi\u011fi, kullan\u0131c\u0131lar\u0131n \u00fcr\u00fcn ve \u00f6deme s\u00fcre\u00e7lerinde nas\u0131l gezindi\u011fi ve sayfalar\u0131n veya \u00f6zelliklerin etkili bir \u015fekilde \u00e7al\u0131\u015f\u0131p \u00e7al\u0131\u015fmad\u0131\u011f\u0131 gibi. Site tasar\u0131m\u0131n\u0131, \u00fcr\u00fcn sunumunu, h\u0131z\u0131 ve g\u00fcvenilirli\u011fi iyile\u015ftirmek i\u00e7in kullan\u0131labilirler.<\/p>\n<p class=\"p8\">(d) G\u00fcvenlik ve b\u00fct\u00fcnl\u00fck \u00e7erezleri\nBu \u00e7erezler veya benzer ara\u00e7lar, \u015f\u00fcpheli davran\u0131\u015flar\u0131 belirlemek, k\u00f6t\u00fcye kullan\u0131m\u0131 \u00f6nlemek, g\u00fcvenli oturumlar\u0131 s\u00fcrd\u00fcrmek, otomatik trafi\u011fi tespit etmek, h\u0131z s\u0131n\u0131rlamas\u0131n\u0131 y\u00f6netmek ve hesap veya \u00f6deme b\u00fct\u00fcnl\u00fc\u011f\u00fcn\u00fc korumak i\u00e7in kullan\u0131labilir.<\/p>\n<p class=\"p6\">(e) Pazarlama veya ili\u015fkilendirme \u00e7erezleri\nKullan\u0131ld\u0131klar\u0131 yerlerde, bu \u00e7erezler trafik kaynaklar\u0131n\u0131, kampanya performans\u0131n\u0131, ba\u011fl\u0131 kurulu\u015f ili\u015fkilendirmesini veya s\u0131n\u0131rl\u0131 reklam etkinli\u011fini de\u011ferlendirmeye yard\u0131mc\u0131 olur. Bunlar temel web sitesi \u00e7al\u0131\u015fmas\u0131 i\u00e7in gerekli de\u011fildir ve ge\u00e7erli onay kurallar\u0131na uygun olarak y\u00f6netilmelidir.<\/p>\n<p class=\"p7\"><b>5. \u00c7erezleri Neden Kullan\u0131yoruz?<\/b><\/p>\n<p class=\"p6\">A\u015fa\u011f\u0131daki ama\u00e7lar i\u00e7in \u00e7erezler ve benzer teknolojiler kullan\u0131yoruz:\n\u2022 Web sitesini \u00e7al\u0131\u015ft\u0131rmak ve g\u00fcvenli\u011fini sa\u011flamak;\n\n\u2022 Sepet, \u00f6deme ve dijital indirme i\u015f ak\u0131\u015f\u0131n\u0131n do\u011fru \u015fekilde \u00e7al\u0131\u015fmas\u0131n\u0131 sa\u011flamak;\n\n\u2022 Para birimi veya dil tercihleri \u200b\u200bgibi kullan\u0131c\u0131 se\u00e7imlerini hat\u0131rlamak;\n\n\u2022 Kimli\u011fi do\u011frulanm\u0131\u015f kullan\u0131c\u0131 oturumlar\u0131n\u0131 s\u00fcrd\u00fcrmek;\n\n\u2022 Web sitesi kullan\u0131m\u0131n\u0131 \u00f6l\u00e7mek ve performans\u0131 iyile\u015ftirmek;\n\n\u2022 Sahtekarl\u0131\u011f\u0131, k\u00f6t\u00fcye kullan\u0131m\u0131, bot etkinli\u011fini veya teknik suistimali tespit etmek;\n\n\u2022 Onay tercihlerini saklamak;\n\n\u2022 Uygun oldu\u011fu durumlarda s\u0131n\u0131rl\u0131 pazarlama veya ili\u015fkilendirme \u00f6l\u00e7\u00fcm\u00fcn\u00fc desteklemek.<\/p>\n<p<p class=\"p7\"><b>6. Hexexist ile ilgili \u00f6rnekler<\/b><\/p>\n<p class=\"p6\">Hexexist dijital indirme ma\u011fazas\u0131 oldu\u011fundan, \u00e7erez kullan\u0131m\u0131 \u015funlarla ba\u011flant\u0131l\u0131 olabilir:\n\u2022 hesap olu\u015fturma ve oturum a\u00e7ma;\n\n\u2022 sepet ve \u00f6deme s\u00fcreklili\u011fi;\n\n\u2022 para birimi g\u00f6sterimi ve b\u00f6lgesel ma\u011faza davran\u0131\u015f\u0131;\n\n\u2022 sipari\u015f onay\u0131 ve indirme hakk\u0131 ak\u0131\u015f\u0131;\n\n\u2022 ge\u00e7ici g\u00fcvenlik do\u011frulamas\u0131;\n\n\u2022 \u00fcr\u00fcn sayfalar\u0131, arama davran\u0131\u015f\u0131 ve d\u00f6n\u00fc\u015f\u00fcm ak\u0131\u015flar\u0131 \u00fczerinde analizler;\n\n\u2022 teknik oturum kan\u0131tlar\u0131 arac\u0131l\u0131\u011f\u0131yla iade, k\u00f6t\u00fcye kullan\u0131m \u00f6nleme ve doland\u0131r\u0131c\u0131l\u0131k kontrol\u00fc inceleme s\u00fcre\u00e7lerinin desteklenmesi.<\/p>\n<p class=\"p7\"><b>7. Birinci taraf ve \u00fc\u00e7\u00fcnc\u00fc taraf \u00e7erezler<\/b><\/p>\n<p class=\"p6\">Baz\u0131 \u00e7erezler do\u011frudan Hexexist taraf\u0131ndan birinci taraf \u00e7erezler olarak ayarlanabilir. Di\u011ferleri, siteyi \u00e7al\u0131\u015ft\u0131rmak i\u00e7in kullan\u0131lan ara\u00e7lar\u0131 sa\u011flayan \u00fc\u00e7\u00fcnc\u00fc taraf sa\u011flay\u0131c\u0131lar taraf\u0131ndan ayarlanabilir; bunlar aras\u0131nda bar\u0131nd\u0131rma sa\u011flay\u0131c\u0131lar\u0131, e-ticaret platformlar\u0131, analiz sa\u011flay\u0131c\u0131lar\u0131, \u00f6deme ile ilgili entegrasyonlar, onay y\u00f6netimi ara\u00e7lar\u0131 veya g\u00fcvenlik sa\u011flay\u0131c\u0131lar\u0131 yer alabilir. \u00dc\u00e7\u00fcnc\u00fc taraf sa\u011flay\u0131c\u0131lar, bizim gizlilik belgelerimize ek olarak kendi gizlilik belgeleri kapsam\u0131nda da verileri i\u015fleyebilirler.<\/p>\n<p class=\"p7\"><b>8. Onay ve yasal dayanak<\/b><\/p>\n<p class=\"p6\">Ge\u00e7erli yasa onay gerektiriyorsa, Hexexist, belirli analiz, ili\u015fkilendirme veya pazarlama \u00e7erezleri gibi gerekli olmayan \u00e7erezleri yerle\u015ftirmeden \u00f6nce kullan\u0131c\u0131 onay\u0131n\u0131 isteyecektir. Kesinlikle gerekli \u00e7erezler, web sitesinin temel \u00e7al\u0131\u015fmas\u0131, g\u00fcvenli\u011fi veya istenen i\u015flevselli\u011fi i\u00e7in gerekli olduklar\u0131ndan genellikle \u00f6nceden onay gerektirmez. Kullan\u0131c\u0131lar, platform s\u0131n\u0131rlamalar\u0131na tabi olarak, \u00e7erez banner&#8217;\u0131, onay mekanizmas\u0131 veya ilgili taray\u0131c\u0131 ayarlar\u0131 arac\u0131l\u0131\u011f\u0131yla tercihlerini g\u00fcncelleyebilirler.<\/p>\n<p class=\"p7\"><b>9. \u00c7erez S\u00fcresi<\/b><\/p>\n<p class=\"p8\">\u00c7erezler, ama\u00e7lar\u0131na ba\u011fl\u0131 olarak farkl\u0131 s\u00fcrelerde aktif kalabilir:\n\u2022 Oturum \u00e7erezleri, taray\u0131c\u0131 oturumu sona erdi\u011finde sona erer.\n\n\u2022 Kal\u0131c\u0131 \u00e7erezler daha uzun s\u00fcre kal\u0131r ve tercihleri, onay se\u00e7imlerini, analiz tan\u0131mlay\u0131c\u0131lar\u0131n\u0131 veya operasyonel ayarlar\u0131 hat\u0131rlamak i\u00e7in kullan\u0131labilir.<\/p>\n<p class=\"p6\">Saklama s\u00fcreleri, kullan\u0131lan araca veya sa\u011flay\u0131c\u0131ya ba\u011fl\u0131 olarak de\u011fi\u015febilir ve web sitesi altyap\u0131s\u0131 geli\u015ftik\u00e7e de\u011fi\u015febilir.<\/p>\n<p class=\"p7\"><b>10. \u00c7erezleri Y\u00f6netme<\/b><\/p>\n<p class=\"p8\">Kullan\u0131c\u0131lar genellikle \u00e7erezleri \u015fu yollarla y\u00f6netebilir:\n\u2022 Web sitesinde sunulan \u00e7erez banner&#8217;\u0131 veya onay arac\u0131;\n\n\u2022 \u00c7erezleri engelleme veya silme dahil olmak \u00fczere taray\u0131c\u0131 ayarlar\u0131;\n\n\u2022 Cihaz veya taray\u0131c\u0131 gizlilik kontrolleri;\n\n\u2022 \u0130lgili eklentiler veya taray\u0131c\u0131 gizlilik ara\u00e7lar\u0131.<\/p>\n<p class=\"p6\">Baz\u0131 \u00e7erezlerin engellenmesi, web sitesi performans\u0131n\u0131 etkileyebilir veya hesap, sepet, \u00f6deme, oturum a\u00e7ma veya indirme ile ilgili i\u015flevlerin kullan\u0131labilirli\u011fini s\u0131n\u0131rlayabilir.<\/p>\n<p class=\"p7\"><b>11. Taray\u0131c\u0131 ve cihaz kontrolleri<\/b><\/p>\n<p class=\"p8\">\u00c7o\u011fu modern taray\u0131c\u0131, kullan\u0131c\u0131lar\u0131n \u015funlar\u0131 yapmas\u0131na olanak tan\u0131r:\n\u2022 Kaydedilen \u00e7erezleri incelemek;\n\n\u2022 Bireysel \u00e7erezleri veya t\u00fcm \u00e7erezleri silmek;\n\n\u2022 Belirli sitelerden gelen \u00e7erezleri engellemek;\n\n\u2022 \u00dc\u00e7\u00fcnc\u00fc taraf \u00e7erezlerini engellemek;\n\n\u2022 Taray\u0131c\u0131 depolamas\u0131n\u0131 temizlemek;\n\n\u2022 Taray\u0131c\u0131 tabanl\u0131 izleme tercihlerini ayarlamak.<\/p>\n<p class=\"p6\">Bu ayarlar, Hexexist taraf\u0131ndan de\u011fil, kullan\u0131c\u0131n\u0131n taray\u0131c\u0131s\u0131 veya cihaz ortam\u0131 taraf\u0131ndan kontrol edilir. Kullan\u0131c\u0131lar, ayr\u0131nt\u0131lar i\u00e7in taray\u0131c\u0131 sa\u011flay\u0131c\u0131lar\u0131n\u0131n belgelerine ba\u015fvurmal\u0131d\u0131r.<\/p>\n<p class=\"p7\"><b>12. Analiz ve \u00d6l\u00e7\u00fcm<\/b><\/p>\n<p class=\"p6\">Hexexist, trafik modellerini, etkile\u015fim d\u00fczeylerini, d\u00f6n\u00fc\u015f\u00fcm yolculuklar\u0131n\u0131, \u00fcr\u00fcn pop\u00fclerli\u011fini ve teknik performans\u0131 anlamak i\u00e7in analiz teknolojilerini kullanabilir. Analiz \u00e7\u0131kt\u0131lar\u0131, kullan\u0131lan araca ve ge\u00e7erli ayarlara ba\u011fl\u0131 olarak, IP&#8217;den t\u00fcretilen veriler, taray\u0131c\u0131 tan\u0131mlay\u0131c\u0131lar\u0131 veya \u00e7erez kimlikleri gibi tan\u0131mlay\u0131c\u0131larla toplanabilir veya ili\u015fkilendirilebilir. Bu bilgileri m\u00fc\u015fteri deneyimini iyile\u015ftirmek, sayfa ak\u0131\u015flar\u0131n\u0131 optimize etmek ve operasyonel karar alma s\u00fcre\u00e7lerini desteklemek i\u00e7in kullan\u0131yoruz.<\/p>\n<p class=\"p7\"><b>13. G\u00fcvenlik ve K\u00f6t\u00fcye Kullan\u0131m \u00d6nlemleri<\/b><\/p>\n<p class=\"p6\">Web sitesi b\u00fct\u00fcnl\u00fc\u011f\u00fcn\u00fc korumak, \u015f\u00fcpheli davran\u0131\u015flar\u0131 belirlemek, kullan\u0131c\u0131 hesaplar\u0131n\u0131 korumak, otomatik k\u00f6t\u00fcye kullan\u0131ma kar\u015f\u0131 savunmak ve doland\u0131r\u0131c\u0131l\u0131k \u00f6nleme veya geri \u00f6deme savunma s\u00fcre\u00e7lerini desteklemek i\u00e7in belirli teknik tan\u0131mlay\u0131c\u0131lar veya \u00e7erezler gerekli olabilir. Bu \u00f6nlemler, eri\u015fim, yetkilendirme ve i\u015flem ak\u0131\u015flar\u0131n\u0131n b\u00fct\u00fcnl\u00fck kontrolleri gerektirdi\u011fi e-ticaret ve dijital teslimat ortamlar\u0131 i\u00e7in \u00f6zellikle \u00f6nemlidir.<\/p>\n<p class=\"p7\"><b>14. Uluslararas\u0131 Transferler<\/b><\/p>\n<p class=\"p6\">\u00c7erezler veya benzer teknolojilerle ba\u011flant\u0131l\u0131 baz\u0131 \u00fc\u00e7\u00fcnc\u00fc taraf sa\u011flay\u0131c\u0131lar, verileri Birle\u015fik Krall\u0131k d\u0131\u015f\u0131nda veya kullan\u0131c\u0131n\u0131n \u00fclkesi d\u0131\u015f\u0131nda i\u015fleyebilir. \u0130lgili durumlarda, bu t\u00fcr i\u015flemler, ge\u00e7erli veri koruma yasas\u0131 uyar\u0131nca uygun yasal g\u00fcvencelere tabi olmal\u0131d\u0131r.<\/p>\n<p class=\"p7\"><b>15. Bu Politikan\u0131n G\u00fcncellemeleri<\/b><\/p>\n<p class=\"p6\">Yasal gerekliliklerde, web sitesi ara\u00e7lar\u0131nda, \u00fc\u00e7\u00fcnc\u00fc taraf sa\u011flay\u0131c\u0131larda, analitik \u00e7er\u00e7evelerde, onay standartlar\u0131nda veya platform i\u015flevselli\u011finde meydana gelen de\u011fi\u015fiklikleri yans\u0131tmak i\u00e7in bu \u00c7erez Politikas\u0131n\u0131 zaman zaman g\u00fcncelleyebiliriz. Daha sonraki bir ge\u00e7erlilik tarihi a\u00e7\u0131k\u00e7a belirtilmedik\u00e7e, Hexexist&#8217;te yay\u0131nlanan s\u00fcr\u00fcm ge\u00e7erli s\u00fcr\u00fcm olacakt\u0131r.<\/p>\n<p class=\"p7\"><b>16. \u0130leti\u015fim<\/b><\/p>\n<p class=\"p8\">Bu \u00c7erez Politikas\u0131 ile ilgili sorular, bildirimler veya talepler \u015fu adrese g\u00f6nderilebilir:<\/p>\n<p class=\"p8\">SECUREPAY SYSTEMS LTD\nHexexist\nE-posta: info@hexexist.com<\/p>\n<p class=\"p8\">Telefon numaras\u0131 yok<\/p>Bu Politikada belirtilen say\u0131.\t\t\t\t\t\t\t\t<\/div>\n\t\t\t\t<\/div>\n\t\t\t\t\t<\/div>\n\t\t\t\t<\/div>\n\t\t\t\t<\/div>\n\t\t","protected":false},"excerpt":{"rendered":"<p>\u00c7erez Politikas\u0131 S\u00fcr\u00fcm: 1.0 | Son g\u00fcncelleme: 13 Ekim 2025 Hexexist SECUREPAY SYSTEMS LTD taraf\u0131ndan i\u015fletilmektedir Dijital indirme ma\u011fazas\u0131 i\u00e7in kullan\u0131ma haz\u0131r web sitesi \u00e7erez ve izleme bildirimi Yasal kurulu\u015f SECUREPAY SYSTEMS LTD Kay\u0131tl\u0131 ofis 167\u2013169 Great Portland Street, 5. Kat, Londra, W1W 5PF, Birle\u015fik Krall\u0131k Web sitesi \u00a0https:\/\/hexexist.com \u0130leti\u015fim e-postas\u0131<\/p>\n","protected":false},"author":1,"featured_media":0,"parent":0,"menu_order":0,"comment_status":"closed","ping_status":"closed","template":"elementor_header_footer","meta":{"footnotes":""},"class_list":["post-13666","page","type-page","status-publish","hentry"],"_links":{"self":[{"href":"https:\/\/hexexist.com\/tr\/wp-json\/wp\/v2\/pages\/13666","targetHints":{"allow":["GET"]}}],"collection":[{"href":"https:\/\/hexexist.com\/tr\/wp-json\/wp\/v2\/pages"}],"about":[{"href":"https:\/\/hexexist.com\/tr\/wp-json\/wp\/v2\/types\/page"}],"author":[{"embeddable":true,"href":"https:\/\/hexexist.com\/tr\/wp-json\/wp\/v2\/users\/1"}],"replies":[{"embeddable":true,"href":"https:\/\/hexexist.com\/tr\/wp-json\/wp\/v2\/comments?post=13666"}],"version-history":[{"count":4,"href":"https:\/\/hexexist.com\/tr\/wp-json\/wp\/v2\/pages\/13666\/revisions"}],"predecessor-version":[{"id":16583,"href":"https:\/\/hexexist.com\/tr\/wp-json\/wp\/v2\/pages\/13666\/revisions\/16583"}],"wp:attachment":[{"href":"https:\/\/hexexist.com\/tr\/wp-json\/wp\/v2\/media?parent=13666"}],"curies":[{"name":"wp","href":"https:\/\/api.w.org\/{rel}","templated":true}]}}