{"id":16470,"date":"2026-03-05T16:05:20","date_gmt":"2026-03-05T16:05:20","guid":{"rendered":"https:\/\/hexexist.com\/extended-license\/"},"modified":"2026-03-05T16:07:35","modified_gmt":"2026-03-05T16:07:35","slug":"extended-license","status":"publish","type":"page","link":"https:\/\/hexexist.com\/tr\/extended-license\/","title":{"rendered":"Geni\u015fletilmi\u015f Lisans"},"content":{"rendered":"<p data-start=\"171\" data-end=\"356\"><strong data-start=\"171\" data-end=\"356\">Geni\u015fletilmi\u015f Lisans, sat\u0131n al\u0131nan \u00fcr\u00fcn i\u00e7in geni\u015fletilmi\u015f ticari kullan\u0131m haklar\u0131 sa\u011flar ve daha geni\u015f bir yelpazedeki profesyonel ve gelir getirici ortamlarda kullan\u0131lmas\u0131na olanak tan\u0131r.<\/strong><\/p>\n<p data-start=\"358\" data-end=\"554\">Bu lisans y\u00fckseltmesi, \u00fcr\u00fcn\u00fc ticari projelerin, dijital \u00fcr\u00fcnlerin veya gelir getiren platformlar\u0131n bir par\u00e7as\u0131 olarak kullanmay\u0131 planlayan i\u015fletmeler, geli\u015ftiriciler, ajanslar ve i\u00e7erik olu\u015fturucular i\u00e7in tasarlanm\u0131\u015ft\u0131r.<\/p>\n<p data-start=\"556\" data-end=\"788\">Geni\u015fletilmi\u015f Lisans ile al\u0131c\u0131ya, \u00fcr\u00fcn\u00fc ticari i\u015f ak\u0131\u015flar\u0131na dahil etme, dijital ortamlara entegre etme ve m\u00fc\u015fterilere sunulan veya kamu kullan\u0131m\u0131na sunulan projelerde kullanma konusunda daha geni\u015f haklar verilir.<\/p>\n<h3 data-start=\"790\" data-end=\"809\">Dahil edilen haklar<\/h3>\n<ul data-start=\"848\" data-end=\"1260\">\n<li data-start=\"848\" data-end=\"916\">\n<p data-start=\"850\" data-end=\"916\">\u00dcr\u00fcn\u00fc ticari projelerde ve i\u015f ortamlar\u0131nda kullanmak<\/p>\n<\/li>\n<li data-start=\"917\" data-end=\"993\">\n<p data-start=\"919\" data-end=\"993\">\u00dcr\u00fcn\u00fc web sitelerine, uygulamalara ve dijital platformlara entegre etmek<\/p>\n<\/li>\n<li data-start=\"994\" data-end=\"1057\">\n<p data-start=\"996\" data-end=\"1057\">\u00dcr\u00fcn\u00fc m\u00fc\u015fteriler i\u00e7in olu\u015fturulan projelerin bir par\u00e7as\u0131 olarak dahil etmek<\/p>\n<\/li>\n<li data-start=\"1058\" data-end=\"1128\">\n<p data-start=\"1060\" data-end=\"1128\">\u00dcr\u00fcn\u00fc gelir \u00fcreten hizmetler veya platformlar i\u00e7inde kullan\u0131n<\/p>\n<\/li>\n<li data-start=\"1129\" data-end=\"1191\">\n<p data-start=\"1131\" data-end=\"1191\">\u00dcr\u00fcn\u00fc profesyonel \u00fcretim ortamlar\u0131nda kullan\u0131n<\/p>\n<\/li>\n<li data-start=\"1192\" data-end=\"1260\">\n<p data-start=\"1194\" data-end=\"1260\">\u00dcr\u00fcn\u00fc daha b\u00fcy\u00fck dijital \u00e7\u00f6z\u00fcmlere veya sistemlere entegre edin<\/p>\n<\/li>\n<\/ul>\n<p data-start=\"1262\" data-end=\"1438\">Bu lisans, standart lisanslarla ili\u015fkili tipik k\u0131s\u0131tlamalar\u0131 ortadan kald\u0131rmak ve profesyonel ve ticari kullan\u0131m senaryolar\u0131 i\u00e7in gereken esnekli\u011fi sa\u011flamak \u00fczere tasarlanm\u0131\u015ft\u0131r.<\/p>\n<h3 data-start=\"1440\" data-end=\"1475\">\u00d6nemli Lisanslama<\/h3>\n<p data-start=\"1477\" data-end=\"1618\">Geni\u015fletilmi\u015f Lisans yaln\u0131zca kullan\u0131m haklar\u0131 i\u00e7in ge\u00e7erlidir.<br data-start=\"1531\" data-end=\"1534\" \/>Se\u00e7ilen lisans t\u00fcr\u00fcnden ba\u011f\u0131ms\u0131z olarak sat\u0131n al\u0131nan \u00fcr\u00fcn dosyas\u0131 ayn\u0131 kal\u0131r.<\/p>\n<p data-start=\"1620\" data-end=\"1716\">Bu lisans y\u00fckseltmesiyle birlikte ek dosya, hizmet, \u00f6zelle\u015ftirme veya destek dahil de\u011fildir.<\/p>\n<p data-start=\"1718\" data-end=\"1850\">Geni\u015fletilmi\u015f Lisans, yaln\u0131zca izin verilen kullan\u0131m kapsam\u0131n\u0131 geni\u015fletir ve \u00fcr\u00fcn\u00fcn daha geni\u015f ticari ba\u011flamlarda kullan\u0131lmas\u0131na olanak tan\u0131r.<\/p>\n","protected":false},"excerpt":{"rendered":"<p>Geni\u015fletilmi\u015f Lisans, sat\u0131n al\u0131nan \u00fcr\u00fcn i\u00e7in geni\u015fletilmi\u015f ticari kullan\u0131m haklar\u0131 sa\u011flar ve daha geni\u015f bir yelpazedeki profesyonel ve gelir getirici ortamlarda kullan\u0131lmas\u0131na olanak tan\u0131r. Bu lisans y\u00fckseltmesi, \u00fcr\u00fcn\u00fc ticari projelerin, dijital \u00fcr\u00fcnlerin veya gelir getiren platformlar\u0131n bir par\u00e7as\u0131 olarak kullanmay\u0131 planlayan i\u015fletmeler, geli\u015ftiriciler, ajanslar ve i\u00e7erik olu\u015fturucular i\u00e7in tasarlanm\u0131\u015ft\u0131r. Geni\u015fletilmi\u015f Lisans ile al\u0131c\u0131ya, \u00fcr\u00fcn\u00fc ticari [&hellip;]<\/p>\n","protected":false},"author":1,"featured_media":0,"parent":0,"menu_order":0,"comment_status":"closed","ping_status":"closed","template":"","meta":{"footnotes":""},"class_list":["post-16470","page","type-page","status-publish","hentry"],"_links":{"self":[{"href":"https:\/\/hexexist.com\/tr\/wp-json\/wp\/v2\/pages\/16470","targetHints":{"allow":["GET"]}}],"collection":[{"href":"https:\/\/hexexist.com\/tr\/wp-json\/wp\/v2\/pages"}],"about":[{"href":"https:\/\/hexexist.com\/tr\/wp-json\/wp\/v2\/types\/page"}],"author":[{"embeddable":true,"href":"https:\/\/hexexist.com\/tr\/wp-json\/wp\/v2\/users\/1"}],"replies":[{"embeddable":true,"href":"https:\/\/hexexist.com\/tr\/wp-json\/wp\/v2\/comments?post=16470"}],"version-history":[{"count":1,"href":"https:\/\/hexexist.com\/tr\/wp-json\/wp\/v2\/pages\/16470\/revisions"}],"predecessor-version":[{"id":16472,"href":"https:\/\/hexexist.com\/tr\/wp-json\/wp\/v2\/pages\/16470\/revisions\/16472"}],"wp:attachment":[{"href":"https:\/\/hexexist.com\/tr\/wp-json\/wp\/v2\/media?parent=16470"}],"curies":[{"name":"wp","href":"https:\/\/api.w.org\/{rel}","templated":true}]}}