{"id":13674,"date":"2025-10-09T09:50:49","date_gmt":"2025-10-09T09:50:49","guid":{"rendered":"http:\/\/hexexist.com\/product\/jquery-migrate-helperi-etkinlestir\/"},"modified":"2025-10-09T09:50:49","modified_gmt":"2025-10-09T09:50:49","slug":"jquery-migrate-helperi-etkinlestir","status":"publish","type":"product","link":"https:\/\/hexexist.com\/tr\/urun\/jquery-migrate-helperi-etkinlestir\/","title":{"rendered":"jQuery Migrate Helper&#8217;\u0131 Etkinle\u015ftir"},"content":{"rendered":"<p>WordPress 5.5 g\u00fcncellemesiyle birlikte, jquery-migrate olarak bilinen bir ge\u00e7i\u015f arac\u0131 art\u0131k varsay\u0131lan olarak etkin de\u011fildir. Bu, eski kodu \u00e7al\u0131\u015ft\u0131ran baz\u0131 temalarda veya eklentilerde eksik i\u015flevselli\u011fe veya beklenmedik davran\u0131\u015flara yol a\u00e7abilir. <\/p>\n","protected":false},"excerpt":{"rendered":"<p>WordPress 5.5 g\u00fcncellemesiyle birlikte, jquery-migrate olarak bilinen bir ge\u00e7i\u015f arac\u0131 art\u0131k varsay\u0131lan olarak etkin de\u011fildir. Bu, eski kodu \u00e7al\u0131\u015ft\u0131ran baz\u0131 temalarda veya eklentilerde eksik i\u015flevselli\u011fe veya beklenmedik davran\u0131\u015flara yol a\u00e7abilir.<\/p>\n","protected":false},"featured_media":13325,"comment_status":"open","ping_status":"closed","template":"","meta":[],"product_brand":[],"product_cat":[1413],"product_tag":[1417,1419,1421],"class_list":{"0":"post-13674","1":"product","2":"type-product","3":"status-publish","4":"has-post-thumbnail","6":"product_cat-eklentiler","7":"product_tag-guncelleme","8":"product_tag-javascript-tr","9":"product_tag-jquery-tr","11":"first","12":"instock","13":"downloadable","14":"virtual","15":"product-type-simple"},"_links":{"self":[{"href":"https:\/\/hexexist.com\/tr\/wp-json\/wp\/v2\/product\/13674","targetHints":{"allow":["GET"]}}],"collection":[{"href":"https:\/\/hexexist.com\/tr\/wp-json\/wp\/v2\/product"}],"about":[{"href":"https:\/\/hexexist.com\/tr\/wp-json\/wp\/v2\/types\/product"}],"replies":[{"embeddable":true,"href":"https:\/\/hexexist.com\/tr\/wp-json\/wp\/v2\/comments?post=13674"}],"wp:featuredmedia":[{"embeddable":true,"href":"https:\/\/hexexist.com\/tr\/wp-json\/wp\/v2\/media\/13325"}],"wp:attachment":[{"href":"https:\/\/hexexist.com\/tr\/wp-json\/wp\/v2\/media?parent=13674"}],"wp:term":[{"taxonomy":"product_brand","embeddable":true,"href":"https:\/\/hexexist.com\/tr\/wp-json\/wp\/v2\/product_brand?post=13674"},{"taxonomy":"product_cat","embeddable":true,"href":"https:\/\/hexexist.com\/tr\/wp-json\/wp\/v2\/product_cat?post=13674"},{"taxonomy":"product_tag","embeddable":true,"href":"https:\/\/hexexist.com\/tr\/wp-json\/wp\/v2\/product_tag?post=13674"}],"curies":[{"name":"wp","href":"https:\/\/api.w.org\/{rel}","templated":true}]}}