{"id":13675,"date":"2025-10-09T09:50:50","date_gmt":"2025-10-09T09:50:50","guid":{"rendered":"http:\/\/hexexist.com\/product\/woocommerce-icin-urun-ice-aktarma-disa-aktarma-urun-csv-paketi\/"},"modified":"2025-10-09T09:50:50","modified_gmt":"2025-10-09T09:50:50","slug":"woocommerce-icin-urun-ice-aktarma-disa-aktarma-urun-csv-paketi","status":"publish","type":"product","link":"https:\/\/hexexist.com\/tr\/urun\/woocommerce-icin-urun-ice-aktarma-disa-aktarma-urun-csv-paketi\/","title":{"rendered":"WooCommerce i\u00e7in \u00dcr\u00fcn \u0130\u00e7e Aktarma D\u0131\u015fa Aktarma \u00dcr\u00fcn CSV Paketi"},"content":{"rendered":"<p>WooCommerce \u00fcr\u00fcnlerini (basit, grupland\u0131r\u0131lm\u0131\u015f, harici\/ortak) CSV arac\u0131l\u0131\u011f\u0131yla kolayca i\u00e7e\/d\u0131\u015fa aktar\u0131n. Resimler, incelemeler, kategoriler ve etiketler dahil olmak \u00fczere \u00fcr\u00fcn verilerini aktar\u0131n. Art\u0131k ChatGPT API entegrasyonuna sahip olan eklenti, \u00fcr\u00fcn a\u00e7\u0131klamalar\u0131n\u0131 sizin i\u00e7in otomatik olarak olu\u015fturur.  <\/p>\n","protected":false},"excerpt":{"rendered":"<p>WooCommerce \u00fcr\u00fcnlerini (basit, grupland\u0131r\u0131lm\u0131\u015f, harici\/ortak) CSV arac\u0131l\u0131\u011f\u0131yla kolayca i\u00e7e\/d\u0131\u015fa aktar\u0131n. Resimler, incelemeler, kategoriler ve etiketler dahil olmak \u00fczere \u00fcr\u00fcn verilerini aktar\u0131n. Art\u0131k ChatGPT API entegrasyonuna sahip olan eklenti, \u00fcr\u00fcn a\u00e7\u0131klamalar\u0131n\u0131 sizin i\u00e7in otomatik olarak olu\u015fturur.<\/p>\n","protected":false},"featured_media":13332,"comment_status":"open","ping_status":"closed","template":"","meta":[],"product_brand":[],"product_cat":[1413],"product_tag":[1420,1422,1423,1418],"class_list":{"0":"post-13675","1":"product","2":"type-product","3":"status-publish","4":"has-post-thumbnail","6":"product_cat-eklentiler","7":"product_tag-urun-ihracati","8":"product_tag-urun-ithalati","9":"product_tag-woocommerce-urun-ice-aktarma","10":"product_tag-woocommerce-urunlerini-disa-aktarma","12":"first","13":"instock","14":"downloadable","15":"virtual","16":"product-type-simple"},"_links":{"self":[{"href":"https:\/\/hexexist.com\/tr\/wp-json\/wp\/v2\/product\/13675","targetHints":{"allow":["GET"]}}],"collection":[{"href":"https:\/\/hexexist.com\/tr\/wp-json\/wp\/v2\/product"}],"about":[{"href":"https:\/\/hexexist.com\/tr\/wp-json\/wp\/v2\/types\/product"}],"replies":[{"embeddable":true,"href":"https:\/\/hexexist.com\/tr\/wp-json\/wp\/v2\/comments?post=13675"}],"wp:featuredmedia":[{"embeddable":true,"href":"https:\/\/hexexist.com\/tr\/wp-json\/wp\/v2\/media\/13332"}],"wp:attachment":[{"href":"https:\/\/hexexist.com\/tr\/wp-json\/wp\/v2\/media?parent=13675"}],"wp:term":[{"taxonomy":"product_brand","embeddable":true,"href":"https:\/\/hexexist.com\/tr\/wp-json\/wp\/v2\/product_brand?post=13675"},{"taxonomy":"product_cat","embeddable":true,"href":"https:\/\/hexexist.com\/tr\/wp-json\/wp\/v2\/product_cat?post=13675"},{"taxonomy":"product_tag","embeddable":true,"href":"https:\/\/hexexist.com\/tr\/wp-json\/wp\/v2\/product_tag?post=13675"}],"curies":[{"name":"wp","href":"https:\/\/api.w.org\/{rel}","templated":true}]}}