{"id":13676,"date":"2025-10-09T09:50:49","date_gmt":"2025-10-09T09:50:49","guid":{"rendered":"http:\/\/hexexist.com\/product\/e-posta-kodlayici-e-posta-adreslerini-ve-telefon-numaralarini-korur\/"},"modified":"2025-10-09T09:50:49","modified_gmt":"2025-10-09T09:50:49","slug":"e-posta-kodlayici-e-posta-adreslerini-ve-telefon-numaralarini-korur","status":"publish","type":"product","link":"https:\/\/hexexist.com\/tr\/urun\/e-posta-kodlayici-e-posta-adreslerini-ve-telefon-numaralarini-korur\/","title":{"rendered":"E-posta Kodlay\u0131c\u0131 E-posta Adreslerini ve Telefon Numaralar\u0131n\u0131 Korur"},"content":{"rendered":"<p>E-posta adresleriniz i\u00e7in spam botlara, e-posta toplay\u0131c\u0131lara ve di\u011fer robotlara kar\u015f\u0131 tam site korumas\u0131. Yap\u0131land\u0131rma gerekmez. Ayr\u0131ca entegre http:\/\/hexexist.com\/wp-content\/uploads\/2025\/04\/eeb_protect_content] k\u0131sa kodumuzu veya href \u00f6znitelik kodlamam\u0131z\u0131 kullanarak telefon numaralar\u0131n\u0131 veya di\u011fer metinleri de korur.  <\/p>\n","protected":false},"excerpt":{"rendered":"<p>E-posta adresleriniz i\u00e7in spam botlara, e-posta toplay\u0131c\u0131lara ve di\u011fer robotlara kar\u015f\u0131 tam site korumas\u0131. Yap\u0131land\u0131rma gerekmez. Ayr\u0131ca entegre http:\/\/hexexist.com\/wp-content\/uploads\/2025\/04\/eeb_protect_content] k\u0131sa kodumuzu veya href \u00f6znitelik kodlamam\u0131z\u0131 kullanarak telefon numaralar\u0131n\u0131 veya di\u011fer metinleri de korur.<\/p>\n","protected":false},"featured_media":13324,"comment_status":"open","ping_status":"closed","template":"","meta":[],"product_brand":[],"product_cat":[1413],"product_tag":[1424,1429,1426,1428,1430],"class_list":{"0":"post-13676","1":"product","2":"type-product","3":"status-publish","4":"has-post-thumbnail","6":"product_cat-eklentiler","7":"product_tag-anti-spam-tr","8":"product_tag-encode-tr","9":"product_tag-gizle","10":"product_tag-korumak","11":"product_tag-sifrelemek","13":"first","14":"instock","15":"downloadable","16":"virtual","17":"product-type-simple"},"_links":{"self":[{"href":"https:\/\/hexexist.com\/tr\/wp-json\/wp\/v2\/product\/13676","targetHints":{"allow":["GET"]}}],"collection":[{"href":"https:\/\/hexexist.com\/tr\/wp-json\/wp\/v2\/product"}],"about":[{"href":"https:\/\/hexexist.com\/tr\/wp-json\/wp\/v2\/types\/product"}],"replies":[{"embeddable":true,"href":"https:\/\/hexexist.com\/tr\/wp-json\/wp\/v2\/comments?post=13676"}],"wp:featuredmedia":[{"embeddable":true,"href":"https:\/\/hexexist.com\/tr\/wp-json\/wp\/v2\/media\/13324"}],"wp:attachment":[{"href":"https:\/\/hexexist.com\/tr\/wp-json\/wp\/v2\/media?parent=13676"}],"wp:term":[{"taxonomy":"product_brand","embeddable":true,"href":"https:\/\/hexexist.com\/tr\/wp-json\/wp\/v2\/product_brand?post=13676"},{"taxonomy":"product_cat","embeddable":true,"href":"https:\/\/hexexist.com\/tr\/wp-json\/wp\/v2\/product_cat?post=13676"},{"taxonomy":"product_tag","embeddable":true,"href":"https:\/\/hexexist.com\/tr\/wp-json\/wp\/v2\/product_tag?post=13676"}],"curies":[{"name":"wp","href":"https:\/\/api.w.org\/{rel}","templated":true}]}}