{"id":13677,"date":"2025-10-09T09:50:50","date_gmt":"2025-10-09T09:50:50","guid":{"rendered":"http:\/\/hexexist.com\/product\/php-kod-widgeti\/"},"modified":"2025-10-09T09:50:50","modified_gmt":"2025-10-09T09:50:50","slug":"php-kod-widgeti","status":"publish","type":"product","link":"https:\/\/hexexist.com\/tr\/urun\/php-kod-widgeti\/","title":{"rendered":"PHP Kod Widget&#8217;\u0131"},"content":{"rendered":"<p>Normal Metin widget&#8217;\u0131 rastgele Metin ve\/veya HTML kodu eklemenize izin verir. Bu da buna izin verir, ancak ayn\u0131 zamanda metin widget&#8217;\u0131ndaki herhangi bir PHP kodunu ayr\u0131\u015ft\u0131r\u0131r ve \u00e7al\u0131\u015ft\u0131r\u0131r. <\/p>\n","protected":false},"excerpt":{"rendered":"<p>Normal Metin widget&#8217;\u0131 rastgele Metin ve\/veya HTML kodu eklemenize izin verir. Bu da buna izin verir, ancak ayn\u0131 zamanda metin widget&#8217;\u0131ndaki herhangi bir PHP kodunu ayr\u0131\u015ft\u0131r\u0131r ve \u00e7al\u0131\u015ft\u0131r\u0131r.<\/p>\n","protected":false},"featured_media":13331,"comment_status":"open","ping_status":"closed","template":"","meta":[],"product_brand":[],"product_cat":[1413],"product_tag":[1425,1427],"class_list":{"0":"post-13677","1":"product","2":"type-product","3":"status-publish","4":"has-post-thumbnail","6":"product_cat-eklentiler","7":"product_tag-php-tr","8":"product_tag-widget-tr","10":"first","11":"instock","12":"downloadable","13":"virtual","14":"product-type-simple"},"_links":{"self":[{"href":"https:\/\/hexexist.com\/tr\/wp-json\/wp\/v2\/product\/13677","targetHints":{"allow":["GET"]}}],"collection":[{"href":"https:\/\/hexexist.com\/tr\/wp-json\/wp\/v2\/product"}],"about":[{"href":"https:\/\/hexexist.com\/tr\/wp-json\/wp\/v2\/types\/product"}],"replies":[{"embeddable":true,"href":"https:\/\/hexexist.com\/tr\/wp-json\/wp\/v2\/comments?post=13677"}],"wp:featuredmedia":[{"embeddable":true,"href":"https:\/\/hexexist.com\/tr\/wp-json\/wp\/v2\/media\/13331"}],"wp:attachment":[{"href":"https:\/\/hexexist.com\/tr\/wp-json\/wp\/v2\/media?parent=13677"}],"wp:term":[{"taxonomy":"product_brand","embeddable":true,"href":"https:\/\/hexexist.com\/tr\/wp-json\/wp\/v2\/product_brand?post=13677"},{"taxonomy":"product_cat","embeddable":true,"href":"https:\/\/hexexist.com\/tr\/wp-json\/wp\/v2\/product_cat?post=13677"},{"taxonomy":"product_tag","embeddable":true,"href":"https:\/\/hexexist.com\/tr\/wp-json\/wp\/v2\/product_tag?post=13677"}],"curies":[{"name":"wp","href":"https:\/\/api.w.org\/{rel}","templated":true}]}}