{"id":13678,"date":"2025-10-09T09:50:50","date_gmt":"2025-10-09T09:50:50","guid":{"rendered":"http:\/\/hexexist.com\/product\/mailerlite-kayit-formlari-resmi\/"},"modified":"2025-10-09T09:50:50","modified_gmt":"2025-10-09T09:50:50","slug":"mailerlite-kayit-formlari-resmi","status":"publish","type":"product","link":"https:\/\/hexexist.com\/tr\/urun\/mailerlite-kayit-formlari-resmi\/","title":{"rendered":"MailerLite Kay\u0131t formlar\u0131 (resmi)"},"content":{"rendered":"<p>Resmi MailerLite kay\u0131t formlar\u0131 eklentisi, WordPress blogunuzdan veya web sitenizden b\u00fclten abone listenizi b\u00fcy\u00fctmenizi kolayla\u015ft\u0131r\u0131r. Eklenti, WordPress formunuzu MailerLite e-posta pazarlama hesab\u0131n\u0131zla otomatik olarak entegre eder. <\/p>\n","protected":false},"excerpt":{"rendered":"<p>Resmi MailerLite kay\u0131t formlar\u0131 eklentisi, WordPress blogunuzdan veya web sitenizden b\u00fclten abone listenizi b\u00fcy\u00fctmenizi kolayla\u015ft\u0131r\u0131r. Eklenti, WordPress formunuzu MailerLite e-posta pazarlama hesab\u0131n\u0131zla otomatik olarak entegre eder.<\/p>\n","protected":false},"featured_media":13330,"comment_status":"open","ping_status":"closed","template":"","meta":[],"product_brand":[],"product_cat":[1413],"product_tag":[1433,1432,1431,1435,1437],"class_list":{"0":"post-13678","1":"product","2":"type-product","3":"status-publish","4":"has-post-thumbnail","6":"product_cat-eklentiler","7":"product_tag-abone-olun","8":"product_tag-bulten","9":"product_tag-form-tr","10":"product_tag-mailerlite-tr","11":"product_tag-webform-tr","13":"first","14":"instock","15":"downloadable","16":"virtual","17":"product-type-simple"},"_links":{"self":[{"href":"https:\/\/hexexist.com\/tr\/wp-json\/wp\/v2\/product\/13678","targetHints":{"allow":["GET"]}}],"collection":[{"href":"https:\/\/hexexist.com\/tr\/wp-json\/wp\/v2\/product"}],"about":[{"href":"https:\/\/hexexist.com\/tr\/wp-json\/wp\/v2\/types\/product"}],"replies":[{"embeddable":true,"href":"https:\/\/hexexist.com\/tr\/wp-json\/wp\/v2\/comments?post=13678"}],"wp:featuredmedia":[{"embeddable":true,"href":"https:\/\/hexexist.com\/tr\/wp-json\/wp\/v2\/media\/13330"}],"wp:attachment":[{"href":"https:\/\/hexexist.com\/tr\/wp-json\/wp\/v2\/media?parent=13678"}],"wp:term":[{"taxonomy":"product_brand","embeddable":true,"href":"https:\/\/hexexist.com\/tr\/wp-json\/wp\/v2\/product_brand?post=13678"},{"taxonomy":"product_cat","embeddable":true,"href":"https:\/\/hexexist.com\/tr\/wp-json\/wp\/v2\/product_cat?post=13678"},{"taxonomy":"product_tag","embeddable":true,"href":"https:\/\/hexexist.com\/tr\/wp-json\/wp\/v2\/product_tag?post=13678"}],"curies":[{"name":"wp","href":"https:\/\/api.w.org\/{rel}","templated":true}]}}