{"id":13679,"date":"2025-10-09T09:50:49","date_gmt":"2025-10-09T09:50:49","guid":{"rendered":"http:\/\/hexexist.com\/product\/yinelenen-sayfa-ve-gonderi\/"},"modified":"2025-10-09T09:50:49","modified_gmt":"2025-10-09T09:50:49","slug":"yinelenen-sayfa-ve-gonderi","status":"publish","type":"product","link":"https:\/\/hexexist.com\/tr\/urun\/yinelenen-sayfa-ve-gonderi\/","title":{"rendered":"Yinelenen Sayfa ve G\u00f6nderi"},"content":{"rendered":"<p>Duplicate sayfa ve yaz\u0131 eklentisi, sayfa veya yaz\u0131lar\u0131n bir klonunu olu\u015fturma i\u015flevi sa\u011flar. Sayfalar\u0131, yaz\u0131lar\u0131 ve \u00f6zel yaz\u0131lar\u0131 tek bir t\u0131klamayla \u00e7o\u011faltabilirsiniz ve taslak olarak kaydedilir. Duplicate page and post, di\u011fer eklentilerin sahip oldu\u011fu pek \u00e7ok \u00f6zelli\u011fe sahip de\u011fildir, ancak ayn\u0131 zamanda kar\u015f\u0131la\u015ft\u0131r\u0131ld\u0131\u011f\u0131nda y\u0131ld\u0131r\u0131m h\u0131z\u0131ndad\u0131r.  <\/p>\n","protected":false},"excerpt":{"rendered":"<p>Duplicate sayfa ve yaz\u0131 eklentisi, sayfa veya yaz\u0131lar\u0131n bir klonunu olu\u015fturma i\u015flevi sa\u011flar. Sayfalar\u0131, yaz\u0131lar\u0131 ve \u00f6zel yaz\u0131lar\u0131 tek bir t\u0131klamayla \u00e7o\u011faltabilirsiniz ve taslak olarak kaydedilir. Duplicate page and post, di\u011fer eklentilerin sahip oldu\u011fu pek \u00e7ok \u00f6zelli\u011fe sahip de\u011fildir, ancak ayn\u0131 zamanda kar\u015f\u0131la\u015ft\u0131r\u0131ld\u0131\u011f\u0131nda y\u0131ld\u0131r\u0131m h\u0131z\u0131ndad\u0131r.<\/p>\n","protected":false},"featured_media":13323,"comment_status":"open","ping_status":"closed","template":"","meta":[],"product_brand":[],"product_cat":[1413],"product_tag":[1440,1439,1438,1434,1436],"class_list":{"0":"post-13679","1":"product","2":"type-product","3":"status-publish","4":"has-post-thumbnail","6":"product_cat-eklentiler","7":"product_tag-klon-postasi","8":"product_tag-klon-sayfasi","9":"product_tag-mukerrer-gonderi","10":"product_tag-ozel-gonderileri-cogaltma","11":"product_tag-yinelenen-sayfa","13":"first","14":"instock","15":"downloadable","16":"virtual","17":"product-type-simple"},"_links":{"self":[{"href":"https:\/\/hexexist.com\/tr\/wp-json\/wp\/v2\/product\/13679","targetHints":{"allow":["GET"]}}],"collection":[{"href":"https:\/\/hexexist.com\/tr\/wp-json\/wp\/v2\/product"}],"about":[{"href":"https:\/\/hexexist.com\/tr\/wp-json\/wp\/v2\/types\/product"}],"replies":[{"embeddable":true,"href":"https:\/\/hexexist.com\/tr\/wp-json\/wp\/v2\/comments?post=13679"}],"wp:featuredmedia":[{"embeddable":true,"href":"https:\/\/hexexist.com\/tr\/wp-json\/wp\/v2\/media\/13323"}],"wp:attachment":[{"href":"https:\/\/hexexist.com\/tr\/wp-json\/wp\/v2\/media?parent=13679"}],"wp:term":[{"taxonomy":"product_brand","embeddable":true,"href":"https:\/\/hexexist.com\/tr\/wp-json\/wp\/v2\/product_brand?post=13679"},{"taxonomy":"product_cat","embeddable":true,"href":"https:\/\/hexexist.com\/tr\/wp-json\/wp\/v2\/product_cat?post=13679"},{"taxonomy":"product_tag","embeddable":true,"href":"https:\/\/hexexist.com\/tr\/wp-json\/wp\/v2\/product_tag?post=13679"}],"curies":[{"name":"wp","href":"https:\/\/api.w.org\/{rel}","templated":true}]}}