{"id":13680,"date":"2025-10-09T09:50:50","date_gmt":"2025-10-09T09:50:50","guid":{"rendered":"http:\/\/hexexist.com\/product\/mousewheel-duzgun-kaydirma\/"},"modified":"2025-10-09T09:50:50","modified_gmt":"2025-10-09T09:50:50","slug":"mousewheel-duzgun-kaydirma","status":"publish","type":"product","link":"https:\/\/hexexist.com\/tr\/urun\/mousewheel-duzgun-kaydirma\/","title":{"rendered":"MouseWheel D\u00fczg\u00fcn Kayd\u0131rma"},"content":{"rendered":"<p>Temel web sitesi kayd\u0131rma efektini fare tekerle\u011fi, dokunmatik y\u00fczey veya klavye oklar\u0131n\u0131 kullanarak g\u00fczel ve yumu\u015fak kayd\u0131rma ile de\u011fi\u015ftirin<\/p>\n","protected":false},"excerpt":{"rendered":"<p>Temel web sitesi kayd\u0131rma efektini fare tekerle\u011fi, dokunmatik y\u00fczey veya klavye oklar\u0131n\u0131 kullanarak g\u00fczel ve yumu\u015fak kayd\u0131rma ile de\u011fi\u015ftirin<\/p>\n","protected":false},"featured_media":13329,"comment_status":"open","ping_status":"closed","template":"","meta":[],"product_brand":[],"product_cat":[1413],"product_tag":[1442,1443,1441],"class_list":{"0":"post-13680","1":"product","2":"type-product","3":"status-publish","4":"has-post-thumbnail","6":"product_cat-eklentiler","7":"product_tag-fare-tekerlegi-kaydirma","8":"product_tag-kaydirma","9":"product_tag-puruzsuz-kaydirma","11":"first","12":"instock","13":"downloadable","14":"virtual","15":"product-type-simple"},"_links":{"self":[{"href":"https:\/\/hexexist.com\/tr\/wp-json\/wp\/v2\/product\/13680","targetHints":{"allow":["GET"]}}],"collection":[{"href":"https:\/\/hexexist.com\/tr\/wp-json\/wp\/v2\/product"}],"about":[{"href":"https:\/\/hexexist.com\/tr\/wp-json\/wp\/v2\/types\/product"}],"replies":[{"embeddable":true,"href":"https:\/\/hexexist.com\/tr\/wp-json\/wp\/v2\/comments?post=13680"}],"wp:featuredmedia":[{"embeddable":true,"href":"https:\/\/hexexist.com\/tr\/wp-json\/wp\/v2\/media\/13329"}],"wp:attachment":[{"href":"https:\/\/hexexist.com\/tr\/wp-json\/wp\/v2\/media?parent=13680"}],"wp:term":[{"taxonomy":"product_brand","embeddable":true,"href":"https:\/\/hexexist.com\/tr\/wp-json\/wp\/v2\/product_brand?post=13680"},{"taxonomy":"product_cat","embeddable":true,"href":"https:\/\/hexexist.com\/tr\/wp-json\/wp\/v2\/product_cat?post=13680"},{"taxonomy":"product_tag","embeddable":true,"href":"https:\/\/hexexist.com\/tr\/wp-json\/wp\/v2\/product_tag?post=13680"}],"curies":[{"name":"wp","href":"https:\/\/api.w.org\/{rel}","templated":true}]}}