{"id":13681,"date":"2025-10-09T09:50:49","date_gmt":"2025-10-09T09:50:49","guid":{"rendered":"http:\/\/hexexist.com\/product\/rest-apiyi-devre-disi-birak\/"},"modified":"2025-10-09T09:50:49","modified_gmt":"2025-10-09T09:50:49","slug":"rest-apiyi-devre-disi-birak","status":"publish","type":"product","link":"https:\/\/hexexist.com\/tr\/urun\/rest-apiyi-devre-disi-birak\/","title":{"rendered":"REST API&#8217;yi devre d\u0131\u015f\u0131 b\u0131rak"},"content":{"rendered":"<p>WordPress REST API&#8217;ye eri\u015fimi kontrol etmek i\u00e7in en kapsaml\u0131 eklenti!<\/p>\n","protected":false},"excerpt":{"rendered":"<p>WordPress REST API&#8217;ye eri\u015fimi kontrol etmek i\u00e7in en kapsaml\u0131 eklenti!<\/p>\n","protected":false},"featured_media":13322,"comment_status":"open","ping_status":"closed","template":"","meta":[],"product_brand":[],"product_cat":[1413],"product_tag":[1446,1448,1447,1445,1444],"class_list":{"0":"post-13681","1":"product","2":"type-product","3":"status-publish","4":"has-post-thumbnail","6":"product_cat-eklentiler","7":"product_tag-api-tr","8":"product_tag-dinlenme","9":"product_tag-json-tr","10":"product_tag-rest-api-tr","11":"product_tag-yonetici","13":"first","14":"instock","15":"downloadable","16":"virtual","17":"product-type-simple"},"_links":{"self":[{"href":"https:\/\/hexexist.com\/tr\/wp-json\/wp\/v2\/product\/13681","targetHints":{"allow":["GET"]}}],"collection":[{"href":"https:\/\/hexexist.com\/tr\/wp-json\/wp\/v2\/product"}],"about":[{"href":"https:\/\/hexexist.com\/tr\/wp-json\/wp\/v2\/types\/product"}],"replies":[{"embeddable":true,"href":"https:\/\/hexexist.com\/tr\/wp-json\/wp\/v2\/comments?post=13681"}],"wp:featuredmedia":[{"embeddable":true,"href":"https:\/\/hexexist.com\/tr\/wp-json\/wp\/v2\/media\/13322"}],"wp:attachment":[{"href":"https:\/\/hexexist.com\/tr\/wp-json\/wp\/v2\/media?parent=13681"}],"wp:term":[{"taxonomy":"product_brand","embeddable":true,"href":"https:\/\/hexexist.com\/tr\/wp-json\/wp\/v2\/product_brand?post=13681"},{"taxonomy":"product_cat","embeddable":true,"href":"https:\/\/hexexist.com\/tr\/wp-json\/wp\/v2\/product_cat?post=13681"},{"taxonomy":"product_tag","embeddable":true,"href":"https:\/\/hexexist.com\/tr\/wp-json\/wp\/v2\/product_tag?post=13681"}],"curies":[{"name":"wp","href":"https:\/\/api.w.org\/{rel}","templated":true}]}}