{"id":13682,"date":"2025-10-09T09:50:50","date_gmt":"2025-10-09T09:50:50","guid":{"rendered":"http:\/\/hexexist.com\/product\/medya-temizleyici-wordpressinizi-temizleyin\/"},"modified":"2025-10-09T09:50:50","modified_gmt":"2025-10-09T09:50:50","slug":"medya-temizleyici-wordpressinizi-temizleyin","status":"publish","type":"product","link":"https:\/\/hexexist.com\/tr\/urun\/medya-temizleyici-wordpressinizi-temizleyin\/","title":{"rendered":"Medya Temizleyici: WordPress&#8217;inizi temizleyin!"},"content":{"rendered":"<p>Media Cleaner, kullan\u0131lmayan medya giri\u015flerini ve dosyalar\u0131n\u0131 silerek ve bozuk giri\u015fleri d\u00fczelterek WordPress medya kitapl\u0131\u011f\u0131n\u0131z\u0131 temizlemenize yard\u0131mc\u0131 olan g\u00fc\u00e7l\u00fc bir eklentidir. Dahili \u00e7\u00f6p kutusu \u00f6zelli\u011fi sayesinde, herhangi bir \u015feyi kal\u0131c\u0131 olarak silmeden \u00f6nce de\u011fi\u015fiklikleri \u00f6nizleyebilir ve onaylayabilirsiniz. Ayr\u0131ca Media Cleaner, belirli eklentiler ve temalarla uyumlulu\u011fu sa\u011flamak i\u00e7in ak\u0131ll\u0131 analiz kullan\u0131r.  <\/p>\n","protected":false},"excerpt":{"rendered":"<p>Media Cleaner, kullan\u0131lmayan medya giri\u015flerini ve dosyalar\u0131n\u0131 silerek ve bozuk giri\u015fleri d\u00fczelterek WordPress medya kitapl\u0131\u011f\u0131n\u0131z\u0131 temizlemenize yard\u0131mc\u0131 olan g\u00fc\u00e7l\u00fc bir eklentidir. Dahili \u00e7\u00f6p kutusu \u00f6zelli\u011fi sayesinde, herhangi bir \u015feyi kal\u0131c\u0131 olarak silmeden \u00f6nce de\u011fi\u015fiklikleri \u00f6nizleyebilir ve onaylayabilirsiniz. Ayr\u0131ca Media Cleaner, belirli eklentiler ve temalarla uyumlulu\u011fu sa\u011flamak i\u00e7in ak\u0131ll\u0131 analiz kullan\u0131r.<\/p>\n","protected":false},"featured_media":13328,"comment_status":"open","ping_status":"closed","template":"","meta":[],"product_brand":[],"product_cat":[1413],"product_tag":[1452,1449,1453,1450,1451],"class_list":{"0":"post-13682","1":"product","2":"type-product","3":"status-publish","4":"has-post-thumbnail","6":"product_cat-eklentiler","7":"product_tag-dosyalar","8":"product_tag-goruntuler","9":"product_tag-kutuphane","10":"product_tag-medya","11":"product_tag-temiz","13":"first","14":"instock","15":"downloadable","16":"virtual","17":"product-type-simple"},"_links":{"self":[{"href":"https:\/\/hexexist.com\/tr\/wp-json\/wp\/v2\/product\/13682","targetHints":{"allow":["GET"]}}],"collection":[{"href":"https:\/\/hexexist.com\/tr\/wp-json\/wp\/v2\/product"}],"about":[{"href":"https:\/\/hexexist.com\/tr\/wp-json\/wp\/v2\/types\/product"}],"replies":[{"embeddable":true,"href":"https:\/\/hexexist.com\/tr\/wp-json\/wp\/v2\/comments?post=13682"}],"wp:featuredmedia":[{"embeddable":true,"href":"https:\/\/hexexist.com\/tr\/wp-json\/wp\/v2\/media\/13328"}],"wp:attachment":[{"href":"https:\/\/hexexist.com\/tr\/wp-json\/wp\/v2\/media?parent=13682"}],"wp:term":[{"taxonomy":"product_brand","embeddable":true,"href":"https:\/\/hexexist.com\/tr\/wp-json\/wp\/v2\/product_brand?post=13682"},{"taxonomy":"product_cat","embeddable":true,"href":"https:\/\/hexexist.com\/tr\/wp-json\/wp\/v2\/product_cat?post=13682"},{"taxonomy":"product_tag","embeddable":true,"href":"https:\/\/hexexist.com\/tr\/wp-json\/wp\/v2\/product_tag?post=13682"}],"curies":[{"name":"wp","href":"https:\/\/api.w.org\/{rel}","templated":true}]}}