{"id":13683,"date":"2025-10-09T09:50:49","date_gmt":"2025-10-09T09:50:49","guid":{"rendered":"http:\/\/hexexist.com\/product\/defender-security-kotu-amacli-yazilim-tarayici-giris-guvenligi-ve-guvenlik-duvari\/"},"modified":"2025-10-09T09:50:49","modified_gmt":"2025-10-09T09:50:49","slug":"defender-security-kotu-amacli-yazilim-tarayici-giris-guvenligi-ve-guvenlik-duvari","status":"publish","type":"product","link":"https:\/\/hexexist.com\/tr\/urun\/defender-security-kotu-amacli-yazilim-tarayici-giris-guvenligi-ve-guvenlik-duvari\/","title":{"rendered":"Defender Security K\u00f6t\u00fc Ama\u00e7l\u0131 Yaz\u0131l\u0131m Taray\u0131c\u0131, Giri\u015f G\u00fcvenli\u011fi ve G\u00fcvenlik Duvar\u0131"},"content":{"rendered":"<p>Defender, k\u00f6t\u00fc ama\u00e7l\u0131 yaz\u0131l\u0131m taray\u0131c\u0131, g\u00fcvenlik duvar\u0131, parola korumas\u0131 ve oturum a\u00e7ma g\u00fcvenli\u011fi \u00f6zellikleri dahil olmak \u00fczere WordPress eklenti g\u00fcvenli\u011finde en iyisini sadece birka\u00e7 t\u0131klama ile web sitenize ekler. Defender&#8217;\u0131n antivir\u00fcs taramalar\u0131, IP engelleme, g\u00fcvenlik duvar\u0131, etkinlik g\u00fcnl\u00fc\u011f\u00fc, g\u00fcvenlik g\u00fcnl\u00fc\u011f\u00fc ve iki fakt\u00f6rl\u00fc kimlik do\u011frulama (2FA) oturum a\u00e7ma g\u00fcvenli\u011fi sa\u011flayan k\u00f6t\u00fc ama\u00e7l\u0131 yaz\u0131l\u0131m taray\u0131c\u0131s\u0131 ile kaba kuvvet oturum a\u00e7ma sald\u0131r\u0131lar\u0131n\u0131, zay\u0131f parola kullan\u0131m\u0131n\u0131, SQL enjeksiyonlar\u0131n\u0131, siteler aras\u0131 komut dosyas\u0131 olu\u015fturmay\u0131 (XSS) ve di\u011fer WordPress g\u00fcvenlik a\u00e7\u0131klar\u0131n\u0131 ve sald\u0131r\u0131lar\u0131n\u0131 durdurun. <\/p>\n","protected":false},"excerpt":{"rendered":"<p>Defender, k\u00f6t\u00fc ama\u00e7l\u0131 yaz\u0131l\u0131m taray\u0131c\u0131, g\u00fcvenlik duvar\u0131, parola korumas\u0131 ve oturum a\u00e7ma g\u00fcvenli\u011fi \u00f6zellikleri dahil olmak \u00fczere WordPress eklenti g\u00fcvenli\u011finde en iyisini sadece birka\u00e7 t\u0131klama ile web sitenize ekler. Defender&#8217;\u0131n antivir\u00fcs taramalar\u0131, IP engelleme, g\u00fcvenlik duvar\u0131, etkinlik g\u00fcnl\u00fc\u011f\u00fc, g\u00fcvenlik g\u00fcnl\u00fc\u011f\u00fc ve iki fakt\u00f6rl\u00fc kimlik do\u011frulama (2FA) oturum a\u00e7ma g\u00fcvenli\u011fi sa\u011flayan k\u00f6t\u00fc ama\u00e7l\u0131 yaz\u0131l\u0131m taray\u0131c\u0131s\u0131 ile [&hellip;]<\/p>\n","protected":false},"featured_media":13321,"comment_status":"open","ping_status":"closed","template":"","meta":[],"product_brand":[],"product_cat":[1413],"product_tag":[1457,1455,1456,1454,1458],"class_list":{"0":"post-13683","1":"product","2":"type-product","3":"status-publish","4":"has-post-thumbnail","6":"product_cat-eklentiler","7":"product_tag-giris-guvenligi","8":"product_tag-guvenlik","9":"product_tag-guvenlik-duvari","10":"product_tag-kotu-amacli-yazilim","11":"product_tag-kotu-amacli-yazilim-tarayicisi","13":"first","14":"instock","15":"downloadable","16":"virtual","17":"product-type-simple"},"_links":{"self":[{"href":"https:\/\/hexexist.com\/tr\/wp-json\/wp\/v2\/product\/13683","targetHints":{"allow":["GET"]}}],"collection":[{"href":"https:\/\/hexexist.com\/tr\/wp-json\/wp\/v2\/product"}],"about":[{"href":"https:\/\/hexexist.com\/tr\/wp-json\/wp\/v2\/types\/product"}],"replies":[{"embeddable":true,"href":"https:\/\/hexexist.com\/tr\/wp-json\/wp\/v2\/comments?post=13683"}],"wp:featuredmedia":[{"embeddable":true,"href":"https:\/\/hexexist.com\/tr\/wp-json\/wp\/v2\/media\/13321"}],"wp:attachment":[{"href":"https:\/\/hexexist.com\/tr\/wp-json\/wp\/v2\/media?parent=13683"}],"wp:term":[{"taxonomy":"product_brand","embeddable":true,"href":"https:\/\/hexexist.com\/tr\/wp-json\/wp\/v2\/product_brand?post=13683"},{"taxonomy":"product_cat","embeddable":true,"href":"https:\/\/hexexist.com\/tr\/wp-json\/wp\/v2\/product_cat?post=13683"},{"taxonomy":"product_tag","embeddable":true,"href":"https:\/\/hexexist.com\/tr\/wp-json\/wp\/v2\/product_tag?post=13683"}],"curies":[{"name":"wp","href":"https:\/\/api.w.org\/{rel}","templated":true}]}}