{"id":13684,"date":"2025-10-09T09:50:51","date_gmt":"2025-10-09T09:50:51","guid":{"rendered":"http:\/\/hexexist.com\/product\/woocommerce-icin-razorpay\/"},"modified":"2025-10-09T09:50:51","modified_gmt":"2025-10-09T09:50:51","slug":"woocommerce-icin-razorpay","status":"publish","type":"product","link":"https:\/\/hexexist.com\/tr\/urun\/woocommerce-icin-razorpay\/","title":{"rendered":"WooCommerce i\u00e7in Razorpay"},"content":{"rendered":"<p>Hindistan&#8217;da kredi kartlar\u0131, banka kartlar\u0131, netbanking, c\u00fczdan ve UPI \u00f6demelerini ve Malezya&#8217;da FPX, eWallets, Duitnow \u00f6demelerini kabul etmenizi sa\u011flar.<\/p>\n","protected":false},"excerpt":{"rendered":"<p>Hindistan&#8217;da kredi kartlar\u0131, banka kartlar\u0131, netbanking, c\u00fczdan ve UPI \u00f6demelerini ve Malezya&#8217;da FPX, eWallets, Duitnow \u00f6demelerini kabul etmenizi sa\u011flar.<\/p>\n","protected":false},"featured_media":13336,"comment_status":"open","ping_status":"closed","template":"","meta":[],"product_brand":[],"product_cat":[1413],"product_tag":[1463,1461,1465,1459],"class_list":{"0":"post-13684","1":"product","2":"type-product","3":"status-publish","4":"has-post-thumbnail","6":"product_cat-eklentiler","7":"product_tag-hindistan","8":"product_tag-odemeler","9":"product_tag-razorpay-tr","10":"product_tag-woocommerce-tr","12":"first","13":"instock","14":"downloadable","15":"virtual","16":"product-type-simple"},"_links":{"self":[{"href":"https:\/\/hexexist.com\/tr\/wp-json\/wp\/v2\/product\/13684","targetHints":{"allow":["GET"]}}],"collection":[{"href":"https:\/\/hexexist.com\/tr\/wp-json\/wp\/v2\/product"}],"about":[{"href":"https:\/\/hexexist.com\/tr\/wp-json\/wp\/v2\/types\/product"}],"replies":[{"embeddable":true,"href":"https:\/\/hexexist.com\/tr\/wp-json\/wp\/v2\/comments?post=13684"}],"wp:featuredmedia":[{"embeddable":true,"href":"https:\/\/hexexist.com\/tr\/wp-json\/wp\/v2\/media\/13336"}],"wp:attachment":[{"href":"https:\/\/hexexist.com\/tr\/wp-json\/wp\/v2\/media?parent=13684"}],"wp:term":[{"taxonomy":"product_brand","embeddable":true,"href":"https:\/\/hexexist.com\/tr\/wp-json\/wp\/v2\/product_brand?post=13684"},{"taxonomy":"product_cat","embeddable":true,"href":"https:\/\/hexexist.com\/tr\/wp-json\/wp\/v2\/product_cat?post=13684"},{"taxonomy":"product_tag","embeddable":true,"href":"https:\/\/hexexist.com\/tr\/wp-json\/wp\/v2\/product_tag?post=13684"}],"curies":[{"name":"wp","href":"https:\/\/api.w.org\/{rel}","templated":true}]}}