{"id":13685,"date":"2025-10-09T09:50:52","date_gmt":"2025-10-09T09:50:52","guid":{"rendered":"http:\/\/hexexist.com\/product\/termsfeed-otomatik-sartlar-gizlilik-politikasi-olusturucu-cerez-onayi-gdpr-ccpa-hukum-ve-kosullar-feragatnameler-cerez-politikasi-eula\/"},"modified":"2025-10-09T09:50:52","modified_gmt":"2025-10-09T09:50:52","slug":"termsfeed-otomatik-sartlar-gizlilik-politikasi-olusturucu-cerez-onayi-gdpr-ccpa-hukum-ve-kosullar-feragatnameler-cerez-politikasi-eula","status":"publish","type":"product","link":"https:\/\/hexexist.com\/tr\/urun\/termsfeed-otomatik-sartlar-gizlilik-politikasi-olusturucu-cerez-onayi-gdpr-ccpa-hukum-ve-kosullar-feragatnameler-cerez-politikasi-eula\/","title":{"rendered":"TermsFeed Otomatik \u015eartlar: Gizlilik Politikas\u0131 Olu\u015fturucu, \u00c7erez Onay\u0131, GDPR, CCPA, H\u00fck\u00fcm ve Ko\u015fullar, Feragatnameler, \u00c7erez Politikas\u0131, EULA"},"content":{"rendered":"<p>TermsFeed AutoTerms, WordPress web sitenizin uymas\u0131 gerekebilecek GDPR, CCPA (CPRA) veya Amazon Associates&#8217;in ba\u011fl\u0131 kurulu\u015f ba\u011flant\u0131lar\u0131 i\u00e7in bir a\u00e7\u0131klama yapma gereklilikleri gibi \u00e7ok \u00e7e\u015fitli yasal gereklilikler konusunda size yard\u0131mc\u0131 olur.<\/p>\n","protected":false},"excerpt":{"rendered":"<p>TermsFeed AutoTerms, WordPress web sitenizin uymas\u0131 gerekebilecek GDPR, CCPA (CPRA) veya Amazon Associates&#8217;in ba\u011fl\u0131 kurulu\u015f ba\u011flant\u0131lar\u0131 i\u00e7in bir a\u00e7\u0131klama yapma gereklilikleri gibi \u00e7ok \u00e7e\u015fitli yasal gereklilikler konusunda size yard\u0131mc\u0131 olur.<\/p>\n","protected":false},"featured_media":13342,"comment_status":"open","ping_status":"closed","template":"","meta":[],"product_brand":[],"product_cat":[1413],"product_tag":[1466,1462,1467,1460,1464],"class_list":{"0":"post-13685","1":"product","2":"type-product","3":"status-publish","4":"has-post-thumbnail","6":"product_cat-eklentiler","7":"product_tag-ccpa-tr","8":"product_tag-gdpr-tr","9":"product_tag-gizlilik-politikasi","10":"product_tag-kurabiye","11":"product_tag-riza","13":"first","14":"instock","15":"downloadable","16":"virtual","17":"product-type-simple"},"_links":{"self":[{"href":"https:\/\/hexexist.com\/tr\/wp-json\/wp\/v2\/product\/13685","targetHints":{"allow":["GET"]}}],"collection":[{"href":"https:\/\/hexexist.com\/tr\/wp-json\/wp\/v2\/product"}],"about":[{"href":"https:\/\/hexexist.com\/tr\/wp-json\/wp\/v2\/types\/product"}],"replies":[{"embeddable":true,"href":"https:\/\/hexexist.com\/tr\/wp-json\/wp\/v2\/comments?post=13685"}],"wp:featuredmedia":[{"embeddable":true,"href":"https:\/\/hexexist.com\/tr\/wp-json\/wp\/v2\/media\/13342"}],"wp:attachment":[{"href":"https:\/\/hexexist.com\/tr\/wp-json\/wp\/v2\/media?parent=13685"}],"wp:term":[{"taxonomy":"product_brand","embeddable":true,"href":"https:\/\/hexexist.com\/tr\/wp-json\/wp\/v2\/product_brand?post=13685"},{"taxonomy":"product_cat","embeddable":true,"href":"https:\/\/hexexist.com\/tr\/wp-json\/wp\/v2\/product_cat?post=13685"},{"taxonomy":"product_tag","embeddable":true,"href":"https:\/\/hexexist.com\/tr\/wp-json\/wp\/v2\/product_tag?post=13685"}],"curies":[{"name":"wp","href":"https:\/\/api.w.org\/{rel}","templated":true}]}}