{"id":13686,"date":"2025-10-09T09:50:51","date_gmt":"2025-10-09T09:50:51","guid":{"rendered":"http:\/\/hexexist.com\/product\/iki-faktorlu\/"},"modified":"2025-10-09T09:50:51","modified_gmt":"2025-10-09T09:50:51","slug":"iki-faktorlu","status":"publish","type":"product","link":"https:\/\/hexexist.com\/tr\/urun\/iki-faktorlu\/","title":{"rendered":"\u0130ki Fakt\u00f6rl\u00fc"},"content":{"rendered":"<p>Kullan\u0131c\u0131lar alt\u0131ndaki \u0130ki Fakt\u00f6rl\u00fc Se\u00e7enekler b\u00f6l\u00fcm\u00fcn\u00fc kullan\u0131n. \u2192 ?Profiliniz ? b\u00f6l\u00fcm\u00fcn\u00fc kullanarak hesab\u0131n\u0131z i\u00e7in bir veya birden fazla iki fakt\u00f6rl\u00fc kimlik do\u011frulama sa\u011flay\u0131c\u0131s\u0131n\u0131 etkinle\u015ftirin ve yap\u0131land\u0131r\u0131n:<\/p>\n","protected":false},"excerpt":{"rendered":"<p>Kullan\u0131c\u0131lar alt\u0131ndaki \u0130ki Fakt\u00f6rl\u00fc Se\u00e7enekler b\u00f6l\u00fcm\u00fcn\u00fc kullan\u0131n. \u2192 ?Profiliniz ? b\u00f6l\u00fcm\u00fcn\u00fc kullanarak hesab\u0131n\u0131z i\u00e7in bir veya birden fazla iki fakt\u00f6rl\u00fc kimlik do\u011frulama sa\u011flay\u0131c\u0131s\u0131n\u0131 etkinle\u015ftirin ve yap\u0131land\u0131r\u0131n:<\/p>\n","protected":false},"featured_media":13335,"comment_status":"open","ping_status":"closed","template":"","meta":[],"product_brand":[],"product_cat":[1413],"product_tag":[1468,1455,1470,1472,1474],"class_list":{"0":"post-13686","1":"product","2":"type-product","3":"status-publish","4":"has-post-thumbnail","6":"product_cat-eklentiler","7":"product_tag-2fa-tr","8":"product_tag-guvenlik","9":"product_tag-kimlik-dogrulama","10":"product_tag-mfa-tr","11":"product_tag-totp-tr","13":"first","14":"instock","15":"downloadable","16":"virtual","17":"product-type-simple"},"_links":{"self":[{"href":"https:\/\/hexexist.com\/tr\/wp-json\/wp\/v2\/product\/13686","targetHints":{"allow":["GET"]}}],"collection":[{"href":"https:\/\/hexexist.com\/tr\/wp-json\/wp\/v2\/product"}],"about":[{"href":"https:\/\/hexexist.com\/tr\/wp-json\/wp\/v2\/types\/product"}],"replies":[{"embeddable":true,"href":"https:\/\/hexexist.com\/tr\/wp-json\/wp\/v2\/comments?post=13686"}],"wp:featuredmedia":[{"embeddable":true,"href":"https:\/\/hexexist.com\/tr\/wp-json\/wp\/v2\/media\/13335"}],"wp:attachment":[{"href":"https:\/\/hexexist.com\/tr\/wp-json\/wp\/v2\/media?parent=13686"}],"wp:term":[{"taxonomy":"product_brand","embeddable":true,"href":"https:\/\/hexexist.com\/tr\/wp-json\/wp\/v2\/product_brand?post=13686"},{"taxonomy":"product_cat","embeddable":true,"href":"https:\/\/hexexist.com\/tr\/wp-json\/wp\/v2\/product_cat?post=13686"},{"taxonomy":"product_tag","embeddable":true,"href":"https:\/\/hexexist.com\/tr\/wp-json\/wp\/v2\/product_tag?post=13686"}],"curies":[{"name":"wp","href":"https:\/\/api.w.org\/{rel}","templated":true}]}}