{"id":13688,"date":"2025-10-09T09:50:52","date_gmt":"2025-10-09T09:50:52","guid":{"rendered":"http:\/\/hexexist.com\/product\/randevular-ve-etkinlik-takvimi-icin-rezervasyon-amelia\/"},"modified":"2026-03-05T08:03:15","modified_gmt":"2026-03-05T08:03:15","slug":"randevular-ve-etkinlik-takvimi-icin-rezervasyon-amelia","status":"publish","type":"product","link":"https:\/\/hexexist.com\/tr\/urun\/randevular-ve-etkinlik-takvimi-icin-rezervasyon-amelia\/","title":{"rendered":"Randevular ve Etkinlik Takvimi i\u00e7in Rezervasyon Amelia"},"content":{"rendered":"<p>WordPress&#8217;te randevular ve etkinlik rezervasyonu i\u00e7in en g\u00fc\u00e7l\u00fc rezervasyon sistemini deneyimleyin! Amelia, \u00e7evrimi\u00e7i randevu planlama ve etkinlik rezervasyon s\u00fcre\u00e7lerini otomatikle\u015ftiren g\u00fcvenilir bir rezervasyon takvimidir. <\/p>\n","protected":false},"excerpt":{"rendered":"<p>WordPress&#8217;te randevular ve etkinlik rezervasyonu i\u00e7in en g\u00fc\u00e7l\u00fc rezervasyon sistemini deneyimleyin! Amelia, \u00e7evrimi\u00e7i randevu planlama ve etkinlik rezervasyon s\u00fcre\u00e7lerini otomatikle\u015ftiren g\u00fcvenilir bir rezervasyon takvimidir.<\/p>\n","protected":false},"featured_media":13340,"comment_status":"open","ping_status":"closed","template":"","meta":[],"product_brand":[],"product_cat":[1413],"product_tag":[1484,1476,1478,1482,1480],"class_list":{"0":"post-13688","1":"product","2":"type-product","3":"status-publish","4":"has-post-thumbnail","6":"product_cat-eklentiler","7":"product_tag-etkinlik-rezervasyon-sistemi","8":"product_tag-randevular","9":"product_tag-rezervasyon","10":"product_tag-rezervasyon-sistemi","11":"product_tag-zamanlama","13":"first","14":"instock","15":"downloadable","16":"virtual","17":"product-type-simple"},"_links":{"self":[{"href":"https:\/\/hexexist.com\/tr\/wp-json\/wp\/v2\/product\/13688","targetHints":{"allow":["GET"]}}],"collection":[{"href":"https:\/\/hexexist.com\/tr\/wp-json\/wp\/v2\/product"}],"about":[{"href":"https:\/\/hexexist.com\/tr\/wp-json\/wp\/v2\/types\/product"}],"replies":[{"embeddable":true,"href":"https:\/\/hexexist.com\/tr\/wp-json\/wp\/v2\/comments?post=13688"}],"wp:featuredmedia":[{"embeddable":true,"href":"https:\/\/hexexist.com\/tr\/wp-json\/wp\/v2\/media\/13340"}],"wp:attachment":[{"href":"https:\/\/hexexist.com\/tr\/wp-json\/wp\/v2\/media?parent=13688"}],"wp:term":[{"taxonomy":"product_brand","embeddable":true,"href":"https:\/\/hexexist.com\/tr\/wp-json\/wp\/v2\/product_brand?post=13688"},{"taxonomy":"product_cat","embeddable":true,"href":"https:\/\/hexexist.com\/tr\/wp-json\/wp\/v2\/product_cat?post=13688"},{"taxonomy":"product_tag","embeddable":true,"href":"https:\/\/hexexist.com\/tr\/wp-json\/wp\/v2\/product_tag?post=13688"}],"curies":[{"name":"wp","href":"https:\/\/api.w.org\/{rel}","templated":true}]}}