{"id":13689,"date":"2025-10-09T09:50:51","date_gmt":"2025-10-09T09:50:51","guid":{"rendered":"http:\/\/hexexist.com\/product\/tidio-canli-sohbet-ve-yapay-zeka-sohbet-robotlari\/"},"modified":"2025-10-09T09:50:51","modified_gmt":"2025-10-09T09:50:51","slug":"tidio-canli-sohbet-ve-yapay-zeka-sohbet-robotlari","status":"publish","type":"product","link":"https:\/\/hexexist.com\/tr\/urun\/tidio-canli-sohbet-ve-yapay-zeka-sohbet-robotlari\/","title":{"rendered":"Tidio Canl\u0131 Sohbet ve Yapay Zeka Sohbet Robotlar\u0131"},"content":{"rendered":"<p>\ud83d\udfe6 Yapay Zeka Sohbet Robotlar\u0131, M\u00fc\u015fteri Deste\u011fi ve Sat\u0131\u015f Ara\u00e7lar\u0131 ile WordPress i\u00e7in Tidio Canl\u0131 Sohbet<\/p>\n","protected":false},"excerpt":{"rendered":"<p>\ud83d\udfe6 Yapay Zeka Sohbet Robotlar\u0131, M\u00fc\u015fteri Deste\u011fi ve Sat\u0131\u015f Ara\u00e7lar\u0131 ile WordPress i\u00e7in Tidio Canl\u0131 Sohbet<\/p>\n","protected":false},"featured_media":13334,"comment_status":"open","ping_status":"closed","template":"","meta":[],"product_brand":[],"product_cat":[1413],"product_tag":[1477,1483,1475,1481,1479],"class_list":{"0":"post-13689","1":"product","2":"type-product","3":"status-publish","4":"has-post-thumbnail","6":"product_cat-eklentiler","7":"product_tag-canli-sohbet","8":"product_tag-livechat-tr","9":"product_tag-sohbet","10":"product_tag-sohbet-robotu","11":"product_tag-ucretsiz-canli-sohbet","13":"first","14":"instock","15":"downloadable","16":"virtual","17":"product-type-simple"},"_links":{"self":[{"href":"https:\/\/hexexist.com\/tr\/wp-json\/wp\/v2\/product\/13689","targetHints":{"allow":["GET"]}}],"collection":[{"href":"https:\/\/hexexist.com\/tr\/wp-json\/wp\/v2\/product"}],"about":[{"href":"https:\/\/hexexist.com\/tr\/wp-json\/wp\/v2\/types\/product"}],"replies":[{"embeddable":true,"href":"https:\/\/hexexist.com\/tr\/wp-json\/wp\/v2\/comments?post=13689"}],"wp:featuredmedia":[{"embeddable":true,"href":"https:\/\/hexexist.com\/tr\/wp-json\/wp\/v2\/media\/13334"}],"wp:attachment":[{"href":"https:\/\/hexexist.com\/tr\/wp-json\/wp\/v2\/media?parent=13689"}],"wp:term":[{"taxonomy":"product_brand","embeddable":true,"href":"https:\/\/hexexist.com\/tr\/wp-json\/wp\/v2\/product_brand?post=13689"},{"taxonomy":"product_cat","embeddable":true,"href":"https:\/\/hexexist.com\/tr\/wp-json\/wp\/v2\/product_cat?post=13689"},{"taxonomy":"product_tag","embeddable":true,"href":"https:\/\/hexexist.com\/tr\/wp-json\/wp\/v2\/product_tag?post=13689"}],"curies":[{"name":"wp","href":"https:\/\/api.w.org\/{rel}","templated":true}]}}