{"id":13690,"date":"2025-10-09T09:50:52","date_gmt":"2025-10-09T09:50:52","guid":{"rendered":"http:\/\/hexexist.com\/product\/yith-woocommerce-ajax-urun-filtresi\/"},"modified":"2025-10-09T09:50:52","modified_gmt":"2025-10-09T09:50:52","slug":"yith-woocommerce-ajax-urun-filtresi","status":"publish","type":"product","link":"https:\/\/hexexist.com\/tr\/urun\/yith-woocommerce-ajax-urun-filtresi\/","title":{"rendered":"YITH WooCommerce Ajax \u00dcr\u00fcn Filtresi"},"content":{"rendered":"<p>E-ticaret \u00fcr\u00fcn filtreleme, m\u00fc\u015fterilerinizin arad\u0131klar\u0131 \u00fcr\u00fcn\u00fc daraltmalar\u0131na ve belirli \u00f6zelliklere (boyut, renk, kategori vb.) g\u00f6re ilgilenebilecekleri \u00fcr\u00fcnleri bulmalar\u0131na yard\u0131mc\u0131 olmak i\u00e7in sahip olunmas\u0131 gereken bir ara\u00e7t\u0131r.<\/p>\n","protected":false},"excerpt":{"rendered":"<p>E-ticaret \u00fcr\u00fcn filtreleme, m\u00fc\u015fterilerinizin arad\u0131klar\u0131 \u00fcr\u00fcn\u00fc daraltmalar\u0131na ve belirli \u00f6zelliklere (boyut, renk, kategori vb.) g\u00f6re ilgilenebilecekleri \u00fcr\u00fcnleri bulmalar\u0131na yard\u0131mc\u0131 olmak i\u00e7in sahip olunmas\u0131 gereken bir ara\u00e7t\u0131r.<\/p>\n","protected":false},"featured_media":13339,"comment_status":"open","ping_status":"closed","template":"","meta":[],"product_brand":[],"product_cat":[1413],"product_tag":[1486,1488,1485,1491,1493],"class_list":{"0":"post-13690","1":"product","2":"type-product","3":"status-publish","4":"has-post-thumbnail","6":"product_cat-eklentiler","7":"product_tag-ajax-urun-filtresi","8":"product_tag-magaza-filtresi","9":"product_tag-urun-filtresi","10":"product_tag-woocommerce-filtresi","11":"product_tag-woocommerce-urun-filtresi","13":"first","14":"instock","15":"downloadable","16":"virtual","17":"product-type-simple"},"_links":{"self":[{"href":"https:\/\/hexexist.com\/tr\/wp-json\/wp\/v2\/product\/13690","targetHints":{"allow":["GET"]}}],"collection":[{"href":"https:\/\/hexexist.com\/tr\/wp-json\/wp\/v2\/product"}],"about":[{"href":"https:\/\/hexexist.com\/tr\/wp-json\/wp\/v2\/types\/product"}],"replies":[{"embeddable":true,"href":"https:\/\/hexexist.com\/tr\/wp-json\/wp\/v2\/comments?post=13690"}],"wp:featuredmedia":[{"embeddable":true,"href":"https:\/\/hexexist.com\/tr\/wp-json\/wp\/v2\/media\/13339"}],"wp:attachment":[{"href":"https:\/\/hexexist.com\/tr\/wp-json\/wp\/v2\/media?parent=13690"}],"wp:term":[{"taxonomy":"product_brand","embeddable":true,"href":"https:\/\/hexexist.com\/tr\/wp-json\/wp\/v2\/product_brand?post=13690"},{"taxonomy":"product_cat","embeddable":true,"href":"https:\/\/hexexist.com\/tr\/wp-json\/wp\/v2\/product_cat?post=13690"},{"taxonomy":"product_tag","embeddable":true,"href":"https:\/\/hexexist.com\/tr\/wp-json\/wp\/v2\/product_tag?post=13690"}],"curies":[{"name":"wp","href":"https:\/\/api.w.org\/{rel}","templated":true}]}}