{"id":13691,"date":"2025-10-09T09:50:51","date_gmt":"2025-10-09T09:50:51","guid":{"rendered":"http:\/\/hexexist.com\/product\/paypal-woocommerce-icin-odeme-eklentileri\/"},"modified":"2025-10-09T09:50:51","modified_gmt":"2025-10-09T09:50:51","slug":"paypal-woocommerce-icin-odeme-eklentileri","status":"publish","type":"product","link":"https:\/\/hexexist.com\/tr\/urun\/paypal-woocommerce-icin-odeme-eklentileri\/","title":{"rendered":"PayPal WooCommerce i\u00e7in \u00d6deme Eklentileri"},"content":{"rendered":"<p>Payment Plugins ve PayPal aras\u0131nda \u00f6zel olarak geli\u015ftirilen PayPal for WooCommerce, PayPal&#8217;\u0131n en yeni API&#8217;leri ile entegre olur. D\u00f6n\u00fc\u015f\u00fcm oranlar\u0131n\u0131 art\u0131rmak i\u00e7in sitenizde PayPal, Pay Later, Venmo veya kredi kartlar\u0131 sunabilirsiniz. Desteklenen bir\u00e7ok \u00f6zellik vard\u0131r, b\u00f6ylece sat\u0131c\u0131lar eklentiyi i\u015f ihtiya\u00e7lar\u0131na uyacak \u015fekilde yap\u0131land\u0131rabilir.  <\/p>\n","protected":false},"excerpt":{"rendered":"<p>Payment Plugins ve PayPal aras\u0131nda \u00f6zel olarak geli\u015ftirilen PayPal for WooCommerce, PayPal&#8217;\u0131n en yeni API&#8217;leri ile entegre olur. D\u00f6n\u00fc\u015f\u00fcm oranlar\u0131n\u0131 art\u0131rmak i\u00e7in sitenizde PayPal, Pay Later, Venmo veya kredi kartlar\u0131 sunabilirsiniz. Desteklenen bir\u00e7ok \u00f6zellik vard\u0131r, b\u00f6ylece sat\u0131c\u0131lar eklentiyi i\u015f ihtiya\u00e7lar\u0131na uyacak \u015fekilde yap\u0131land\u0131rabilir.<\/p>\n","protected":false},"featured_media":13333,"comment_status":"open","ping_status":"closed","template":"","meta":[],"product_brand":[],"product_cat":[1413],"product_tag":[1489,1490,1487,1492],"class_list":{"0":"post-13691","1":"product","2":"type-product","3":"status-publish","4":"has-post-thumbnail","6":"product_cat-eklentiler","7":"product_tag-kredi-kartlari","8":"product_tag-paylater-tr","9":"product_tag-paypal-tr","10":"product_tag-venmo-tr","12":"first","13":"instock","14":"downloadable","15":"virtual","16":"product-type-simple"},"_links":{"self":[{"href":"https:\/\/hexexist.com\/tr\/wp-json\/wp\/v2\/product\/13691","targetHints":{"allow":["GET"]}}],"collection":[{"href":"https:\/\/hexexist.com\/tr\/wp-json\/wp\/v2\/product"}],"about":[{"href":"https:\/\/hexexist.com\/tr\/wp-json\/wp\/v2\/types\/product"}],"replies":[{"embeddable":true,"href":"https:\/\/hexexist.com\/tr\/wp-json\/wp\/v2\/comments?post=13691"}],"wp:featuredmedia":[{"embeddable":true,"href":"https:\/\/hexexist.com\/tr\/wp-json\/wp\/v2\/media\/13333"}],"wp:attachment":[{"href":"https:\/\/hexexist.com\/tr\/wp-json\/wp\/v2\/media?parent=13691"}],"wp:term":[{"taxonomy":"product_brand","embeddable":true,"href":"https:\/\/hexexist.com\/tr\/wp-json\/wp\/v2\/product_brand?post=13691"},{"taxonomy":"product_cat","embeddable":true,"href":"https:\/\/hexexist.com\/tr\/wp-json\/wp\/v2\/product_cat?post=13691"},{"taxonomy":"product_tag","embeddable":true,"href":"https:\/\/hexexist.com\/tr\/wp-json\/wp\/v2\/product_tag?post=13691"}],"curies":[{"name":"wp","href":"https:\/\/api.w.org\/{rel}","templated":true}]}}