{"id":13692,"date":"2025-10-09T09:50:52","date_gmt":"2025-10-09T09:50:52","guid":{"rendered":"http:\/\/hexexist.com\/product\/gonderileri-goruntuleme-kolay-listeler-izgaralar-navigasyon-ve-daha-fazlasi\/"},"modified":"2025-10-09T09:50:52","modified_gmt":"2025-10-09T09:50:52","slug":"gonderileri-goruntuleme-kolay-listeler-izgaralar-navigasyon-ve-daha-fazlasi","status":"publish","type":"product","link":"https:\/\/hexexist.com\/tr\/urun\/gonderileri-goruntuleme-kolay-listeler-izgaralar-navigasyon-ve-daha-fazlasi\/","title":{"rendered":"G\u00f6nderileri G\u00f6r\u00fcnt\u00fcleme Kolay listeler, \u0131zgaralar, navigasyon ve daha fazlas\u0131"},"content":{"rendered":"<p>G\u00f6nderileri G\u00f6r\u00fcnt\u00fcle, web sitenizin her yerinden i\u00e7erikleri kolayca listelemenizi sa\u011flar. En son g\u00f6nderilerinizin bir listesini g\u00f6r\u00fcnt\u00fclemek i\u00e7in i\u00e7erik d\u00fczenleyiciye bu k\u0131sa kodu ekleyerek ba\u015flay\u0131n: <\/p>\n","protected":false},"excerpt":{"rendered":"<p>G\u00f6nderileri G\u00f6r\u00fcnt\u00fcle, web sitenizin her yerinden i\u00e7erikleri kolayca listelemenizi sa\u011flar. En son g\u00f6nderilerinizin bir listesini g\u00f6r\u00fcnt\u00fclemek i\u00e7in i\u00e7erik d\u00fczenleyiciye bu k\u0131sa kodu ekleyerek ba\u015flay\u0131n:<\/p>\n","protected":false},"featured_media":13343,"comment_status":"open","ping_status":"closed","template":"","meta":[],"product_brand":[],"product_cat":[1413],"product_tag":[1494,1496,1499,1495,1500],"class_list":{"0":"post-13692","1":"product","2":"type-product","3":"status-publish","4":"has-post-thumbnail","6":"product_cat-eklentiler","7":"product_tag-gonderiler","8":"product_tag-kisa-kod","9":"product_tag-sayfa","10":"product_tag-sayfalar","11":"product_tag-sorgu","13":"first","14":"instock","15":"downloadable","16":"virtual","17":"product-type-simple"},"_links":{"self":[{"href":"https:\/\/hexexist.com\/tr\/wp-json\/wp\/v2\/product\/13692","targetHints":{"allow":["GET"]}}],"collection":[{"href":"https:\/\/hexexist.com\/tr\/wp-json\/wp\/v2\/product"}],"about":[{"href":"https:\/\/hexexist.com\/tr\/wp-json\/wp\/v2\/types\/product"}],"replies":[{"embeddable":true,"href":"https:\/\/hexexist.com\/tr\/wp-json\/wp\/v2\/comments?post=13692"}],"wp:featuredmedia":[{"embeddable":true,"href":"https:\/\/hexexist.com\/tr\/wp-json\/wp\/v2\/media\/13343"}],"wp:attachment":[{"href":"https:\/\/hexexist.com\/tr\/wp-json\/wp\/v2\/media?parent=13692"}],"wp:term":[{"taxonomy":"product_brand","embeddable":true,"href":"https:\/\/hexexist.com\/tr\/wp-json\/wp\/v2\/product_brand?post=13692"},{"taxonomy":"product_cat","embeddable":true,"href":"https:\/\/hexexist.com\/tr\/wp-json\/wp\/v2\/product_cat?post=13692"},{"taxonomy":"product_tag","embeddable":true,"href":"https:\/\/hexexist.com\/tr\/wp-json\/wp\/v2\/product_tag?post=13692"}],"curies":[{"name":"wp","href":"https:\/\/api.w.org\/{rel}","templated":true}]}}