{"id":13693,"date":"2025-10-09T09:50:52","date_gmt":"2025-10-09T09:50:52","guid":{"rendered":"http:\/\/hexexist.com\/product\/ic-ice-sayfalar\/"},"modified":"2025-10-09T09:50:52","modified_gmt":"2025-10-09T09:50:52","slug":"ic-ice-sayfalar","status":"publish","type":"product","link":"https:\/\/hexexist.com\/tr\/urun\/ic-ice-sayfalar\/","title":{"rendered":"\u0130\u00e7 \u0130\u00e7e Sayfalar"},"content":{"rendered":"<p>Neden \u0130\u00e7 \u0130\u00e7e Sayfalar kullan\u0131lmal\u0131?<\/p>\n","protected":false},"excerpt":{"rendered":"<p>Neden \u0130\u00e7 \u0130\u00e7e Sayfalar kullan\u0131lmal\u0131?<\/p>\n","protected":false},"featured_media":13338,"comment_status":"open","ping_status":"closed","template":"","meta":[],"product_brand":[],"product_cat":[1413],"product_tag":[1501,1497,1498,1495,1444],"class_list":{"0":"post-13693","1":"product","2":"type-product","3":"status-publish","4":"has-post-thumbnail","6":"product_cat-eklentiler","7":"product_tag-agac-gorunumu","8":"product_tag-ic-ice","9":"product_tag-sayfa-agaci","10":"product_tag-sayfalar","11":"product_tag-yonetici","13":"first","14":"instock","15":"downloadable","16":"virtual","17":"product-type-simple"},"_links":{"self":[{"href":"https:\/\/hexexist.com\/tr\/wp-json\/wp\/v2\/product\/13693","targetHints":{"allow":["GET"]}}],"collection":[{"href":"https:\/\/hexexist.com\/tr\/wp-json\/wp\/v2\/product"}],"about":[{"href":"https:\/\/hexexist.com\/tr\/wp-json\/wp\/v2\/types\/product"}],"replies":[{"embeddable":true,"href":"https:\/\/hexexist.com\/tr\/wp-json\/wp\/v2\/comments?post=13693"}],"wp:featuredmedia":[{"embeddable":true,"href":"https:\/\/hexexist.com\/tr\/wp-json\/wp\/v2\/media\/13338"}],"wp:attachment":[{"href":"https:\/\/hexexist.com\/tr\/wp-json\/wp\/v2\/media?parent=13693"}],"wp:term":[{"taxonomy":"product_brand","embeddable":true,"href":"https:\/\/hexexist.com\/tr\/wp-json\/wp\/v2\/product_brand?post=13693"},{"taxonomy":"product_cat","embeddable":true,"href":"https:\/\/hexexist.com\/tr\/wp-json\/wp\/v2\/product_cat?post=13693"},{"taxonomy":"product_tag","embeddable":true,"href":"https:\/\/hexexist.com\/tr\/wp-json\/wp\/v2\/product_tag?post=13693"}],"curies":[{"name":"wp","href":"https:\/\/api.w.org\/{rel}","templated":true}]}}