{"id":13694,"date":"2025-10-09T09:50:58","date_gmt":"2025-10-09T09:50:58","guid":{"rendered":"http:\/\/hexexist.com\/product\/web-hikayeleri\/"},"modified":"2026-03-05T07:52:47","modified_gmt":"2026-03-05T07:52:47","slug":"web-hikayeleri","status":"publish","type":"product","link":"https:\/\/hexexist.com\/tr\/urun\/web-hikayeleri\/","title":{"rendered":"Web Hikayeleri"},"content":{"rendered":"<p>Web Hikayeleri, ilgi \u00e7ekici animasyonlar ve dokunulabilir etkile\u015fimlerle kolayca g\u00f6rsel anlat\u0131lar olu\u015fturman\u0131za ve okuyucular\u0131n\u0131z\u0131 harika ve h\u0131zl\u0131 y\u00fcklenen tam ekran deneyimlere dahil etmenize olanak tan\u0131yan, web i\u00e7in \u00fccretsiz, a\u00e7\u0131k web, g\u00f6rsel hikaye anlat\u0131m\u0131 format\u0131d\u0131r.<\/p>\n","protected":false},"excerpt":{"rendered":"<p>Web Hikayeleri, ilgi \u00e7ekici animasyonlar ve dokunulabilir etkile\u015fimlerle kolayca g\u00f6rsel anlat\u0131lar olu\u015fturman\u0131za ve okuyucular\u0131n\u0131z\u0131 harika ve h\u0131zl\u0131 y\u00fcklenen tam ekran deneyimlere dahil etmenize olanak tan\u0131yan, web i\u00e7in \u00fccretsiz, a\u00e7\u0131k web, g\u00f6rsel hikaye anlat\u0131m\u0131 format\u0131d\u0131r.<\/p>\n","protected":false},"featured_media":13375,"comment_status":"open","ping_status":"closed","template":"","meta":[],"product_brand":[],"product_cat":[1413],"product_tag":[1503,1502,1507,1505,1509],"class_list":{"0":"post-13694","1":"product","2":"type-product","3":"status-publish","4":"has-post-thumbnail","6":"product_cat-eklentiler","7":"product_tag-amp-tr","8":"product_tag-google-tr","9":"product_tag-hikaye-anlaticiligi","10":"product_tag-hikayeler","11":"product_tag-web-hikayeleri","13":"first","14":"instock","15":"downloadable","16":"virtual","17":"product-type-simple"},"_links":{"self":[{"href":"https:\/\/hexexist.com\/tr\/wp-json\/wp\/v2\/product\/13694","targetHints":{"allow":["GET"]}}],"collection":[{"href":"https:\/\/hexexist.com\/tr\/wp-json\/wp\/v2\/product"}],"about":[{"href":"https:\/\/hexexist.com\/tr\/wp-json\/wp\/v2\/types\/product"}],"replies":[{"embeddable":true,"href":"https:\/\/hexexist.com\/tr\/wp-json\/wp\/v2\/comments?post=13694"}],"wp:featuredmedia":[{"embeddable":true,"href":"https:\/\/hexexist.com\/tr\/wp-json\/wp\/v2\/media\/13375"}],"wp:attachment":[{"href":"https:\/\/hexexist.com\/tr\/wp-json\/wp\/v2\/media?parent=13694"}],"wp:term":[{"taxonomy":"product_brand","embeddable":true,"href":"https:\/\/hexexist.com\/tr\/wp-json\/wp\/v2\/product_brand?post=13694"},{"taxonomy":"product_cat","embeddable":true,"href":"https:\/\/hexexist.com\/tr\/wp-json\/wp\/v2\/product_cat?post=13694"},{"taxonomy":"product_tag","embeddable":true,"href":"https:\/\/hexexist.com\/tr\/wp-json\/wp\/v2\/product_tag?post=13694"}],"curies":[{"name":"wp","href":"https:\/\/api.w.org\/{rel}","templated":true}]}}