{"id":13695,"date":"2025-10-09T09:50:53","date_gmt":"2025-10-09T09:50:53","guid":{"rendered":"http:\/\/hexexist.com\/product\/monitor-indir\/"},"modified":"2025-10-09T09:50:53","modified_gmt":"2025-10-09T09:50:53","slug":"monitor-indir","status":"publish","type":"product","link":"https:\/\/hexexist.com\/tr\/urun\/monitor-indir\/","title":{"rendered":"Monit\u00f6r \u0130ndir"},"content":{"rendered":"<p>Download Monitor, indirilebilir dosyalar\u0131 i\u015flemek, yaz\u0131lar\u0131n\u0131za veya sayfalar\u0131n\u0131za indirme ba\u011flant\u0131lar\u0131 eklemek ve indirmeleri izlemek i\u00e7in g\u00fc\u00e7l\u00fc bir indirme y\u00f6neticisi eklentisidir.<\/p>\n","protected":false},"excerpt":{"rendered":"<p>Download Monitor, indirilebilir dosyalar\u0131 i\u015flemek, yaz\u0131lar\u0131n\u0131za veya sayfalar\u0131n\u0131za indirme ba\u011flant\u0131lar\u0131 eklemek ve indirmeleri izlemek i\u00e7in g\u00fc\u00e7l\u00fc bir indirme y\u00f6neticisi eklentisidir.<\/p>\n","protected":false},"featured_media":13344,"comment_status":"open","ping_status":"closed","template":"","meta":[],"product_brand":[],"product_cat":[1413],"product_tag":[1510,1506,1504,1511,1508],"class_list":{"0":"post-13695","1":"product","2":"type-product","3":"status-publish","4":"has-post-thumbnail","6":"product_cat-eklentiler","7":"product_tag-dijital-magaza","8":"product_tag-dosya-yoneticisi","9":"product_tag-e-ticaret","10":"product_tag-indirme-yoneticisi","11":"product_tag-parola-korumasi","13":"first","14":"instock","15":"downloadable","16":"virtual","17":"product-type-simple"},"_links":{"self":[{"href":"https:\/\/hexexist.com\/tr\/wp-json\/wp\/v2\/product\/13695","targetHints":{"allow":["GET"]}}],"collection":[{"href":"https:\/\/hexexist.com\/tr\/wp-json\/wp\/v2\/product"}],"about":[{"href":"https:\/\/hexexist.com\/tr\/wp-json\/wp\/v2\/types\/product"}],"replies":[{"embeddable":true,"href":"https:\/\/hexexist.com\/tr\/wp-json\/wp\/v2\/comments?post=13695"}],"wp:featuredmedia":[{"embeddable":true,"href":"https:\/\/hexexist.com\/tr\/wp-json\/wp\/v2\/media\/13344"}],"wp:attachment":[{"href":"https:\/\/hexexist.com\/tr\/wp-json\/wp\/v2\/media?parent=13695"}],"wp:term":[{"taxonomy":"product_brand","embeddable":true,"href":"https:\/\/hexexist.com\/tr\/wp-json\/wp\/v2\/product_brand?post=13695"},{"taxonomy":"product_cat","embeddable":true,"href":"https:\/\/hexexist.com\/tr\/wp-json\/wp\/v2\/product_cat?post=13695"},{"taxonomy":"product_tag","embeddable":true,"href":"https:\/\/hexexist.com\/tr\/wp-json\/wp\/v2\/product_tag?post=13695"}],"curies":[{"name":"wp","href":"https:\/\/api.w.org\/{rel}","templated":true}]}}