{"id":13696,"date":"2025-10-09T09:50:58","date_gmt":"2025-10-09T09:50:58","guid":{"rendered":"http:\/\/hexexist.com\/product\/unvan-sokucu\/"},"modified":"2025-10-09T09:50:58","modified_gmt":"2025-10-09T09:50:58","slug":"unvan-sokucu","status":"publish","type":"product","link":"https:\/\/hexexist.com\/tr\/urun\/unvan-sokucu\/","title":{"rendered":"Unvan S\u00f6k\u00fcc\u00fc"},"content":{"rendered":"<p>\u00d6nemli: Bu eklenti, ba\u015fl\u0131\u011f\u0131 g\u00f6r\u00fcnt\u00fclemek i\u00e7in \u00f6nerilen WP i\u015flevini kullanan her temayla \u00e7al\u0131\u015f\u0131r. Ba\u015fl\u0131\u011f\u0131 daha az bilinen bir y\u00f6ntem kullanarak g\u00f6r\u00fcnt\u00fcleyen di\u011fer temalar i\u00e7in \u00e7al\u0131\u015fmayabilir. <\/p>\n","protected":false},"excerpt":{"rendered":"<p>\u00d6nemli: Bu eklenti, ba\u015fl\u0131\u011f\u0131 g\u00f6r\u00fcnt\u00fclemek i\u00e7in \u00f6nerilen WP i\u015flevini kullanan her temayla \u00e7al\u0131\u015f\u0131r. Ba\u015fl\u0131\u011f\u0131 daha az bilinen bir y\u00f6ntem kullanarak g\u00f6r\u00fcnt\u00fcleyen di\u011fer temalar i\u00e7in \u00e7al\u0131\u015fmayabilir.<\/p>\n","protected":false},"featured_media":13374,"comment_status":"open","ping_status":"closed","template":"","meta":[],"product_brand":[],"product_cat":[1413],"product_tag":[1512,1516,1518,1514,1513],"class_list":{"0":"post-13696","1":"product","2":"type-product","3":"status-publish","4":"has-post-thumbnail","6":"product_cat-eklentiler","7":"product_tag-basligi-gizle","8":"product_tag-basligi-kaldir","9":"product_tag-baslik","10":"product_tag-gonderi-basligi","11":"product_tag-sayfa-basligi","13":"first","14":"instock","15":"downloadable","16":"virtual","17":"product-type-simple"},"_links":{"self":[{"href":"https:\/\/hexexist.com\/tr\/wp-json\/wp\/v2\/product\/13696","targetHints":{"allow":["GET"]}}],"collection":[{"href":"https:\/\/hexexist.com\/tr\/wp-json\/wp\/v2\/product"}],"about":[{"href":"https:\/\/hexexist.com\/tr\/wp-json\/wp\/v2\/types\/product"}],"replies":[{"embeddable":true,"href":"https:\/\/hexexist.com\/tr\/wp-json\/wp\/v2\/comments?post=13696"}],"wp:featuredmedia":[{"embeddable":true,"href":"https:\/\/hexexist.com\/tr\/wp-json\/wp\/v2\/media\/13374"}],"wp:attachment":[{"href":"https:\/\/hexexist.com\/tr\/wp-json\/wp\/v2\/media?parent=13696"}],"wp:term":[{"taxonomy":"product_brand","embeddable":true,"href":"https:\/\/hexexist.com\/tr\/wp-json\/wp\/v2\/product_brand?post=13696"},{"taxonomy":"product_cat","embeddable":true,"href":"https:\/\/hexexist.com\/tr\/wp-json\/wp\/v2\/product_cat?post=13696"},{"taxonomy":"product_tag","embeddable":true,"href":"https:\/\/hexexist.com\/tr\/wp-json\/wp\/v2\/product_tag?post=13696"}],"curies":[{"name":"wp","href":"https:\/\/api.w.org\/{rel}","templated":true}]}}