{"id":13697,"date":"2025-10-09T09:50:57","date_gmt":"2025-10-09T09:50:57","guid":{"rendered":"http:\/\/hexexist.com\/product\/kk-yildiz-derecelendirmeleri-gonderiyi-degerlendirin-ve-kullanici-geri-bildirimlerini-toplayin\/"},"modified":"2025-10-09T09:50:57","modified_gmt":"2025-10-09T09:50:57","slug":"kk-yildiz-derecelendirmeleri-gonderiyi-degerlendirin-ve-kullanici-geri-bildirimlerini-toplayin","status":"publish","type":"product","link":"https:\/\/hexexist.com\/tr\/urun\/kk-yildiz-derecelendirmeleri-gonderiyi-degerlendirin-ve-kullanici-geri-bildirimlerini-toplayin\/","title":{"rendered":"kk Y\u0131ld\u0131z Derecelendirmeleri G\u00f6nderiyi De\u011ferlendirin ve Kullan\u0131c\u0131 Geri Bildirimlerini Toplay\u0131n"},"content":{"rendered":"<p>kk Star Ratings, wordpress i\u00e7in yayg\u0131n olarak kullan\u0131lan bir y\u0131ld\u0131z derecelendirme eklentisidir. \u0130\u015fte baz\u0131 vurgulanan \u00f6zellikler: <\/p>\n","protected":false},"excerpt":{"rendered":"<p>kk Star Ratings, wordpress i\u00e7in yayg\u0131n olarak kullan\u0131lan bir y\u0131ld\u0131z derecelendirme eklentisidir. \u0130\u015fte baz\u0131 vurgulanan \u00f6zellikler:<\/p>\n","protected":false},"featured_media":13368,"comment_status":"open","ping_status":"closed","template":"","meta":[],"product_brand":[],"product_cat":[1413],"product_tag":[1519,1515,1520,1521,1517],"class_list":{"0":"post-13697","1":"product","2":"type-product","3":"status-publish","4":"has-post-thumbnail","6":"product_cat-eklentiler","7":"product_tag-ajax-derecelendirmeleri","8":"product_tag-geri-bildirim","9":"product_tag-oran-gonderisi","10":"product_tag-oylama","11":"product_tag-yildiz-derecelendirmeleri","13":"first","14":"instock","15":"downloadable","16":"virtual","17":"product-type-simple"},"_links":{"self":[{"href":"https:\/\/hexexist.com\/tr\/wp-json\/wp\/v2\/product\/13697","targetHints":{"allow":["GET"]}}],"collection":[{"href":"https:\/\/hexexist.com\/tr\/wp-json\/wp\/v2\/product"}],"about":[{"href":"https:\/\/hexexist.com\/tr\/wp-json\/wp\/v2\/types\/product"}],"replies":[{"embeddable":true,"href":"https:\/\/hexexist.com\/tr\/wp-json\/wp\/v2\/comments?post=13697"}],"wp:featuredmedia":[{"embeddable":true,"href":"https:\/\/hexexist.com\/tr\/wp-json\/wp\/v2\/media\/13368"}],"wp:attachment":[{"href":"https:\/\/hexexist.com\/tr\/wp-json\/wp\/v2\/media?parent=13697"}],"wp:term":[{"taxonomy":"product_brand","embeddable":true,"href":"https:\/\/hexexist.com\/tr\/wp-json\/wp\/v2\/product_brand?post=13697"},{"taxonomy":"product_cat","embeddable":true,"href":"https:\/\/hexexist.com\/tr\/wp-json\/wp\/v2\/product_cat?post=13697"},{"taxonomy":"product_tag","embeddable":true,"href":"https:\/\/hexexist.com\/tr\/wp-json\/wp\/v2\/product_tag?post=13697"}],"curies":[{"name":"wp","href":"https:\/\/api.w.org\/{rel}","templated":true}]}}