{"id":13698,"date":"2025-10-09T09:50:58","date_gmt":"2025-10-09T09:50:58","guid":{"rendered":"http:\/\/hexexist.com\/product\/basit-css\/"},"modified":"2025-10-09T09:50:58","modified_gmt":"2025-10-09T09:50:58","slug":"basit-css","status":"publish","type":"product","link":"https:\/\/hexexist.com\/tr\/urun\/basit-css\/","title":{"rendered":"Basit CSS"},"content":{"rendered":"<p>Sitenize baz\u0131 \u00f6zel CSS&#8217;ler mi eklemeniz gerekiyor? Simple CSS, CSS&#8217;nizi kolayca ekleyebilmeniz i\u00e7in size harika bir y\u00f6netici edit\u00f6r\u00fc ve \u00d6zelle\u015ftirici&#8217;de canl\u0131 \u00f6nizleme edit\u00f6r\u00fc sunar. <\/p>\n","protected":false},"excerpt":{"rendered":"<p>Sitenize baz\u0131 \u00f6zel CSS&#8217;ler mi eklemeniz gerekiyor? Simple CSS, CSS&#8217;nizi kolayca ekleyebilmeniz i\u00e7in size harika bir y\u00f6netici edit\u00f6r\u00fc ve \u00d6zelle\u015ftirici&#8217;de canl\u0131 \u00f6nizleme edit\u00f6r\u00fc sunar.<\/p>\n","protected":false},"featured_media":13373,"comment_status":"open","ping_status":"closed","template":"","meta":[],"product_brand":[],"product_cat":[1413],"product_tag":[1525,1522,1523],"class_list":{"0":"post-13698","1":"product","2":"type-product","3":"status-publish","4":"has-post-thumbnail","6":"product_cat-eklentiler","7":"product_tag-basit-css","8":"product_tag-css-tr","9":"product_tag-ozel-css","11":"first","12":"instock","13":"downloadable","14":"virtual","15":"product-type-simple"},"_links":{"self":[{"href":"https:\/\/hexexist.com\/tr\/wp-json\/wp\/v2\/product\/13698","targetHints":{"allow":["GET"]}}],"collection":[{"href":"https:\/\/hexexist.com\/tr\/wp-json\/wp\/v2\/product"}],"about":[{"href":"https:\/\/hexexist.com\/tr\/wp-json\/wp\/v2\/types\/product"}],"replies":[{"embeddable":true,"href":"https:\/\/hexexist.com\/tr\/wp-json\/wp\/v2\/comments?post=13698"}],"wp:featuredmedia":[{"embeddable":true,"href":"https:\/\/hexexist.com\/tr\/wp-json\/wp\/v2\/media\/13373"}],"wp:attachment":[{"href":"https:\/\/hexexist.com\/tr\/wp-json\/wp\/v2\/media?parent=13698"}],"wp:term":[{"taxonomy":"product_brand","embeddable":true,"href":"https:\/\/hexexist.com\/tr\/wp-json\/wp\/v2\/product_brand?post=13698"},{"taxonomy":"product_cat","embeddable":true,"href":"https:\/\/hexexist.com\/tr\/wp-json\/wp\/v2\/product_cat?post=13698"},{"taxonomy":"product_tag","embeddable":true,"href":"https:\/\/hexexist.com\/tr\/wp-json\/wp\/v2\/product_tag?post=13698"}],"curies":[{"name":"wp","href":"https:\/\/api.w.org\/{rel}","templated":true}]}}