{"id":13700,"date":"2025-10-09T09:50:58","date_gmt":"2025-10-09T09:50:58","guid":{"rendered":"http:\/\/hexexist.com\/product\/duyarli-menu-mobil-uyumlu-menu-olusturma\/"},"modified":"2026-03-05T07:53:57","modified_gmt":"2026-03-05T07:53:57","slug":"duyarli-menu-mobil-uyumlu-menu-olusturma","status":"publish","type":"product","link":"https:\/\/hexexist.com\/tr\/urun\/duyarli-menu-mobil-uyumlu-menu-olusturma\/","title":{"rendered":"Duyarl\u0131 Men\u00fc Mobil Uyumlu Men\u00fc Olu\u015fturma"},"content":{"rendered":"<p>WordPress i\u00e7in son derece \u00f6zelle\u015ftirilebilir Duyarl\u0131 Men\u00fc Eklentisi. 150&#8217;den fazla \u00f6zelle\u015ftirilebilir se\u00e7enek ile 22.500 se\u00e7ene\u011fin bir kombinasyonunu elde edersiniz! Kullan\u0131m\u0131 kolay bir aray\u00fcz ile kodlama deneyimi veya bilgisi gerekmez, en az zahmetle tam istedi\u011finiz gibi g\u00f6r\u00fcnmesini sa\u011flayabilirsiniz.  <\/p>\n","protected":false},"excerpt":{"rendered":"<p>WordPress i\u00e7in son derece \u00f6zelle\u015ftirilebilir Duyarl\u0131 Men\u00fc Eklentisi. 150&#8217;den fazla \u00f6zelle\u015ftirilebilir se\u00e7enek ile 22.500 se\u00e7ene\u011fin bir kombinasyonunu elde edersiniz! Kullan\u0131m\u0131 kolay bir aray\u00fcz ile kodlama deneyimi veya bilgisi gerekmez, en az zahmetle tam istedi\u011finiz gibi g\u00f6r\u00fcnmesini sa\u011flayabilirsiniz.<\/p>\n","protected":false},"featured_media":13372,"comment_status":"open","ping_status":"closed","template":"","meta":[],"product_brand":[],"product_cat":[1413],"product_tag":[1534,1536,1533,1531,1530],"class_list":{"0":"post-13700","1":"product","2":"type-product","3":"status-publish","4":"has-post-thumbnail","6":"product_cat-eklentiler","7":"product_tag-duyarli","8":"product_tag-hamburger-tr","9":"product_tag-mega-menu-tr","10":"product_tag-mobil","11":"product_tag-navigasyon","13":"first","14":"instock","15":"downloadable","16":"virtual","17":"product-type-simple"},"_links":{"self":[{"href":"https:\/\/hexexist.com\/tr\/wp-json\/wp\/v2\/product\/13700","targetHints":{"allow":["GET"]}}],"collection":[{"href":"https:\/\/hexexist.com\/tr\/wp-json\/wp\/v2\/product"}],"about":[{"href":"https:\/\/hexexist.com\/tr\/wp-json\/wp\/v2\/types\/product"}],"replies":[{"embeddable":true,"href":"https:\/\/hexexist.com\/tr\/wp-json\/wp\/v2\/comments?post=13700"}],"wp:featuredmedia":[{"embeddable":true,"href":"https:\/\/hexexist.com\/tr\/wp-json\/wp\/v2\/media\/13372"}],"wp:attachment":[{"href":"https:\/\/hexexist.com\/tr\/wp-json\/wp\/v2\/media?parent=13700"}],"wp:term":[{"taxonomy":"product_brand","embeddable":true,"href":"https:\/\/hexexist.com\/tr\/wp-json\/wp\/v2\/product_brand?post=13700"},{"taxonomy":"product_cat","embeddable":true,"href":"https:\/\/hexexist.com\/tr\/wp-json\/wp\/v2\/product_cat?post=13700"},{"taxonomy":"product_tag","embeddable":true,"href":"https:\/\/hexexist.com\/tr\/wp-json\/wp\/v2\/product_tag?post=13700"}],"curies":[{"name":"wp","href":"https:\/\/api.w.org\/{rel}","templated":true}]}}