{"id":13701,"date":"2025-10-09T09:50:57","date_gmt":"2025-10-09T09:50:57","guid":{"rendered":"http:\/\/hexexist.com\/product\/elementor-icin-ht-mega-absolute-eklentileri\/"},"modified":"2025-10-09T09:50:57","modified_gmt":"2025-10-09T09:50:57","slug":"elementor-icin-ht-mega-absolute-eklentileri","status":"publish","type":"product","link":"https:\/\/hexexist.com\/tr\/urun\/elementor-icin-ht-mega-absolute-eklentileri\/","title":{"rendered":"Elementor \u0130\u00e7in HT Mega Absolute Eklentileri"},"content":{"rendered":"<p>Elementor&#8217;un yarat\u0131c\u0131l\u0131\u011f\u0131n\u0131z\u0131 engelleyen s\u0131n\u0131rlamalar\u0131ndan b\u0131kt\u0131n\u0131z m\u0131? HT Mega, 135+ profesyonel widget, AI destekli i\u00e7erik yazar\u0131, tema olu\u015fturucu ve 790+ haz\u0131r blok ile t\u00fcm tasar\u0131m potansiyelinizi ortaya \u00e7\u0131karan nihai Elementor eklenti eklentisidir. <\/p>\n","protected":false},"excerpt":{"rendered":"<p>Elementor&#8217;un yarat\u0131c\u0131l\u0131\u011f\u0131n\u0131z\u0131 engelleyen s\u0131n\u0131rlamalar\u0131ndan b\u0131kt\u0131n\u0131z m\u0131? HT Mega, 135+ profesyonel widget, AI destekli i\u00e7erik yazar\u0131, tema olu\u015fturucu ve 790+ haz\u0131r blok ile t\u00fcm tasar\u0131m potansiyelinizi ortaya \u00e7\u0131karan nihai Elementor eklenti eklentisidir.<\/p>\n","protected":false},"featured_media":13366,"comment_status":"open","ping_status":"closed","template":"","meta":[],"product_brand":[],"product_cat":[1413],"product_tag":[1532,1537,1539,1538,1535],"class_list":{"0":"post-13701","1":"product","2":"type-product","3":"status-publish","4":"has-post-thumbnail","6":"product_cat-eklentiler","7":"product_tag-elementor-tr","8":"product_tag-elementor-eklentileri","9":"product_tag-elementor-sablonlari","10":"product_tag-elementor-widgetlari","11":"product_tag-sayfa-olusturucu","13":"first","14":"instock","15":"downloadable","16":"virtual","17":"product-type-simple"},"_links":{"self":[{"href":"https:\/\/hexexist.com\/tr\/wp-json\/wp\/v2\/product\/13701","targetHints":{"allow":["GET"]}}],"collection":[{"href":"https:\/\/hexexist.com\/tr\/wp-json\/wp\/v2\/product"}],"about":[{"href":"https:\/\/hexexist.com\/tr\/wp-json\/wp\/v2\/types\/product"}],"replies":[{"embeddable":true,"href":"https:\/\/hexexist.com\/tr\/wp-json\/wp\/v2\/comments?post=13701"}],"wp:featuredmedia":[{"embeddable":true,"href":"https:\/\/hexexist.com\/tr\/wp-json\/wp\/v2\/media\/13366"}],"wp:attachment":[{"href":"https:\/\/hexexist.com\/tr\/wp-json\/wp\/v2\/media?parent=13701"}],"wp:term":[{"taxonomy":"product_brand","embeddable":true,"href":"https:\/\/hexexist.com\/tr\/wp-json\/wp\/v2\/product_brand?post=13701"},{"taxonomy":"product_cat","embeddable":true,"href":"https:\/\/hexexist.com\/tr\/wp-json\/wp\/v2\/product_cat?post=13701"},{"taxonomy":"product_tag","embeddable":true,"href":"https:\/\/hexexist.com\/tr\/wp-json\/wp\/v2\/product_tag?post=13701"}],"curies":[{"name":"wp","href":"https:\/\/api.w.org\/{rel}","templated":true}]}}