{"id":13702,"date":"2025-10-09T09:50:58","date_gmt":"2025-10-09T09:50:58","guid":{"rendered":"http:\/\/hexexist.com\/product\/gercek-zamanli-bul-ve-degistir\/"},"modified":"2025-10-09T09:50:58","modified_gmt":"2025-10-09T09:50:58","slug":"gercek-zamanli-bul-ve-degistir","status":"publish","type":"product","link":"https:\/\/hexexist.com\/tr\/urun\/gercek-zamanli-bul-ve-degistir\/","title":{"rendered":"Ger\u00e7ek Zamanl\u0131 Bul ve De\u011fi\u015ftir"},"content":{"rendered":"<p>Bu eklenti, bir sayfa kullan\u0131c\u0131n\u0131n taray\u0131c\u0131s\u0131na g\u00f6nderilmeden \u00f6nce temalardan ve di\u011fer eklentilerden gelen kod ve metni dinamik olarak (yani bir sayfa olu\u015fturuldu\u011fu s\u0131rada) se\u00e7ti\u011finiz kod ve metinle de\u011fi\u015ftirmenize olanak tan\u0131r.<\/p>\n","protected":false},"excerpt":{"rendered":"<p>Bu eklenti, bir sayfa kullan\u0131c\u0131n\u0131n taray\u0131c\u0131s\u0131na g\u00f6nderilmeden \u00f6nce temalardan ve di\u011fer eklentilerden gelen kod ve metni dinamik olarak (yani bir sayfa olu\u015fturuldu\u011fu s\u0131rada) se\u00e7ti\u011finiz kod ve metinle de\u011fi\u015ftirmenize olanak tan\u0131r.<\/p>\n","protected":false},"featured_media":13371,"comment_status":"open","ping_status":"closed","template":"","meta":[],"product_brand":[],"product_cat":[1413],"product_tag":[1544,1540,1546,1542],"class_list":{"0":"post-13702","1":"product","2":"type-product","3":"status-publish","4":"has-post-thumbnail","6":"product_cat-eklentiler","7":"product_tag-arama","8":"product_tag-arama-ve-degistirme","9":"product_tag-bul-ve-degistir","10":"product_tag-degistirin","12":"first","13":"instock","14":"downloadable","15":"virtual","16":"product-type-simple"},"_links":{"self":[{"href":"https:\/\/hexexist.com\/tr\/wp-json\/wp\/v2\/product\/13702","targetHints":{"allow":["GET"]}}],"collection":[{"href":"https:\/\/hexexist.com\/tr\/wp-json\/wp\/v2\/product"}],"about":[{"href":"https:\/\/hexexist.com\/tr\/wp-json\/wp\/v2\/types\/product"}],"replies":[{"embeddable":true,"href":"https:\/\/hexexist.com\/tr\/wp-json\/wp\/v2\/comments?post=13702"}],"wp:featuredmedia":[{"embeddable":true,"href":"https:\/\/hexexist.com\/tr\/wp-json\/wp\/v2\/media\/13371"}],"wp:attachment":[{"href":"https:\/\/hexexist.com\/tr\/wp-json\/wp\/v2\/media?parent=13702"}],"wp:term":[{"taxonomy":"product_brand","embeddable":true,"href":"https:\/\/hexexist.com\/tr\/wp-json\/wp\/v2\/product_brand?post=13702"},{"taxonomy":"product_cat","embeddable":true,"href":"https:\/\/hexexist.com\/tr\/wp-json\/wp\/v2\/product_cat?post=13702"},{"taxonomy":"product_tag","embeddable":true,"href":"https:\/\/hexexist.com\/tr\/wp-json\/wp\/v2\/product_tag?post=13702"}],"curies":[{"name":"wp","href":"https:\/\/api.w.org\/{rel}","templated":true}]}}