{"id":13703,"date":"2025-10-09T09:50:57","date_gmt":"2025-10-09T09:50:57","guid":{"rendered":"http:\/\/hexexist.com\/product\/iletisim-formu-7-gorsel-captcha-wpforms-gorsel-captcha-iletisim-formu-7-spam-gorsel-captcha-wpforms-spam-gorsel-captcha-gdpr\/"},"modified":"2025-10-09T09:50:57","modified_gmt":"2025-10-09T09:50:57","slug":"iletisim-formu-7-gorsel-captcha-wpforms-gorsel-captcha-iletisim-formu-7-spam-gorsel-captcha-wpforms-spam-gorsel-captcha-gdpr","status":"publish","type":"product","link":"https:\/\/hexexist.com\/tr\/urun\/iletisim-formu-7-gorsel-captcha-wpforms-gorsel-captcha-iletisim-formu-7-spam-gorsel-captcha-wpforms-spam-gorsel-captcha-gdpr\/","title":{"rendered":"\u0130leti\u015fim Formu 7 G\u00f6rsel CAPTCHA, WPForms G\u00f6rsel CAPTCHA, \u0130leti\u015fim Formu 7 Spam G\u00f6rsel CAPTCHA, WPForms Spam G\u00f6rsel CAPTCHA, GDPR"},"content":{"rendered":"<p>Contact Form 7 veya WPForms formunuza bir SVG resim captcha ve honeypot ekleyin. Yorumumuza g\u00f6re bu CAPTCHA eklentisi GDPR uyumludur \u00e7\u00fcnk\u00fc g\u00f6r\u00fcnt\u00fcler sat\u0131r i\u00e7i SVG&#8217;lerdir ve harici kaynaklar\u0131n indirilmesi ger\u00e7ekle\u015fmez, ayr\u0131ca kullan\u0131c\u0131n\u0131n cihaz\u0131nda hi\u00e7bir \u00e7erez veya ba\u015fka depolama mekanizmas\u0131 kullan\u0131lmaz, bu eklenti Google&#8217;\u0131n ReCAPTCHA&#8217;s\u0131 gibi ek ba\u015fl\u0131k istekleriyle sitenizi yava\u015flatmaz ve kullan\u0131c\u0131lar\u0131n\u0131z\u0131n gizlili\u011fine sayg\u0131 duyar. <\/p>\n","protected":false},"excerpt":{"rendered":"<p>Contact Form 7 veya WPForms formunuza bir SVG resim captcha ve honeypot ekleyin. Yorumumuza g\u00f6re bu CAPTCHA eklentisi GDPR uyumludur \u00e7\u00fcnk\u00fc g\u00f6r\u00fcnt\u00fcler sat\u0131r i\u00e7i SVG&#8217;lerdir ve harici kaynaklar\u0131n indirilmesi ger\u00e7ekle\u015fmez, ayr\u0131ca kullan\u0131c\u0131n\u0131n cihaz\u0131nda hi\u00e7bir \u00e7erez veya ba\u015fka depolama mekanizmas\u0131 kullan\u0131lmaz, bu eklenti Google&#8217;\u0131n ReCAPTCHA&#8217;s\u0131 gibi ek ba\u015fl\u0131k istekleriyle sitenizi yava\u015flatmaz ve kullan\u0131c\u0131lar\u0131n\u0131z\u0131n gizlili\u011fine sayg\u0131 duyar.<\/p>\n","protected":false},"featured_media":13363,"comment_status":"open","ping_status":"closed","template":"","meta":[],"product_brand":[],"product_cat":[1413],"product_tag":[1545,1462,1543,1541,1547],"class_list":{"0":"post-13703","1":"product","2":"type-product","3":"status-publish","4":"has-post-thumbnail","6":"product_cat-eklentiler","7":"product_tag-captcha-tr","8":"product_tag-gdpr-tr","9":"product_tag-iletisim-formu-7","10":"product_tag-spam-tr","11":"product_tag-wpforms-tr","13":"first","14":"instock","15":"downloadable","16":"virtual","17":"product-type-simple"},"_links":{"self":[{"href":"https:\/\/hexexist.com\/tr\/wp-json\/wp\/v2\/product\/13703","targetHints":{"allow":["GET"]}}],"collection":[{"href":"https:\/\/hexexist.com\/tr\/wp-json\/wp\/v2\/product"}],"about":[{"href":"https:\/\/hexexist.com\/tr\/wp-json\/wp\/v2\/types\/product"}],"replies":[{"embeddable":true,"href":"https:\/\/hexexist.com\/tr\/wp-json\/wp\/v2\/comments?post=13703"}],"wp:featuredmedia":[{"embeddable":true,"href":"https:\/\/hexexist.com\/tr\/wp-json\/wp\/v2\/media\/13363"}],"wp:attachment":[{"href":"https:\/\/hexexist.com\/tr\/wp-json\/wp\/v2\/media?parent=13703"}],"wp:term":[{"taxonomy":"product_brand","embeddable":true,"href":"https:\/\/hexexist.com\/tr\/wp-json\/wp\/v2\/product_brand?post=13703"},{"taxonomy":"product_cat","embeddable":true,"href":"https:\/\/hexexist.com\/tr\/wp-json\/wp\/v2\/product_cat?post=13703"},{"taxonomy":"product_tag","embeddable":true,"href":"https:\/\/hexexist.com\/tr\/wp-json\/wp\/v2\/product_tag?post=13703"}],"curies":[{"name":"wp","href":"https:\/\/api.w.org\/{rel}","templated":true}]}}