{"id":13704,"date":"2025-10-09T09:50:58","date_gmt":"2025-10-09T09:50:58","guid":{"rendered":"http:\/\/hexexist.com\/product\/maxbuttons-dugmeler-olusturun\/"},"modified":"2025-10-09T09:50:58","modified_gmt":"2025-10-09T09:50:58","slug":"maxbuttons-dugmeler-olusturun","status":"publish","type":"product","link":"https:\/\/hexexist.com\/tr\/urun\/maxbuttons-dugmeler-olusturun\/","title":{"rendered":"MaxButtons D\u00fc\u011fmeler olu\u015fturun"},"content":{"rendered":"<p>MaxButtons g\u00fc\u00e7l\u00fc bir WordPress d\u00fc\u011fmesi, payla\u015f\u0131m d\u00fc\u011fmesi ve sosyal simge eklentisidir. Bir dakika i\u00e7inde harika g\u00f6r\u00fcn\u00fcml\u00fc CSS3 WordPress d\u00fc\u011fmeleri olu\u015fturun. Kolay anla\u015f\u0131l\u0131r. Canl\u0131 \u00f6nizlemeli d\u00fc\u011fme edit\u00f6r\u00fcm\u00fcz, \u00e7ok k\u0131sa s\u00fcrede harika duyarl\u0131 d\u00fc\u011fmeler olu\u015fturmay\u0131 kolayla\u015ft\u0131r\u0131r. Sosyal payla\u015f\u0131m d\u00fc\u011fmeleri ve sosyal simge \u00f6zellikleri, web sitenize dakikalar i\u00e7inde sosyal se\u00e7enekler eklemenizi sa\u011flar.    <\/p>\n","protected":false},"excerpt":{"rendered":"<p>MaxButtons g\u00fc\u00e7l\u00fc bir WordPress d\u00fc\u011fmesi, payla\u015f\u0131m d\u00fc\u011fmesi ve sosyal simge eklentisidir. Bir dakika i\u00e7inde harika g\u00f6r\u00fcn\u00fcml\u00fc CSS3 WordPress d\u00fc\u011fmeleri olu\u015fturun. Kolay anla\u015f\u0131l\u0131r. Canl\u0131 \u00f6nizlemeli d\u00fc\u011fme edit\u00f6r\u00fcm\u00fcz, \u00e7ok k\u0131sa s\u00fcrede harika duyarl\u0131 d\u00fc\u011fmeler olu\u015fturmay\u0131 kolayla\u015ft\u0131r\u0131r. Sosyal payla\u015f\u0131m d\u00fc\u011fmeleri ve sosyal simge \u00f6zellikleri, web sitenize dakikalar i\u00e7inde sosyal se\u00e7enekler eklemenizi sa\u011flar.<\/p>\n","protected":false},"featured_media":13370,"comment_status":"open","ping_status":"closed","template":"","meta":[],"product_brand":[],"product_cat":[1413],"product_tag":[1548,1549],"class_list":{"0":"post-13704","1":"product","2":"type-product","3":"status-publish","4":"has-post-thumbnail","6":"product_cat-eklentiler","7":"product_tag-duyarli-dugmeler","8":"product_tag-paylas-dugmesi","10":"first","11":"instock","12":"downloadable","13":"virtual","14":"product-type-simple"},"_links":{"self":[{"href":"https:\/\/hexexist.com\/tr\/wp-json\/wp\/v2\/product\/13704","targetHints":{"allow":["GET"]}}],"collection":[{"href":"https:\/\/hexexist.com\/tr\/wp-json\/wp\/v2\/product"}],"about":[{"href":"https:\/\/hexexist.com\/tr\/wp-json\/wp\/v2\/types\/product"}],"replies":[{"embeddable":true,"href":"https:\/\/hexexist.com\/tr\/wp-json\/wp\/v2\/comments?post=13704"}],"wp:featuredmedia":[{"embeddable":true,"href":"https:\/\/hexexist.com\/tr\/wp-json\/wp\/v2\/media\/13370"}],"wp:attachment":[{"href":"https:\/\/hexexist.com\/tr\/wp-json\/wp\/v2\/media?parent=13704"}],"wp:term":[{"taxonomy":"product_brand","embeddable":true,"href":"https:\/\/hexexist.com\/tr\/wp-json\/wp\/v2\/product_brand?post=13704"},{"taxonomy":"product_cat","embeddable":true,"href":"https:\/\/hexexist.com\/tr\/wp-json\/wp\/v2\/product_cat?post=13704"},{"taxonomy":"product_tag","embeddable":true,"href":"https:\/\/hexexist.com\/tr\/wp-json\/wp\/v2\/product_tag?post=13704"}],"curies":[{"name":"wp","href":"https:\/\/api.w.org\/{rel}","templated":true}]}}