{"id":13705,"date":"2025-10-09T09:50:59","date_gmt":"2025-10-09T09:50:59","guid":{"rendered":"http:\/\/hexexist.com\/product\/slimstat-analytics\/"},"modified":"2025-10-09T09:50:59","modified_gmt":"2025-10-09T09:50:59","slug":"slimstat-analytics","status":"publish","type":"product","link":"https:\/\/hexexist.com\/tr\/urun\/slimstat-analytics\/","title":{"rendered":"SlimStat Analytics"},"content":{"rendered":"<p>Geri d\u00f6nen m\u00fc\u015fterileri ve kay\u0131tl\u0131 kullan\u0131c\u0131lar\u0131 takip edin, Javascript etkinliklerini izleyin, izinsiz giri\u015fleri tespit edin, e-posta kampanyalar\u0131n\u0131 analiz edin. Binlerce WordPress sitesi zaten kullan\u0131yor. <\/p>\n","protected":false},"excerpt":{"rendered":"<p>Geri d\u00f6nen m\u00fc\u015fterileri ve kay\u0131tl\u0131 kullan\u0131c\u0131lar\u0131 takip edin, Javascript etkinliklerini izleyin, izinsiz giri\u015fleri tespit edin, e-posta kampanyalar\u0131n\u0131 analiz edin. Binlerce WordPress sitesi zaten kullan\u0131yor.<\/p>\n","protected":false},"featured_media":13379,"comment_status":"open","ping_status":"closed","template":"","meta":[],"product_brand":[],"product_cat":[1413],"product_tag":[1550,1553,1551,1552,1554],"class_list":{"0":"post-13705","1":"product","2":"type-product","3":"status-publish","4":"has-post-thumbnail","6":"product_cat-eklentiler","7":"product_tag-analitik","8":"product_tag-cografi-konum","9":"product_tag-istatistikler","10":"product_tag-izleme","11":"product_tag-raporlar","13":"first","14":"instock","15":"downloadable","16":"virtual","17":"product-type-simple"},"_links":{"self":[{"href":"https:\/\/hexexist.com\/tr\/wp-json\/wp\/v2\/product\/13705","targetHints":{"allow":["GET"]}}],"collection":[{"href":"https:\/\/hexexist.com\/tr\/wp-json\/wp\/v2\/product"}],"about":[{"href":"https:\/\/hexexist.com\/tr\/wp-json\/wp\/v2\/types\/product"}],"replies":[{"embeddable":true,"href":"https:\/\/hexexist.com\/tr\/wp-json\/wp\/v2\/comments?post=13705"}],"wp:featuredmedia":[{"embeddable":true,"href":"https:\/\/hexexist.com\/tr\/wp-json\/wp\/v2\/media\/13379"}],"wp:attachment":[{"href":"https:\/\/hexexist.com\/tr\/wp-json\/wp\/v2\/media?parent=13705"}],"wp:term":[{"taxonomy":"product_brand","embeddable":true,"href":"https:\/\/hexexist.com\/tr\/wp-json\/wp\/v2\/product_brand?post=13705"},{"taxonomy":"product_cat","embeddable":true,"href":"https:\/\/hexexist.com\/tr\/wp-json\/wp\/v2\/product_cat?post=13705"},{"taxonomy":"product_tag","embeddable":true,"href":"https:\/\/hexexist.com\/tr\/wp-json\/wp\/v2\/product_tag?post=13705"}],"curies":[{"name":"wp","href":"https:\/\/api.w.org\/{rel}","templated":true}]}}