{"id":13706,"date":"2025-10-09T09:50:58","date_gmt":"2025-10-09T09:50:58","guid":{"rendered":"http:\/\/hexexist.com\/product\/learnpress-wordpress-lms-eklentisi\/"},"modified":"2025-10-09T09:50:58","modified_gmt":"2025-10-09T09:50:58","slug":"learnpress-wordpress-lms-eklentisi","status":"publish","type":"product","link":"https:\/\/hexexist.com\/tr\/urun\/learnpress-wordpress-lms-eklentisi\/","title":{"rendered":"LearnPress WordPress LMS Eklentisi"},"content":{"rendered":"<p>LearnPress, WordPress i\u00e7in kapsaml\u0131 bir WordPress LMS Eklentisidir. Bu, \u00e7evrimi\u00e7i kurslar\u0131 kolayca olu\u015fturmak ve satmak i\u00e7in kullan\u0131labilecek en iyi WordPress LMS Eklentilerinden biridir. Kullan\u0131c\u0131lar i\u00e7in kullan\u0131m\u0131 kolay bir aray\u00fczle y\u00f6netilen dersler ve s\u0131navlar i\u00e7eren bir kurs m\u00fcfredat\u0131 olu\u015fturabilirsiniz. En yeni \u00f6zelliklerimizle, \u00e7evrimi\u00e7i \u00f6deme a\u011f ge\u00e7itlerini kullanarak y\u00fcz y\u00fcze s\u0131n\u0131flar\u0131n\u0131z\u0131 ve at\u00f6lye \u00e7al\u0131\u015fmalar\u0131n\u0131z\u0131 da satabilirsiniz. Bu WordPress LMS Eklentisine sahip olarak, art\u0131k kodlama bilgisi gerektirmeden h\u0131zl\u0131 ve kolay bir \u015fekilde e\u011fitim, \u00e7evrimi\u00e7i okul, \u00e7evrimi\u00e7i kurs, \u00e7evrimd\u0131\u015f\u0131 kurs web siteleri olu\u015fturma \u015fans\u0131n\u0131z var.    <\/p>\n","protected":false},"excerpt":{"rendered":"<p>LearnPress, WordPress i\u00e7in kapsaml\u0131 bir WordPress LMS Eklentisidir. Bu, \u00e7evrimi\u00e7i kurslar\u0131 kolayca olu\u015fturmak ve satmak i\u00e7in kullan\u0131labilecek en iyi WordPress LMS Eklentilerinden biridir. Kullan\u0131c\u0131lar i\u00e7in kullan\u0131m\u0131 kolay bir aray\u00fczle y\u00f6netilen dersler ve s\u0131navlar i\u00e7eren bir kurs m\u00fcfredat\u0131 olu\u015fturabilirsiniz. En yeni \u00f6zelliklerimizle, \u00e7evrimi\u00e7i \u00f6deme a\u011f ge\u00e7itlerini kullanarak y\u00fcz y\u00fcze s\u0131n\u0131flar\u0131n\u0131z\u0131 ve at\u00f6lye \u00e7al\u0131\u015fmalar\u0131n\u0131z\u0131 da satabilirsiniz. Bu [&hellip;]<\/p>\n","protected":false},"featured_media":13369,"comment_status":"open","ping_status":"closed","template":"","meta":[],"product_brand":[],"product_cat":[1413],"product_tag":[1558,1555,1556,1559,1557],"class_list":{"0":"post-13706","1":"product","2":"type-product","3":"status-publish","4":"has-post-thumbnail","6":"product_cat-eklentiler","7":"product_tag-e-ogrenme","8":"product_tag-egitim","9":"product_tag-lms-tr","10":"product_tag-ogrenme-yonetim-sistemi","11":"product_tag-tabii-ki","13":"first","14":"instock","15":"downloadable","16":"virtual","17":"product-type-simple"},"_links":{"self":[{"href":"https:\/\/hexexist.com\/tr\/wp-json\/wp\/v2\/product\/13706","targetHints":{"allow":["GET"]}}],"collection":[{"href":"https:\/\/hexexist.com\/tr\/wp-json\/wp\/v2\/product"}],"about":[{"href":"https:\/\/hexexist.com\/tr\/wp-json\/wp\/v2\/types\/product"}],"replies":[{"embeddable":true,"href":"https:\/\/hexexist.com\/tr\/wp-json\/wp\/v2\/comments?post=13706"}],"wp:featuredmedia":[{"embeddable":true,"href":"https:\/\/hexexist.com\/tr\/wp-json\/wp\/v2\/media\/13369"}],"wp:attachment":[{"href":"https:\/\/hexexist.com\/tr\/wp-json\/wp\/v2\/media?parent=13706"}],"wp:term":[{"taxonomy":"product_brand","embeddable":true,"href":"https:\/\/hexexist.com\/tr\/wp-json\/wp\/v2\/product_brand?post=13706"},{"taxonomy":"product_cat","embeddable":true,"href":"https:\/\/hexexist.com\/tr\/wp-json\/wp\/v2\/product_cat?post=13706"},{"taxonomy":"product_tag","embeddable":true,"href":"https:\/\/hexexist.com\/tr\/wp-json\/wp\/v2\/product_tag?post=13706"}],"curies":[{"name":"wp","href":"https:\/\/api.w.org\/{rel}","templated":true}]}}