{"id":13707,"date":"2025-10-09T09:50:59","date_gmt":"2025-10-09T09:50:59","guid":{"rendered":"http:\/\/hexexist.com\/product\/wp-gonderi-sayfasi-klonu\/"},"modified":"2025-10-09T09:50:59","modified_gmt":"2025-10-09T09:50:59","slug":"wp-gonderi-sayfasi-klonu","status":"publish","type":"product","link":"https:\/\/hexexist.com\/tr\/urun\/wp-gonderi-sayfasi-klonu\/","title":{"rendered":"WP G\u00f6nderi Sayfas\u0131 Klonu"},"content":{"rendered":"<p>WP Post Page Clone, tek bir t\u0131klamayla yaz\u0131y\u0131 \/ sayfay\u0131 kolayca \u00e7o\u011faltman\u0131za veya klonlaman\u0131za olanak tan\u0131yan bir WordPress eklentisidir.<\/p>\n","protected":false},"excerpt":{"rendered":"<p>WP Post Page Clone, tek bir t\u0131klamayla yaz\u0131y\u0131 \/ sayfay\u0131 kolayca \u00e7o\u011faltman\u0131za veya klonlaman\u0131za olanak tan\u0131yan bir WordPress eklentisidir.<\/p>\n","protected":false},"featured_media":13378,"comment_status":"open","ping_status":"closed","template":"","meta":[],"product_brand":[],"product_cat":[1413],"product_tag":[1440,1439,1438,1436],"class_list":{"0":"post-13707","1":"product","2":"type-product","3":"status-publish","4":"has-post-thumbnail","6":"product_cat-eklentiler","7":"product_tag-klon-postasi","8":"product_tag-klon-sayfasi","9":"product_tag-mukerrer-gonderi","10":"product_tag-yinelenen-sayfa","12":"first","13":"instock","14":"downloadable","15":"virtual","16":"product-type-simple"},"_links":{"self":[{"href":"https:\/\/hexexist.com\/tr\/wp-json\/wp\/v2\/product\/13707","targetHints":{"allow":["GET"]}}],"collection":[{"href":"https:\/\/hexexist.com\/tr\/wp-json\/wp\/v2\/product"}],"about":[{"href":"https:\/\/hexexist.com\/tr\/wp-json\/wp\/v2\/types\/product"}],"replies":[{"embeddable":true,"href":"https:\/\/hexexist.com\/tr\/wp-json\/wp\/v2\/comments?post=13707"}],"wp:featuredmedia":[{"embeddable":true,"href":"https:\/\/hexexist.com\/tr\/wp-json\/wp\/v2\/media\/13378"}],"wp:attachment":[{"href":"https:\/\/hexexist.com\/tr\/wp-json\/wp\/v2\/media?parent=13707"}],"wp:term":[{"taxonomy":"product_brand","embeddable":true,"href":"https:\/\/hexexist.com\/tr\/wp-json\/wp\/v2\/product_brand?post=13707"},{"taxonomy":"product_cat","embeddable":true,"href":"https:\/\/hexexist.com\/tr\/wp-json\/wp\/v2\/product_cat?post=13707"},{"taxonomy":"product_tag","embeddable":true,"href":"https:\/\/hexexist.com\/tr\/wp-json\/wp\/v2\/product_tag?post=13707"}],"curies":[{"name":"wp","href":"https:\/\/api.w.org\/{rel}","templated":true}]}}