{"id":13708,"date":"2025-10-09T09:50:59","date_gmt":"2025-10-09T09:50:59","guid":{"rendered":"http:\/\/hexexist.com\/product\/loco-ceviri-icin-locoai-otomatik-ceviri\/"},"modified":"2025-10-09T09:50:59","modified_gmt":"2025-10-09T09:50:59","slug":"loco-ceviri-icin-locoai-otomatik-ceviri","status":"publish","type":"product","link":"https:\/\/hexexist.com\/tr\/urun\/loco-ceviri-icin-locoai-otomatik-ceviri\/","title":{"rendered":"Loco \u00c7eviri i\u00e7in LocoAI Otomatik \u00c7eviri"},"content":{"rendered":"<p>LocoAI Auto Translate For Loco Translate, Google Translate, DeepL, ChatGPT, Gemini AI ve Chrome Built-in AI gibi \u00fc\u00e7\u00fcnc\u00fc taraf makine \u00e7eviri hizmetlerini kullanarak otomatik \u00e7eviri yetenekleri ekleyerek pop\u00fcler Loco Translate eklentisinin i\u015flevselli\u011fini geli\u015ftiren bir WordPress eklenti uzant\u0131s\u0131d\u0131r.<\/p>\n","protected":false},"excerpt":{"rendered":"<p>LocoAI Auto Translate For Loco Translate, Google Translate, DeepL, ChatGPT, Gemini AI ve Chrome Built-in AI gibi \u00fc\u00e7\u00fcnc\u00fc taraf makine \u00e7eviri hizmetlerini kullanarak otomatik \u00e7eviri yetenekleri ekleyerek pop\u00fcler Loco Translate eklentisinin i\u015flevselli\u011fini geli\u015ftiren bir WordPress eklenti uzant\u0131s\u0131d\u0131r.<\/p>\n","protected":false},"featured_media":13382,"comment_status":"open","ping_status":"closed","template":"","meta":[],"product_brand":[],"product_cat":[1413],"product_tag":[1564,1562,1560,1566,1561],"class_list":{"0":"post-13708","1":"product","2":"type-product","3":"status-publish","4":"has-post-thumbnail","6":"product_cat-eklentiler","7":"product_tag-ai-ceviri","8":"product_tag-chatgpt-tr","9":"product_tag-cok-dilli","10":"product_tag-google-translate-tr","11":"product_tag-tercume-etmek","13":"first","14":"instock","15":"downloadable","16":"virtual","17":"product-type-simple"},"_links":{"self":[{"href":"https:\/\/hexexist.com\/tr\/wp-json\/wp\/v2\/product\/13708","targetHints":{"allow":["GET"]}}],"collection":[{"href":"https:\/\/hexexist.com\/tr\/wp-json\/wp\/v2\/product"}],"about":[{"href":"https:\/\/hexexist.com\/tr\/wp-json\/wp\/v2\/types\/product"}],"replies":[{"embeddable":true,"href":"https:\/\/hexexist.com\/tr\/wp-json\/wp\/v2\/comments?post=13708"}],"wp:featuredmedia":[{"embeddable":true,"href":"https:\/\/hexexist.com\/tr\/wp-json\/wp\/v2\/media\/13382"}],"wp:attachment":[{"href":"https:\/\/hexexist.com\/tr\/wp-json\/wp\/v2\/media?parent=13708"}],"wp:term":[{"taxonomy":"product_brand","embeddable":true,"href":"https:\/\/hexexist.com\/tr\/wp-json\/wp\/v2\/product_brand?post=13708"},{"taxonomy":"product_cat","embeddable":true,"href":"https:\/\/hexexist.com\/tr\/wp-json\/wp\/v2\/product_cat?post=13708"},{"taxonomy":"product_tag","embeddable":true,"href":"https:\/\/hexexist.com\/tr\/wp-json\/wp\/v2\/product_tag?post=13708"}],"curies":[{"name":"wp","href":"https:\/\/api.w.org\/{rel}","templated":true}]}}