{"id":13709,"date":"2025-10-09T09:50:59","date_gmt":"2025-10-09T09:50:59","guid":{"rendered":"http:\/\/hexexist.com\/product\/woocommerce-uzerinde-brezilya-pazari\/"},"modified":"2025-10-09T09:50:59","modified_gmt":"2025-10-09T09:50:59","slug":"woocommerce-uzerinde-brezilya-pazari","status":"publish","type":"product","link":"https:\/\/hexexist.com\/tr\/urun\/woocommerce-uzerinde-brezilya-pazari\/","title":{"rendered":"WooCommerce \u00fczerinde Brezilya Pazar\u0131"},"content":{"rendered":"<p>Pessoa F\u00edsica ou Jur\u00eddica, Data de Nascimento, G\u00e9nnero, N\u00famero, Bairro e Celular i\u00e7in yeni kamplar ekleyin. Ayr\u0131ca kamp\u00fcslerde de\u011fi\u015fiklikler ve e-posta bildirimi de eklenmi\u015ftir. <\/p>\n","protected":false},"excerpt":{"rendered":"<p>Pessoa F\u00edsica ou Jur\u00eddica, Data de Nascimento, G\u00e9nnero, N\u00famero, Bairro e Celular i\u00e7in yeni kamplar ekleyin. Ayr\u0131ca kamp\u00fcslerde de\u011fi\u015fiklikler ve e-posta bildirimi de eklenmi\u015ftir.<\/p>\n","protected":false},"featured_media":13377,"comment_status":"open","ping_status":"closed","template":"","meta":[],"product_brand":[],"product_cat":[1413],"product_tag":[1563,1567,1565,1459],"class_list":{"0":"post-13709","1":"product","2":"type-product","3":"status-publish","4":"has-post-thumbnail","6":"product_cat-eklentiler","7":"product_tag-brezilya","8":"product_tag-cpf-tr","9":"product_tag-odeme","10":"product_tag-woocommerce-tr","12":"first","13":"instock","14":"downloadable","15":"virtual","16":"product-type-simple"},"_links":{"self":[{"href":"https:\/\/hexexist.com\/tr\/wp-json\/wp\/v2\/product\/13709","targetHints":{"allow":["GET"]}}],"collection":[{"href":"https:\/\/hexexist.com\/tr\/wp-json\/wp\/v2\/product"}],"about":[{"href":"https:\/\/hexexist.com\/tr\/wp-json\/wp\/v2\/types\/product"}],"replies":[{"embeddable":true,"href":"https:\/\/hexexist.com\/tr\/wp-json\/wp\/v2\/comments?post=13709"}],"wp:featuredmedia":[{"embeddable":true,"href":"https:\/\/hexexist.com\/tr\/wp-json\/wp\/v2\/media\/13377"}],"wp:attachment":[{"href":"https:\/\/hexexist.com\/tr\/wp-json\/wp\/v2\/media?parent=13709"}],"wp:term":[{"taxonomy":"product_brand","embeddable":true,"href":"https:\/\/hexexist.com\/tr\/wp-json\/wp\/v2\/product_brand?post=13709"},{"taxonomy":"product_cat","embeddable":true,"href":"https:\/\/hexexist.com\/tr\/wp-json\/wp\/v2\/product_cat?post=13709"},{"taxonomy":"product_tag","embeddable":true,"href":"https:\/\/hexexist.com\/tr\/wp-json\/wp\/v2\/product_tag?post=13709"}],"curies":[{"name":"wp","href":"https:\/\/api.w.org\/{rel}","templated":true}]}}