{"id":13710,"date":"2025-10-09T09:50:59","date_gmt":"2025-10-09T09:50:59","guid":{"rendered":"http:\/\/hexexist.com\/product\/adtribes-woocommerce-urun-beslemeleri-ile-woocommerce-icin-urun-besleme-pro\/"},"modified":"2025-10-09T09:50:59","modified_gmt":"2025-10-09T09:50:59","slug":"adtribes-woocommerce-urun-beslemeleri-ile-woocommerce-icin-urun-besleme-pro","status":"publish","type":"product","link":"https:\/\/hexexist.com\/tr\/urun\/adtribes-woocommerce-urun-beslemeleri-ile-woocommerce-icin-urun-besleme-pro\/","title":{"rendered":"AdTribes WooCommerce \u00dcr\u00fcn Beslemeleri ile WooCommerce i\u00e7in \u00dcr\u00fcn Besleme PRO"},"content":{"rendered":"<p>\ud83c\udfc6 T\u00fcm pazarlama kanallar\u0131n\u0131z i\u00e7in WooCommerce \u00fcr\u00fcn beslemeleri olu\u015fturmak i\u00e7in 1 numaral\u0131 eklenti.<\/p>\n","protected":false},"excerpt":{"rendered":"<p>\ud83c\udfc6 T\u00fcm pazarlama kanallar\u0131n\u0131z i\u00e7in WooCommerce \u00fcr\u00fcn beslemeleri olu\u015fturmak i\u00e7in 1 numaral\u0131 eklenti.<\/p>\n","protected":false},"featured_media":13376,"comment_status":"open","ping_status":"closed","template":"","meta":[],"product_brand":[],"product_cat":[1413],"product_tag":[1571,1569,1573],"class_list":{"0":"post-13710","1":"product","2":"type-product","3":"status-publish","4":"has-post-thumbnail","6":"product_cat-eklentiler","7":"product_tag-google-alisveris-akisi","8":"product_tag-urun-beslemesi","9":"product_tag-woocommerce-urun-beslemesi","11":"first","12":"instock","13":"downloadable","14":"virtual","15":"product-type-simple"},"_links":{"self":[{"href":"https:\/\/hexexist.com\/tr\/wp-json\/wp\/v2\/product\/13710","targetHints":{"allow":["GET"]}}],"collection":[{"href":"https:\/\/hexexist.com\/tr\/wp-json\/wp\/v2\/product"}],"about":[{"href":"https:\/\/hexexist.com\/tr\/wp-json\/wp\/v2\/types\/product"}],"replies":[{"embeddable":true,"href":"https:\/\/hexexist.com\/tr\/wp-json\/wp\/v2\/comments?post=13710"}],"wp:featuredmedia":[{"embeddable":true,"href":"https:\/\/hexexist.com\/tr\/wp-json\/wp\/v2\/media\/13376"}],"wp:attachment":[{"href":"https:\/\/hexexist.com\/tr\/wp-json\/wp\/v2\/media?parent=13710"}],"wp:term":[{"taxonomy":"product_brand","embeddable":true,"href":"https:\/\/hexexist.com\/tr\/wp-json\/wp\/v2\/product_brand?post=13710"},{"taxonomy":"product_cat","embeddable":true,"href":"https:\/\/hexexist.com\/tr\/wp-json\/wp\/v2\/product_cat?post=13710"},{"taxonomy":"product_tag","embeddable":true,"href":"https:\/\/hexexist.com\/tr\/wp-json\/wp\/v2\/product_tag?post=13710"}],"curies":[{"name":"wp","href":"https:\/\/api.w.org\/{rel}","templated":true}]}}