{"id":13711,"date":"2025-10-09T09:50:59","date_gmt":"2025-10-09T09:50:59","guid":{"rendered":"http:\/\/hexexist.com\/product\/ajax-search-lite-canli-arama-ve-filtre\/"},"modified":"2026-03-05T07:51:31","modified_gmt":"2026-03-05T07:51:31","slug":"ajax-search-lite-canli-arama-ve-filtre","status":"publish","type":"product","link":"https:\/\/hexexist.com\/tr\/urun\/ajax-search-lite-canli-arama-ve-filtre\/","title":{"rendered":"Ajax Search Lite Canl\u0131 Arama ve Filtre"},"content":{"rendered":"<p>Ajax Search Lite, WordPress i\u00e7in bir canl\u0131 arama eklentisidir. Bu duyarl\u0131 canl\u0131 arama motoru, kullan\u0131c\u0131 dostu bir ajax destekli arama formu canl\u0131 bir arama \u00e7ubu\u011fu sa\u011flayarak kullan\u0131c\u0131 deneyiminizi art\u0131racakt\u0131r. Sonu\u00e7lar\u0131 kategori ve yaz\u0131 t\u00fcr\u00fc filtre kutular\u0131 ile de filtreleyebilirsiniz. Google otomatik tamamlama ve anahtar kelime \u00f6nerileri de dahildir.   <\/p>\n","protected":false},"excerpt":{"rendered":"<p>Ajax Search Lite, WordPress i\u00e7in bir canl\u0131 arama eklentisidir. Bu duyarl\u0131 canl\u0131 arama motoru, kullan\u0131c\u0131 dostu bir ajax destekli arama formu canl\u0131 bir arama \u00e7ubu\u011fu sa\u011flayarak kullan\u0131c\u0131 deneyiminizi art\u0131racakt\u0131r. Sonu\u00e7lar\u0131 kategori ve yaz\u0131 t\u00fcr\u00fc filtre kutular\u0131 ile de filtreleyebilirsiniz. Google otomatik tamamlama ve anahtar kelime \u00f6nerileri de dahildir.<\/p>\n","protected":false},"featured_media":13381,"comment_status":"open","ping_status":"closed","template":"","meta":[],"product_brand":[],"product_cat":[1413],"product_tag":[1544,1574,1572,1568,1570],"class_list":{"0":"post-13711","1":"product","2":"type-product","3":"status-publish","4":"has-post-thumbnail","6":"product_cat-eklentiler","7":"product_tag-arama","8":"product_tag-canli-arama","9":"product_tag-daha-iyi-arama","10":"product_tag-urun-arama","11":"product_tag-woocommerce-arama","13":"first","14":"instock","15":"downloadable","16":"virtual","17":"product-type-simple"},"_links":{"self":[{"href":"https:\/\/hexexist.com\/tr\/wp-json\/wp\/v2\/product\/13711","targetHints":{"allow":["GET"]}}],"collection":[{"href":"https:\/\/hexexist.com\/tr\/wp-json\/wp\/v2\/product"}],"about":[{"href":"https:\/\/hexexist.com\/tr\/wp-json\/wp\/v2\/types\/product"}],"replies":[{"embeddable":true,"href":"https:\/\/hexexist.com\/tr\/wp-json\/wp\/v2\/comments?post=13711"}],"wp:featuredmedia":[{"embeddable":true,"href":"https:\/\/hexexist.com\/tr\/wp-json\/wp\/v2\/media\/13381"}],"wp:attachment":[{"href":"https:\/\/hexexist.com\/tr\/wp-json\/wp\/v2\/media?parent=13711"}],"wp:term":[{"taxonomy":"product_brand","embeddable":true,"href":"https:\/\/hexexist.com\/tr\/wp-json\/wp\/v2\/product_brand?post=13711"},{"taxonomy":"product_cat","embeddable":true,"href":"https:\/\/hexexist.com\/tr\/wp-json\/wp\/v2\/product_cat?post=13711"},{"taxonomy":"product_tag","embeddable":true,"href":"https:\/\/hexexist.com\/tr\/wp-json\/wp\/v2\/product_tag?post=13711"}],"curies":[{"name":"wp","href":"https:\/\/api.w.org\/{rel}","templated":true}]}}