{"id":13712,"date":"2025-10-09T09:51:00","date_gmt":"2025-10-09T09:51:00","guid":{"rendered":"http:\/\/hexexist.com\/product\/metricool\/"},"modified":"2025-10-09T09:51:00","modified_gmt":"2025-10-09T09:51:00","slug":"metricool","status":"publish","type":"product","link":"https:\/\/hexexist.com\/tr\/urun\/metricool\/","title":{"rendered":"Metricool"},"content":{"rendered":"<p>Bu eklenti, WordPress tabanl\u0131 blogunuzu veya web sitenizi Metricool ile ba\u011flaman\u0131z\u0131 sa\u011flar. Metricool, blogunuz ve sosyal profilleriniz hakk\u0131nda metrikler ve analizler sa\u011flayan bir ara\u00e7t\u0131r. Metricool&#8217;u kullanarak tweetlerinizi veya Facebook&#8217;taki g\u00f6nderilerinizi planlayabilirsiniz.  <\/p>\n","protected":false},"excerpt":{"rendered":"<p>Bu eklenti, WordPress tabanl\u0131 blogunuzu veya web sitenizi Metricool ile ba\u011flaman\u0131z\u0131 sa\u011flar. Metricool, blogunuz ve sosyal profilleriniz hakk\u0131nda metrikler ve analizler sa\u011flayan bir ara\u00e7t\u0131r. Metricool&#8217;u kullanarak tweetlerinizi veya Facebook&#8217;taki g\u00f6nderilerinizi planlayabilirsiniz.<\/p>\n","protected":false},"featured_media":13389,"comment_status":"open","ping_status":"closed","template":"","meta":[],"product_brand":[],"product_cat":[1413],"product_tag":[1550,1575,1552,1578],"class_list":{"0":"post-13712","1":"product","2":"type-product","3":"status-publish","4":"has-post-thumbnail","6":"product_cat-eklentiler","7":"product_tag-analitik","8":"product_tag-blog-tr","9":"product_tag-izleme","10":"product_tag-metrikler","12":"first","13":"instock","14":"downloadable","15":"virtual","16":"product-type-simple"},"_links":{"self":[{"href":"https:\/\/hexexist.com\/tr\/wp-json\/wp\/v2\/product\/13712","targetHints":{"allow":["GET"]}}],"collection":[{"href":"https:\/\/hexexist.com\/tr\/wp-json\/wp\/v2\/product"}],"about":[{"href":"https:\/\/hexexist.com\/tr\/wp-json\/wp\/v2\/types\/product"}],"replies":[{"embeddable":true,"href":"https:\/\/hexexist.com\/tr\/wp-json\/wp\/v2\/comments?post=13712"}],"wp:featuredmedia":[{"embeddable":true,"href":"https:\/\/hexexist.com\/tr\/wp-json\/wp\/v2\/media\/13389"}],"wp:attachment":[{"href":"https:\/\/hexexist.com\/tr\/wp-json\/wp\/v2\/media?parent=13712"}],"wp:term":[{"taxonomy":"product_brand","embeddable":true,"href":"https:\/\/hexexist.com\/tr\/wp-json\/wp\/v2\/product_brand?post=13712"},{"taxonomy":"product_cat","embeddable":true,"href":"https:\/\/hexexist.com\/tr\/wp-json\/wp\/v2\/product_cat?post=13712"},{"taxonomy":"product_tag","embeddable":true,"href":"https:\/\/hexexist.com\/tr\/wp-json\/wp\/v2\/product_tag?post=13712"}],"curies":[{"name":"wp","href":"https:\/\/api.w.org\/{rel}","templated":true}]}}