{"id":13713,"date":"2025-10-09T09:50:59","date_gmt":"2025-10-09T09:50:59","guid":{"rendered":"http:\/\/hexexist.com\/product\/gelismis-alinti\/"},"modified":"2025-10-09T09:50:59","modified_gmt":"2025-10-09T09:50:59","slug":"gelismis-alinti","status":"publish","type":"product","link":"https:\/\/hexexist.com\/tr\/urun\/gelismis-alinti\/","title":{"rendered":"Geli\u015fmi\u015f Al\u0131nt\u0131"},"content":{"rendered":"<p>Bu eklenti, WordPress&#8217;in varsay\u0131lan al\u0131nt\u0131 olu\u015fturma y\u00f6ntemine \u00e7e\u015fitli iyile\u015ftirmeler ekler.<\/p>\n","protected":false},"excerpt":{"rendered":"<p>Bu eklenti, WordPress&#8217;in varsay\u0131lan al\u0131nt\u0131 olu\u015fturma y\u00f6ntemine \u00e7e\u015fitli iyile\u015ftirmeler ekler.<\/p>\n","protected":false},"featured_media":13380,"comment_status":"open","ping_status":"closed","template":"","meta":[],"product_brand":[],"product_cat":[1413],"product_tag":[1580,1576,1581,1577,1579],"class_list":{"0":"post-13713","1":"product","2":"type-product","3":"status-publish","4":"has-post-thumbnail","6":"product_cat-eklentiler","7":"product_tag-alinti","8":"product_tag-bicimlendirme","9":"product_tag-gonderi-alintisi","10":"product_tag-icerik","11":"product_tag-post-tr","13":"first","14":"instock","15":"downloadable","16":"virtual","17":"product-type-simple"},"_links":{"self":[{"href":"https:\/\/hexexist.com\/tr\/wp-json\/wp\/v2\/product\/13713","targetHints":{"allow":["GET"]}}],"collection":[{"href":"https:\/\/hexexist.com\/tr\/wp-json\/wp\/v2\/product"}],"about":[{"href":"https:\/\/hexexist.com\/tr\/wp-json\/wp\/v2\/types\/product"}],"replies":[{"embeddable":true,"href":"https:\/\/hexexist.com\/tr\/wp-json\/wp\/v2\/comments?post=13713"}],"wp:featuredmedia":[{"embeddable":true,"href":"https:\/\/hexexist.com\/tr\/wp-json\/wp\/v2\/media\/13380"}],"wp:attachment":[{"href":"https:\/\/hexexist.com\/tr\/wp-json\/wp\/v2\/media?parent=13713"}],"wp:term":[{"taxonomy":"product_brand","embeddable":true,"href":"https:\/\/hexexist.com\/tr\/wp-json\/wp\/v2\/product_brand?post=13713"},{"taxonomy":"product_cat","embeddable":true,"href":"https:\/\/hexexist.com\/tr\/wp-json\/wp\/v2\/product_cat?post=13713"},{"taxonomy":"product_tag","embeddable":true,"href":"https:\/\/hexexist.com\/tr\/wp-json\/wp\/v2\/product_tag?post=13713"}],"curies":[{"name":"wp","href":"https:\/\/api.w.org\/{rel}","templated":true}]}}