{"id":13714,"date":"2025-10-09T09:51:00","date_gmt":"2025-10-09T09:51:00","guid":{"rendered":"http:\/\/hexexist.com\/product\/woocommerce-icin-musteri-yorumlari\/"},"modified":"2025-10-09T09:51:00","modified_gmt":"2025-10-09T09:51:00","slug":"woocommerce-icin-musteri-yorumlari","status":"publish","type":"product","link":"https:\/\/hexexist.com\/tr\/urun\/woocommerce-icin-musteri-yorumlari\/","title":{"rendered":"WooCommerce i\u00e7in M\u00fc\u015fteri Yorumlar\u0131"},"content":{"rendered":"<p>Mutlu m\u00fc\u015fteriler en iyi pazarlamac\u0131lar\u0131n\u0131zd\u0131r. \u00d6yleyse neden onlardan bir yorum b\u0131rakmalar\u0131n\u0131 istemiyorsunuz? <\/p>\n","protected":false},"excerpt":{"rendered":"<p>Mutlu m\u00fc\u015fteriler en iyi pazarlamac\u0131lar\u0131n\u0131zd\u0131r. \u00d6yleyse neden onlardan bir yorum b\u0131rakmalar\u0131n\u0131 istemiyorsunuz?<\/p>\n","protected":false},"featured_media":13383,"comment_status":"open","ping_status":"closed","template":"","meta":[],"product_brand":[],"product_cat":[1413],"product_tag":[1586,1588,1584,1582,1459],"class_list":{"0":"post-13714","1":"product","2":"type-product","3":"status-publish","4":"has-post-thumbnail","6":"product_cat-eklentiler","7":"product_tag-eklentiyi-gozden-gecirin","8":"product_tag-gozden-gecirme-hatirlatmasi","9":"product_tag-indirim-icin-gozden-gecirin","10":"product_tag-musteri-yorumlari","11":"product_tag-woocommerce-tr","13":"first","14":"instock","15":"downloadable","16":"virtual","17":"product-type-simple"},"_links":{"self":[{"href":"https:\/\/hexexist.com\/tr\/wp-json\/wp\/v2\/product\/13714","targetHints":{"allow":["GET"]}}],"collection":[{"href":"https:\/\/hexexist.com\/tr\/wp-json\/wp\/v2\/product"}],"about":[{"href":"https:\/\/hexexist.com\/tr\/wp-json\/wp\/v2\/types\/product"}],"replies":[{"embeddable":true,"href":"https:\/\/hexexist.com\/tr\/wp-json\/wp\/v2\/comments?post=13714"}],"wp:featuredmedia":[{"embeddable":true,"href":"https:\/\/hexexist.com\/tr\/wp-json\/wp\/v2\/media\/13383"}],"wp:attachment":[{"href":"https:\/\/hexexist.com\/tr\/wp-json\/wp\/v2\/media?parent=13714"}],"wp:term":[{"taxonomy":"product_brand","embeddable":true,"href":"https:\/\/hexexist.com\/tr\/wp-json\/wp\/v2\/product_brand?post=13714"},{"taxonomy":"product_cat","embeddable":true,"href":"https:\/\/hexexist.com\/tr\/wp-json\/wp\/v2\/product_cat?post=13714"},{"taxonomy":"product_tag","embeddable":true,"href":"https:\/\/hexexist.com\/tr\/wp-json\/wp\/v2\/product_tag?post=13714"}],"curies":[{"name":"wp","href":"https:\/\/api.w.org\/{rel}","templated":true}]}}