{"id":13715,"date":"2025-10-09T09:51:00","date_gmt":"2025-10-09T09:51:00","guid":{"rendered":"http:\/\/hexexist.com\/product\/meta-etiket-yoneticisi\/"},"modified":"2025-10-09T09:51:00","modified_gmt":"2025-10-09T09:51:00","slug":"meta-etiket-yoneticisi","status":"publish","type":"product","link":"https:\/\/hexexist.com\/tr\/urun\/meta-etiket-yoneticisi\/","title":{"rendered":"Meta Etiket Y\u00f6neticisi"},"content":{"rendered":"<p>Meta Tags Manager, sitenize \u00f6zel meta etiketler eklemenizi sa\u011flayan g\u00fc\u00e7l\u00fc ancak basit, hafif bir eklentidir. \u00d6zellikler \u015funlar\u0131 i\u00e7erir: <\/p>\n","protected":false},"excerpt":{"rendered":"<p>Meta Tags Manager, sitenize \u00f6zel meta etiketler eklemenizi sa\u011flayan g\u00fc\u00e7l\u00fc ancak basit, hafif bir eklentidir. \u00d6zellikler \u015funlar\u0131 i\u00e7erir:<\/p>\n","protected":false},"featured_media":13388,"comment_status":"open","ping_status":"closed","template":"","meta":[],"product_brand":[],"product_cat":[1413],"product_tag":[1587,1590,1585,1589,1583],"class_list":{"0":"post-13715","1":"product","2":"type-product","3":"status-publish","4":"has-post-thumbnail","6":"product_cat-eklentiler","7":"product_tag-acik-grafik","8":"product_tag-etiketler","9":"product_tag-meta-tr","10":"product_tag-meta-etiketler","11":"product_tag-seo-tr","13":"first","14":"instock","15":"downloadable","16":"virtual","17":"product-type-simple"},"_links":{"self":[{"href":"https:\/\/hexexist.com\/tr\/wp-json\/wp\/v2\/product\/13715","targetHints":{"allow":["GET"]}}],"collection":[{"href":"https:\/\/hexexist.com\/tr\/wp-json\/wp\/v2\/product"}],"about":[{"href":"https:\/\/hexexist.com\/tr\/wp-json\/wp\/v2\/types\/product"}],"replies":[{"embeddable":true,"href":"https:\/\/hexexist.com\/tr\/wp-json\/wp\/v2\/comments?post=13715"}],"wp:featuredmedia":[{"embeddable":true,"href":"https:\/\/hexexist.com\/tr\/wp-json\/wp\/v2\/media\/13388"}],"wp:attachment":[{"href":"https:\/\/hexexist.com\/tr\/wp-json\/wp\/v2\/media?parent=13715"}],"wp:term":[{"taxonomy":"product_brand","embeddable":true,"href":"https:\/\/hexexist.com\/tr\/wp-json\/wp\/v2\/product_brand?post=13715"},{"taxonomy":"product_cat","embeddable":true,"href":"https:\/\/hexexist.com\/tr\/wp-json\/wp\/v2\/product_cat?post=13715"},{"taxonomy":"product_tag","embeddable":true,"href":"https:\/\/hexexist.com\/tr\/wp-json\/wp\/v2\/product_tag?post=13715"}],"curies":[{"name":"wp","href":"https:\/\/api.w.org\/{rel}","templated":true}]}}