{"id":13716,"date":"2025-10-09T09:51:01","date_gmt":"2025-10-09T09:51:01","guid":{"rendered":"http:\/\/hexexist.com\/product\/hizli-sayfa-posta-yonlendirme-eklentisi\/"},"modified":"2025-10-09T09:51:01","modified_gmt":"2025-10-09T09:51:01","slug":"hizli-sayfa-posta-yonlendirme-eklentisi","status":"publish","type":"product","link":"https:\/\/hexexist.com\/tr\/urun\/hizli-sayfa-posta-yonlendirme-eklentisi\/","title":{"rendered":"H\u0131zl\u0131 Sayfa\/Posta Y\u00f6nlendirme Eklentisi"},"content":{"rendered":"<p>G\u00fcncel S\u00fcr\u00fcm 5.2.4<\/p>\n","protected":false},"excerpt":{"rendered":"<p>G\u00fcncel S\u00fcr\u00fcm 5.2.4<\/p>\n","protected":false},"featured_media":13392,"comment_status":"open","ping_status":"closed","template":"","meta":[],"product_brand":[],"product_cat":[1413],"product_tag":[1591,1594,1595,1585,1593],"class_list":{"0":"post-13716","1":"product","2":"type-product","3":"status-publish","4":"has-post-thumbnail","6":"product_cat-eklentiler","7":"product_tag-301-tr","8":"product_tag-302-tr","9":"product_tag-ileri","10":"product_tag-meta-tr","11":"product_tag-yonlendirme","13":"first","14":"instock","15":"downloadable","16":"virtual","17":"product-type-simple"},"_links":{"self":[{"href":"https:\/\/hexexist.com\/tr\/wp-json\/wp\/v2\/product\/13716","targetHints":{"allow":["GET"]}}],"collection":[{"href":"https:\/\/hexexist.com\/tr\/wp-json\/wp\/v2\/product"}],"about":[{"href":"https:\/\/hexexist.com\/tr\/wp-json\/wp\/v2\/types\/product"}],"replies":[{"embeddable":true,"href":"https:\/\/hexexist.com\/tr\/wp-json\/wp\/v2\/comments?post=13716"}],"wp:featuredmedia":[{"embeddable":true,"href":"https:\/\/hexexist.com\/tr\/wp-json\/wp\/v2\/media\/13392"}],"wp:attachment":[{"href":"https:\/\/hexexist.com\/tr\/wp-json\/wp\/v2\/media?parent=13716"}],"wp:term":[{"taxonomy":"product_brand","embeddable":true,"href":"https:\/\/hexexist.com\/tr\/wp-json\/wp\/v2\/product_brand?post=13716"},{"taxonomy":"product_cat","embeddable":true,"href":"https:\/\/hexexist.com\/tr\/wp-json\/wp\/v2\/product_cat?post=13716"},{"taxonomy":"product_tag","embeddable":true,"href":"https:\/\/hexexist.com\/tr\/wp-json\/wp\/v2\/product_tag?post=13716"}],"curies":[{"name":"wp","href":"https:\/\/api.w.org\/{rel}","templated":true}]}}