{"id":13717,"date":"2025-10-09T09:51:00","date_gmt":"2025-10-09T09:51:00","guid":{"rendered":"http:\/\/hexexist.com\/product\/jupiter-x-cekirdek\/"},"modified":"2025-10-09T09:51:00","modified_gmt":"2025-10-09T09:51:00","slug":"jupiter-x-cekirdek","status":"publish","type":"product","link":"https:\/\/hexexist.com\/tr\/urun\/jupiter-x-cekirdek\/","title":{"rendered":"J\u00fcpiter X \u00c7ekirdek"},"content":{"rendered":"<p>Jupiter X Core eklentisi, Jupiter X temas\u0131 i\u00e7in gerekli \u00e7ekirdek i\u015flevselli\u011fi sa\u011flar. T\u00fcm Jupiter X kullan\u0131c\u0131lar\u0131n\u0131n teman\u0131n t\u00fcm \u00f6zelliklerini kullanabilmeleri i\u00e7in bu eklentiyi y\u00fcklemeleri ve etkinle\u015ftirmeleri gerekir. <\/p>\n","protected":false},"excerpt":{"rendered":"<p>Jupiter X Core eklentisi, Jupiter X temas\u0131 i\u00e7in gerekli \u00e7ekirdek i\u015flevselli\u011fi sa\u011flar. T\u00fcm Jupiter X kullan\u0131c\u0131lar\u0131n\u0131n teman\u0131n t\u00fcm \u00f6zelliklerini kullanabilmeleri i\u00e7in bu eklentiyi y\u00fcklemeleri ve etkinle\u015ftirmeleri gerekir.<\/p>\n","protected":false},"featured_media":13387,"comment_status":"open","ping_status":"closed","template":"","meta":[],"product_brand":[],"product_cat":[1413],"product_tag":[1592],"class_list":{"0":"post-13717","1":"product","2":"type-product","3":"status-publish","4":"has-post-thumbnail","6":"product_cat-eklentiler","7":"product_tag-islevsellik","9":"first","10":"instock","11":"downloadable","12":"virtual","13":"product-type-simple"},"_links":{"self":[{"href":"https:\/\/hexexist.com\/tr\/wp-json\/wp\/v2\/product\/13717","targetHints":{"allow":["GET"]}}],"collection":[{"href":"https:\/\/hexexist.com\/tr\/wp-json\/wp\/v2\/product"}],"about":[{"href":"https:\/\/hexexist.com\/tr\/wp-json\/wp\/v2\/types\/product"}],"replies":[{"embeddable":true,"href":"https:\/\/hexexist.com\/tr\/wp-json\/wp\/v2\/comments?post=13717"}],"wp:featuredmedia":[{"embeddable":true,"href":"https:\/\/hexexist.com\/tr\/wp-json\/wp\/v2\/media\/13387"}],"wp:attachment":[{"href":"https:\/\/hexexist.com\/tr\/wp-json\/wp\/v2\/media?parent=13717"}],"wp:term":[{"taxonomy":"product_brand","embeddable":true,"href":"https:\/\/hexexist.com\/tr\/wp-json\/wp\/v2\/product_brand?post=13717"},{"taxonomy":"product_cat","embeddable":true,"href":"https:\/\/hexexist.com\/tr\/wp-json\/wp\/v2\/product_cat?post=13717"},{"taxonomy":"product_tag","embeddable":true,"href":"https:\/\/hexexist.com\/tr\/wp-json\/wp\/v2\/product_tag?post=13717"}],"curies":[{"name":"wp","href":"https:\/\/api.w.org\/{rel}","templated":true}]}}