{"id":13718,"date":"2025-10-09T09:51:00","date_gmt":"2025-10-09T09:51:00","guid":{"rendered":"http:\/\/hexexist.com\/product\/urlden-one-cikarilan-gorsel-fifu\/"},"modified":"2026-03-05T07:49:26","modified_gmt":"2026-03-05T07:49:26","slug":"urlden-one-cikarilan-gorsel-fifu","status":"publish","type":"product","link":"https:\/\/hexexist.com\/tr\/urun\/urlden-one-cikarilan-gorsel-fifu\/","title":{"rendered":"URL&#8217;den \u00d6ne \u00c7\u0131kar\u0131lan G\u00f6rsel (FIFU)"},"content":{"rendered":"<p>FIFU eklentisi, 2015 y\u0131l\u0131ndan bu yana d\u00fcnya \u00e7ap\u0131nda binlerce web sitesinin depolama, i\u015fleme ve telif haklar\u0131ndan tasarruf etmesine yard\u0131mc\u0131 oldu.<\/p>\n","protected":false},"excerpt":{"rendered":"<p>FIFU eklentisi, 2015 y\u0131l\u0131ndan bu yana d\u00fcnya \u00e7ap\u0131nda binlerce web sitesinin depolama, i\u015fleme ve telif haklar\u0131ndan tasarruf etmesine yard\u0131mc\u0131 oldu.<\/p>\n","protected":false},"featured_media":13386,"comment_status":"open","ping_status":"closed","template":"","meta":[],"product_brand":[],"product_cat":[1413],"product_tag":[1596,1599,1597,1598,1459],"class_list":{"0":"post-13718","1":"product","2":"type-product","3":"status-publish","4":"has-post-thumbnail","6":"product_cat-eklentiler","7":"product_tag-image-tr","8":"product_tag-ozellikli","9":"product_tag-url-tr","10":"product_tag-video-tr","11":"product_tag-woocommerce-tr","13":"first","14":"instock","15":"downloadable","16":"virtual","17":"product-type-simple"},"_links":{"self":[{"href":"https:\/\/hexexist.com\/tr\/wp-json\/wp\/v2\/product\/13718","targetHints":{"allow":["GET"]}}],"collection":[{"href":"https:\/\/hexexist.com\/tr\/wp-json\/wp\/v2\/product"}],"about":[{"href":"https:\/\/hexexist.com\/tr\/wp-json\/wp\/v2\/types\/product"}],"replies":[{"embeddable":true,"href":"https:\/\/hexexist.com\/tr\/wp-json\/wp\/v2\/comments?post=13718"}],"wp:featuredmedia":[{"embeddable":true,"href":"https:\/\/hexexist.com\/tr\/wp-json\/wp\/v2\/media\/13386"}],"wp:attachment":[{"href":"https:\/\/hexexist.com\/tr\/wp-json\/wp\/v2\/media?parent=13718"}],"wp:term":[{"taxonomy":"product_brand","embeddable":true,"href":"https:\/\/hexexist.com\/tr\/wp-json\/wp\/v2\/product_brand?post=13718"},{"taxonomy":"product_cat","embeddable":true,"href":"https:\/\/hexexist.com\/tr\/wp-json\/wp\/v2\/product_cat?post=13718"},{"taxonomy":"product_tag","embeddable":true,"href":"https:\/\/hexexist.com\/tr\/wp-json\/wp\/v2\/product_tag?post=13718"}],"curies":[{"name":"wp","href":"https:\/\/api.w.org\/{rel}","templated":true}]}}