{"id":13719,"date":"2025-10-09T09:51:01","date_gmt":"2025-10-09T09:51:01","guid":{"rendered":"http:\/\/hexexist.com\/product\/onesignal-web-push-bildirimleri\/"},"modified":"2025-10-09T09:51:01","modified_gmt":"2025-10-09T09:51:01","slug":"onesignal-web-push-bildirimleri","status":"publish","type":"product","link":"https:\/\/hexexist.com\/tr\/urun\/onesignal-web-push-bildirimleri\/","title":{"rendered":"OneSignal Web Push Bildirimleri"},"content":{"rendered":"<p>OneSignal, kullan\u0131c\u0131 etkile\u015fimini art\u0131rman\u0131n kolay bir yoludur. OneSignal&#8217;\u0131 kullanarak ziyaret\u00e7ilere hedefli anl\u0131k bildirimler g\u00f6nderin, b\u00f6ylece geri gelmeye devam etsinler. Kurulumu sadece birka\u00e7 dakika s\u00fcrer.  <\/p>\n","protected":false},"excerpt":{"rendered":"<p>OneSignal, kullan\u0131c\u0131 etkile\u015fimini art\u0131rman\u0131n kolay bir yoludur. OneSignal&#8217;\u0131 kullanarak ziyaret\u00e7ilere hedefli anl\u0131k bildirimler g\u00f6nderin, b\u00f6ylece geri gelmeye devam etsinler. Kurulumu sadece birka\u00e7 dakika s\u00fcrer.<\/p>\n","protected":false},"featured_media":13391,"comment_status":"open","ping_status":"closed","template":"","meta":[],"product_brand":[],"product_cat":[1413],"product_tag":[1603,1604,1600,1601,1602],"class_list":{"0":"post-13719","1":"product","2":"type-product","3":"status-publish","4":"has-post-thumbnail","6":"product_cat-eklentiler","7":"product_tag-anlik-bildirim","8":"product_tag-anlik-bildirimler","9":"product_tag-krom-itme","10":"product_tag-masaustu-bildirimleri","11":"product_tag-mobil-bildirimler","13":"first","14":"instock","15":"downloadable","16":"virtual","17":"product-type-simple"},"_links":{"self":[{"href":"https:\/\/hexexist.com\/tr\/wp-json\/wp\/v2\/product\/13719","targetHints":{"allow":["GET"]}}],"collection":[{"href":"https:\/\/hexexist.com\/tr\/wp-json\/wp\/v2\/product"}],"about":[{"href":"https:\/\/hexexist.com\/tr\/wp-json\/wp\/v2\/types\/product"}],"replies":[{"embeddable":true,"href":"https:\/\/hexexist.com\/tr\/wp-json\/wp\/v2\/comments?post=13719"}],"wp:featuredmedia":[{"embeddable":true,"href":"https:\/\/hexexist.com\/tr\/wp-json\/wp\/v2\/media\/13391"}],"wp:attachment":[{"href":"https:\/\/hexexist.com\/tr\/wp-json\/wp\/v2\/media?parent=13719"}],"wp:term":[{"taxonomy":"product_brand","embeddable":true,"href":"https:\/\/hexexist.com\/tr\/wp-json\/wp\/v2\/product_brand?post=13719"},{"taxonomy":"product_cat","embeddable":true,"href":"https:\/\/hexexist.com\/tr\/wp-json\/wp\/v2\/product_cat?post=13719"},{"taxonomy":"product_tag","embeddable":true,"href":"https:\/\/hexexist.com\/tr\/wp-json\/wp\/v2\/product_tag?post=13719"}],"curies":[{"name":"wp","href":"https:\/\/api.w.org\/{rel}","templated":true}]}}