{"id":13722,"date":"2025-10-09T09:51:00","date_gmt":"2025-10-09T09:51:00","guid":{"rendered":"http:\/\/hexexist.com\/product\/e-posta-gunlugu\/"},"modified":"2025-10-09T09:51:00","modified_gmt":"2025-10-09T09:51:00","slug":"e-posta-gunlugu","status":"publish","type":"product","link":"https:\/\/hexexist.com\/tr\/urun\/e-posta-gunlugu\/","title":{"rendered":"E-posta G\u00fcnl\u00fc\u011f\u00fc"},"content":{"rendered":"<p>Email Log, WordPress&#8217;ten g\u00f6nderilen t\u00fcm e-postalar\u0131 kolayca g\u00fcnl\u00fc\u011fe kaydetmenize ve g\u00f6r\u00fcnt\u00fclemenize olanak tan\u0131yan bir WordPress eklentisidir.<\/p>\n","protected":false},"excerpt":{"rendered":"<p>Email Log, WordPress&#8217;ten g\u00f6nderilen t\u00fcm e-postalar\u0131 kolayca g\u00fcnl\u00fc\u011fe kaydetmenize ve g\u00f6r\u00fcnt\u00fclemenize olanak tan\u0131yan bir WordPress eklentisidir.<\/p>\n","protected":false},"featured_media":13385,"comment_status":"open","ping_status":"closed","template":"","meta":[],"product_brand":[],"product_cat":[1413],"product_tag":[1605,1609,1606,1607],"class_list":{"0":"post-13722","1":"product","2":"type-product","3":"status-publish","4":"has-post-thumbnail","6":"product_cat-eklentiler","7":"product_tag-e-posta","8":"product_tag-e-posta-gunlugu-tr","9":"product_tag-e-posta-gunlugu","10":"product_tag-log-tr","12":"first","13":"instock","14":"downloadable","15":"virtual","16":"product-type-simple"},"_links":{"self":[{"href":"https:\/\/hexexist.com\/tr\/wp-json\/wp\/v2\/product\/13722","targetHints":{"allow":["GET"]}}],"collection":[{"href":"https:\/\/hexexist.com\/tr\/wp-json\/wp\/v2\/product"}],"about":[{"href":"https:\/\/hexexist.com\/tr\/wp-json\/wp\/v2\/types\/product"}],"replies":[{"embeddable":true,"href":"https:\/\/hexexist.com\/tr\/wp-json\/wp\/v2\/comments?post=13722"}],"wp:featuredmedia":[{"embeddable":true,"href":"https:\/\/hexexist.com\/tr\/wp-json\/wp\/v2\/media\/13385"}],"wp:attachment":[{"href":"https:\/\/hexexist.com\/tr\/wp-json\/wp\/v2\/media?parent=13722"}],"wp:term":[{"taxonomy":"product_brand","embeddable":true,"href":"https:\/\/hexexist.com\/tr\/wp-json\/wp\/v2\/product_brand?post=13722"},{"taxonomy":"product_cat","embeddable":true,"href":"https:\/\/hexexist.com\/tr\/wp-json\/wp\/v2\/product_cat?post=13722"},{"taxonomy":"product_tag","embeddable":true,"href":"https:\/\/hexexist.com\/tr\/wp-json\/wp\/v2\/product_tag?post=13722"}],"curies":[{"name":"wp","href":"https:\/\/api.w.org\/{rel}","templated":true}]}}